{"id":1264,"date":"2021-05-11T19:48:54","date_gmt":"2021-05-11T22:48:54","guid":{"rendered":"http:\/\/serie20y20.com.ar\/armando-alonso\/?post_type=product&#038;p=1264"},"modified":"2026-03-30T10:39:28","modified_gmt":"2026-03-30T13:39:28","slug":"teoria-escalas-simetricas","status":"publish","type":"product","link":"https:\/\/serie20y20.com.ar\/armando-alonso\/en\/product\/teoria-escalas-simetricas\/","title":{"rendered":"TEORIA \/ ESCALAS SIMETRICAS"},"content":{"rendered":"<p style=\"text-align: center;\"><strong>Pr\u00e1ctica y din\u00e1mica metodolog\u00eda de trabajo tanto para el<br \/>\nalumno autodidacta, <\/strong><strong>como as\u00ed tambi\u00e9n para el profesor en clase.<\/strong><\/p>\n<hr \/>\n<p><strong>CONTENIDOS<br \/>\n<\/strong><br \/>\nCon su compra\u00a0 <strong>(PDF de 45 p\u00e1ginas &#8211; 229 MB)<\/strong> Usted adquiere adem\u00e1s:<\/p>\n<p><strong>\u00a0 \u00a0 *\u00a0 35 Lecciones.<\/strong>\u00a0<em><em><em><em><em><em><em><em>( Estructura, Aplicaci\u00f3n, Superposici\u00f3n de Tr\u00edadas y Frases musicales)<\/em><\/em><\/em><\/em><\/em><\/em><\/em><\/em><\/p>\n<p><strong>\u00a0 \u00a0 *\u00a0 Ejercicios.<\/strong><em><em><em><em><em><em><em><em> (Modal y Progresiones de Acordes)<\/em><\/em><\/em><\/em><\/em><\/em><\/em><\/em><\/p>\n<p><strong><strong><strong><strong><strong><strong><strong><strong>\u00a0 \u00a0 *\u00a0 119 Audios &amp; Pistas de Pr\u00e1ctica.<\/strong><\/strong><\/strong><\/strong><\/strong><\/strong><\/strong><\/strong><\/p>\n<p><strong>\u00a0 \u00a0 *\u00a0 Cuadro Resumen.<\/strong> <em>( S\u00edntesis final )<\/em><\/p>\n<hr \/>\n<p><strong>OBJETIVOS Y PROPOSITOS<\/strong><\/p>\n<p>El presente libro de <strong>Teor\u00eda \/ Escalas Sim\u00e9tricas dirigido a todos los instrumentistas,<\/strong> incluye las <strong>4 escalas sim\u00e9tricas de uso<\/strong> m\u00e1s frecuente en la m\u00fasica popular, siendo \u00e9stas: <strong>Sim\u00e9trica Dominante, Sim\u00e9trica Disminuida, Tonal y Aumentada.<\/strong><\/p>\n<p>Cada una de las mismas ser\u00e1n <strong>desarrolladas en detalle, desde el an\u00e1lisis de su estructura, las tr\u00edadas y arpegios de s\u00e9tima que genera, su uso como parte de una composici\u00f3n y su aplicaci\u00f3n sobre diferentes\u00a0tipos de acordes y situaciones arm\u00f3nicas al momento de improvisar.<\/strong><\/p>\n<p>Es importante tener en cuenta que el conocimiento y la consecuente aplicaci\u00f3n de cada una de las cuatro escalas, <strong>ampliar\u00e1n de manera considerable nuestro lenguaje musical a la hora de componer o improvisar.<\/strong><\/p>\n<p>En l\u00edneas generales, si bien el <strong>acorde disminuido y el acorde maj7 tienen su espacio, el acorde dominante es el protagonista adem\u00e1s de otras opciones de aplicaci\u00f3n que ser\u00e1n mencionadas.<\/strong><\/p>\n<p><strong>Importante a tener en cuenta:<\/strong> En el presente libro con el fin de facilitar la lectura musical <strong>se utilizan enarmon\u00edas<\/strong>. <strong>Ejemplo:<\/strong> la nota o sonido <strong>Eb<\/strong> sobre <strong>C7<\/strong> ser\u00e1 analizada como <strong>#9<\/strong> dado que <strong>Eb<\/strong> <strong>es enarm\u00f3nico de D#.<\/strong><\/p>\n<hr \/>\n<p><strong>CONTENIDOS<\/strong><\/p>\n<p>El libro en cada una de las <strong>4 escalas<\/strong> desarrolla los siguientes ejes:<\/p>\n<p>Definici\u00f3n y Estructura.<\/p>\n<p><strong>\u00a0 \u00a0*\u00a0 Usos:<\/strong> Como parte de la composici\u00f3n y su aplicaci\u00f3n en la improvisaci\u00f3n.<\/p>\n<p><strong>\u00a0 \u00a0*\u00a0 Estructuras:<\/strong> tr\u00edadas y arpegios de s\u00e9ptima que genera cada escala.<\/p>\n<p><strong>\u00a0 \u00a0*\u00a0 Ejercitaci\u00f3n:<\/strong> Entrenamiento de cada una de las escalas sobre un tipo de acorde (Modal) y sobre progresiones\u00a0 \u00a0 arm\u00f3nicas.<\/p>\n<p><strong>\u00a0 \u00a0*\u00a0 Patrones:<\/strong> Ideas sobre cada una de las escalas como punto de partida para la creaci\u00f3n de frases musicales.<\/p>\n<p><strong>\u00a0 \u00a0*\u00a0 Los Cuadros S\u00edntesis y res\u00famenes<\/strong>, nos dan la posibilidad de tener toda la informaci\u00f3n organizada para una permanente, r\u00e1pida y f\u00e1cil consulta.<\/p>\n<hr \/>\n<p><strong>119 AUDIOS<\/strong><\/p>\n<p>Con el objetivo de <strong>apreciar el sonido generado de cada una de las escalas<\/strong>, es esencial la escucha de los audios incluidos en cada uno de los ejes antes mencionados.<\/p>\n<p>Para m\u00e1s informaci\u00f3n consulte al autor escribiendo a:<span style=\"color: #3366ff;\"> <a style=\"color: #3366ff;\" href=\"mailto:contacto@armandoalonso.com.ar\">contacto@armandoalonso.com.ar<\/a><\/span><\/p>\n<hr \/>\n<h2><strong>Libros Relacionados<\/strong><\/h2>\n<p><a href=\"https:\/\/serie20y20.com.ar\/armando-alonso\/product\/teoria-superposicion-de-triadas-1\/\"><img loading=\"lazy\" class=\"alignnone size-medium wp-image-1265\" src=\"http:\/\/serie20y20.com.ar\/armando-alonso\/wp-content\/uploads\/2021\/05\/01-212x300.jpg\" alt=\"\" width=\"212\" height=\"300\" srcset=\"https:\/\/serie20y20.com.ar\/armando-alonso\/wp-content\/uploads\/2021\/05\/01-212x300.jpg 212w, https:\/\/serie20y20.com.ar\/armando-alonso\/wp-content\/uploads\/2021\/05\/01-768x1086.jpg 768w, https:\/\/serie20y20.com.ar\/armando-alonso\/wp-content\/uploads\/2021\/05\/01-724x1024.jpg 724w, https:\/\/serie20y20.com.ar\/armando-alonso\/wp-content\/uploads\/2021\/05\/01-555x785.jpg 555w\" sizes=\"(max-width: 212px) 100vw, 212px\" \/><\/a> <a href=\"https:\/\/serie20y20.com.ar\/armando-alonso\/product\/teoria-superposicion-de-triadas-2\/\"><img loading=\"lazy\" class=\"alignnone size-medium wp-image-1266\" src=\"http:\/\/serie20y20.com.ar\/armando-alonso\/wp-content\/uploads\/2021\/05\/02-212x300.jpg\" alt=\"\" width=\"212\" height=\"300\" srcset=\"https:\/\/serie20y20.com.ar\/armando-alonso\/wp-content\/uploads\/2021\/05\/02-212x300.jpg 212w, https:\/\/serie20y20.com.ar\/armando-alonso\/wp-content\/uploads\/2021\/05\/02-768x1086.jpg 768w, https:\/\/serie20y20.com.ar\/armando-alonso\/wp-content\/uploads\/2021\/05\/02-724x1024.jpg 724w, https:\/\/serie20y20.com.ar\/armando-alonso\/wp-content\/uploads\/2021\/05\/02-555x785.jpg 555w\" sizes=\"(max-width: 212px) 100vw, 212px\" \/><\/a> <a href=\"https:\/\/serie20y20.com.ar\/armando-alonso\/product\/teoria-triadas-pares-1\/\"><img loading=\"lazy\" class=\"alignnone size-medium wp-image-1267\" src=\"http:\/\/serie20y20.com.ar\/armando-alonso\/wp-content\/uploads\/2021\/05\/03-212x300.jpg\" alt=\"\" width=\"212\" height=\"300\" srcset=\"https:\/\/serie20y20.com.ar\/armando-alonso\/wp-content\/uploads\/2021\/05\/03-212x300.jpg 212w, https:\/\/serie20y20.com.ar\/armando-alonso\/wp-content\/uploads\/2021\/05\/03-768x1086.jpg 768w, https:\/\/serie20y20.com.ar\/armando-alonso\/wp-content\/uploads\/2021\/05\/03-724x1024.jpg 724w, https:\/\/serie20y20.com.ar\/armando-alonso\/wp-content\/uploads\/2021\/05\/03-555x785.jpg 555w\" sizes=\"(max-width: 212px) 100vw, 212px\" \/><\/a><\/p>\n<p>&nbsp;<\/p>\n","protected":false},"excerpt":{"rendered":"<p><iframe loading=\"lazy\" title=\"YouTube video player\" src=\"https:\/\/www.youtube.com\/embed\/kGnWWAwJGJg\" width=\"560\" height=\"315\" frameborder=\"0\" allowfullscreen=\"allowfullscreen\"><\/iframe><\/p>\n","protected":false},"featured_media":1268,"comment_status":"open","ping_status":"closed","template":"","meta":[],"_links":{"self":[{"href":"https:\/\/serie20y20.com.ar\/armando-alonso\/en\/wp-json\/wp\/v2\/product\/1264"}],"collection":[{"href":"https:\/\/serie20y20.com.ar\/armando-alonso\/en\/wp-json\/wp\/v2\/product"}],"about":[{"href":"https:\/\/serie20y20.com.ar\/armando-alonso\/en\/wp-json\/wp\/v2\/types\/product"}],"replies":[{"embeddable":true,"href":"https:\/\/serie20y20.com.ar\/armando-alonso\/en\/wp-json\/wp\/v2\/comments?post=1264"}],"wp:featuredmedia":[{"embeddable":true,"href":"https:\/\/serie20y20.com.ar\/armando-alonso\/en\/wp-json\/wp\/v2\/media\/1268"}],"wp:attachment":[{"href":"https:\/\/serie20y20.com.ar\/armando-alonso\/en\/wp-json\/wp\/v2\/media?parent=1264"}],"curies":[{"name":"wp","href":"https:\/\/api.w.org\/{rel}","templated":true}]}}