{"id":1279,"date":"2021-05-11T20:04:44","date_gmt":"2021-05-11T23:04:44","guid":{"rendered":"http:\/\/serie20y20.com.ar\/armando-alonso\/?post_type=product&#038;p=1279"},"modified":"2022-06-08T10:44:50","modified_gmt":"2022-06-08T13:44:50","slug":"teoria-escalas-simetricas-version-gratuita","status":"publish","type":"product","link":"https:\/\/serie20y20.com.ar\/armando-alonso\/en\/product\/teoria-escalas-simetricas-version-gratuita\/","title":{"rendered":"TEORIA \/ ESCALAS SIMETRICAS \u2013 VERSION GRATUITA"},"content":{"rendered":"<h3 style=\"text-align: center;\" align=\"center\"><strong>Si lo desea puede comprar el Libro Completo haciendo <span style=\"color: #3366ff;\"><a style=\"color: #3366ff;\" href=\"https:\/\/serie20y20.com.ar\/armando-alonso\/product\/teoria-escalas-simetricas\/\">CLIC AQUI<\/a><\/span><\/strong><\/h3>\n<hr \/>\n<p><strong>Pr\u00e1ctica y din\u00e1mica metodolog\u00eda de trabajo tanto para el alumno autodidacta,\u00a0<\/strong><strong>como as\u00ed tambi\u00e9n para el profesor en clase.<\/strong><\/p>\n<hr \/>\n<p><strong>CONTENIDO<\/strong><\/p>\n<p>Usted est\u00e1 descargando la\u00a0<strong><span style=\"color: #ff0000;\">VERSI\u00d3N\u00a0GRATUITA<\/span><\/strong> (PDF de 17 p\u00e1ginas &#8211; 16.8 MB) la cual\u00a0<strong><span style=\"color: #ff0000;\">NO CONTIENE<\/span>:<\/strong><\/p>\n<p><span style=\"color: #ff0000;\"><strong>\u00a0 \u00a0*\u00a0 \u00a031 Lecciones restantes<\/strong> <em>( Estructura, Aplicaci\u00f3n, Superposici\u00f3n de Tr\u00edadas y Frases musicales )<\/em><\/span><\/p>\n<p><span style=\"color: #ff0000;\"><strong>\u00a0 \u00a0*\u00a0 \u00a0Ejercicios<\/strong> <em>(Modal y Progresiones de Acordes)<\/em><\/span><\/p>\n<p><strong><span style=\"color: #ff0000;\">\u00a0 \u00a0*\u00a0 \u00a0119 Audios &amp; Pistas de Practica<\/span><\/strong><\/p>\n<p><span style=\"color: #ff0000;\"><strong>\u00a0 \u00a0*\u00a0 Cuadro Resumen<\/strong><em> ( S\u00edntesis final )<\/em><\/span><strong><span style=\"color: #ff0000;\">\u00a0<\/span>\u00a0<\/strong><\/p>\n<hr \/>\n<p><strong>OBJETIVOS Y PROPOSITOS<\/strong><\/p>\n<p>El presente libro de <strong>Teor\u00eda \/ Escalas Sim\u00e9tricas dirigido a todos los instrumentistas,<\/strong> incluye las <strong>4 escalas sim\u00e9tricas de uso<\/strong> m\u00e1s frecuente en la m\u00fasica popular, siendo \u00e9stas: <strong>Sim\u00e9trica Dominante, Sim\u00e9trica Disminuida, Tonal y Aumentada.<\/strong><\/p>\n<p>Cada una de las mismas ser\u00e1n <strong>desarrolladas en detalle, desde el an\u00e1lisis de su estructura, las tr\u00edadas y arpegios de s\u00e9tima que genera, su uso como parte de una composici\u00f3n y su aplicaci\u00f3n sobre diferentes\u00a0tipos de acordes y situaciones arm\u00f3nicas al momento de improvisar.<\/strong><\/p>\n<p>Es importante tener en cuenta que el conocimiento y la consecuente aplicaci\u00f3n de cada una de las cuatro escalas, <strong>ampliar\u00e1n de manera considerable nuestro lenguaje musical a la hora de componer o improvisar.<\/strong><\/p>\n<p>En l\u00edneas generales, si bien el <strong>acorde disminuido y el acorde maj7 tienen su espacio, el acorde dominante es el protagonista adem\u00e1s de otras opciones de aplicaci\u00f3n que ser\u00e1n mencionadas.<\/strong><\/p>\n<p><strong>Importante a tener en cuenta:<\/strong> En el presente libro con el fin de facilitar la lectura musical <strong>se utilizan enarmon\u00edas<\/strong>. <strong>Ejemplo:<\/strong> la nota o sonido <strong>Eb<\/strong> sobre <strong>C7<\/strong> ser\u00e1 analizada como <strong>#9<\/strong> dado que <strong>Eb<\/strong> <strong>es enarm\u00f3nico de D#.<\/strong><\/p>\n<hr \/>\n<p><strong>CONTENIDOS<\/strong><\/p>\n<p>El libro en cada una de las <strong>4 escalas<\/strong> desarrolla los siguientes ejes:<\/p>\n<p>Definici\u00f3n y Estructura.<\/p>\n<p><strong>\u00a0 \u00a0*\u00a0 Usos:<\/strong> Como parte de la composici\u00f3n y su aplicaci\u00f3n en la improvisaci\u00f3n.<\/p>\n<p><strong>\u00a0 \u00a0*\u00a0 Estructuras:<\/strong> tr\u00edadas y arpegios de s\u00e9ptima que genera cada escala.<\/p>\n<p><strong>\u00a0 \u00a0*\u00a0 Ejercitaci\u00f3n:<\/strong> Entrenamiento de cada una de las escalas sobre un tipo de acorde (Modal) y sobre progresiones\u00a0 \u00a0 arm\u00f3nicas.<\/p>\n<p><strong>\u00a0 \u00a0*\u00a0 Patrones:<\/strong> Ideas sobre cada una de las escalas como punto de partida para la creaci\u00f3n de frases musicales.<\/p>\n<p><strong>\u00a0 \u00a0*\u00a0 Los Cuadros S\u00edntesis y res\u00famenes<\/strong>, nos dan la posibilidad de tener toda la informaci\u00f3n organizada para una permanente, r\u00e1pida y f\u00e1cil consulta.<\/p>\n<hr \/>\n<p>Para m\u00e1s informaci\u00f3n consulte al autor escribiendo a: <span style=\"color: #3366ff;\"><a style=\"color: #3366ff;\" href=\"mailto:contacto@armandoalonso.com.ar\">contacto@armandoalonso.com.ar<\/a><\/span><\/p>\n<hr \/>\n<h2><strong>Libros Relacionados<\/strong><\/h2>\n<p><a href=\"https:\/\/serie20y20.com.ar\/armando-alonso\/product\/teoria-superposicion-de-triadas-1\/\"><img loading=\"lazy\" class=\"alignnone size-medium wp-image-1290\" src=\"http:\/\/serie20y20.com.ar\/armando-alonso\/wp-content\/uploads\/2021\/05\/01-3-212x300.jpg\" alt=\"\" width=\"212\" height=\"300\" srcset=\"https:\/\/serie20y20.com.ar\/armando-alonso\/wp-content\/uploads\/2021\/05\/01-3-212x300.jpg 212w, https:\/\/serie20y20.com.ar\/armando-alonso\/wp-content\/uploads\/2021\/05\/01-3-768x1086.jpg 768w, https:\/\/serie20y20.com.ar\/armando-alonso\/wp-content\/uploads\/2021\/05\/01-3-724x1024.jpg 724w, https:\/\/serie20y20.com.ar\/armando-alonso\/wp-content\/uploads\/2021\/05\/01-3-555x785.jpg 555w\" sizes=\"(max-width: 212px) 100vw, 212px\" \/><\/a> <a href=\"https:\/\/serie20y20.com.ar\/armando-alonso\/product\/teoria-superposicion-de-triadas-2\/\"><img loading=\"lazy\" class=\"alignnone size-medium wp-image-1291\" src=\"http:\/\/serie20y20.com.ar\/armando-alonso\/wp-content\/uploads\/2021\/05\/02-3-212x300.jpg\" alt=\"\" width=\"212\" height=\"300\" srcset=\"https:\/\/serie20y20.com.ar\/armando-alonso\/wp-content\/uploads\/2021\/05\/02-3-212x300.jpg 212w, https:\/\/serie20y20.com.ar\/armando-alonso\/wp-content\/uploads\/2021\/05\/02-3-768x1086.jpg 768w, https:\/\/serie20y20.com.ar\/armando-alonso\/wp-content\/uploads\/2021\/05\/02-3-724x1024.jpg 724w, https:\/\/serie20y20.com.ar\/armando-alonso\/wp-content\/uploads\/2021\/05\/02-3-555x785.jpg 555w\" sizes=\"(max-width: 212px) 100vw, 212px\" \/><\/a> <a href=\"https:\/\/serie20y20.com.ar\/armando-alonso\/product\/teoria-triadas-pares-1\/\"><img loading=\"lazy\" class=\"alignnone size-medium wp-image-1292\" src=\"http:\/\/serie20y20.com.ar\/armando-alonso\/wp-content\/uploads\/2021\/05\/03-3-212x300.jpg\" alt=\"\" width=\"212\" height=\"300\" srcset=\"https:\/\/serie20y20.com.ar\/armando-alonso\/wp-content\/uploads\/2021\/05\/03-3-212x300.jpg 212w, https:\/\/serie20y20.com.ar\/armando-alonso\/wp-content\/uploads\/2021\/05\/03-3-768x1086.jpg 768w, https:\/\/serie20y20.com.ar\/armando-alonso\/wp-content\/uploads\/2021\/05\/03-3-724x1024.jpg 724w, https:\/\/serie20y20.com.ar\/armando-alonso\/wp-content\/uploads\/2021\/05\/03-3-555x785.jpg 555w\" sizes=\"(max-width: 212px) 100vw, 212px\" \/><\/a><\/p>\n<p>&nbsp;<\/p>\n<p>&nbsp;<\/p>\n","protected":false},"excerpt":{"rendered":"<p><iframe loading=\"lazy\" title=\"YouTube video player\" src=\"https:\/\/www.youtube.com\/embed\/kGnWWAwJGJg\" width=\"560\" height=\"315\" frameborder=\"0\" allowfullscreen=\"allowfullscreen\"><\/iframe><\/p>\n","protected":false},"featured_media":1280,"comment_status":"open","ping_status":"closed","template":"","meta":[],"_links":{"self":[{"href":"https:\/\/serie20y20.com.ar\/armando-alonso\/en\/wp-json\/wp\/v2\/product\/1279"}],"collection":[{"href":"https:\/\/serie20y20.com.ar\/armando-alonso\/en\/wp-json\/wp\/v2\/product"}],"about":[{"href":"https:\/\/serie20y20.com.ar\/armando-alonso\/en\/wp-json\/wp\/v2\/types\/product"}],"replies":[{"embeddable":true,"href":"https:\/\/serie20y20.com.ar\/armando-alonso\/en\/wp-json\/wp\/v2\/comments?post=1279"}],"wp:featuredmedia":[{"embeddable":true,"href":"https:\/\/serie20y20.com.ar\/armando-alonso\/en\/wp-json\/wp\/v2\/media\/1280"}],"wp:attachment":[{"href":"https:\/\/serie20y20.com.ar\/armando-alonso\/en\/wp-json\/wp\/v2\/media?parent=1279"}],"curies":[{"name":"wp","href":"https:\/\/api.w.org\/{rel}","templated":true}]}}