{"id":1524,"date":"2022-03-29T11:04:14","date_gmt":"2022-03-29T14:04:14","guid":{"rendered":"https:\/\/serie20y20.com.ar\/armando-alonso\/?post_type=product&#038;p=1524"},"modified":"2022-06-08T10:42:48","modified_gmt":"2022-06-08T13:42:48","slug":"teoria-triadas-pares-2-version-gratuita","status":"publish","type":"product","link":"https:\/\/serie20y20.com.ar\/armando-alonso\/en\/product\/teoria-triadas-pares-2-version-gratuita\/","title":{"rendered":"TEORIA \/ Tr\u00edadas Pares 2 \u2013 VERSION GRATUITA"},"content":{"rendered":"<h3 style=\"text-align: center;\" align=\"center\"><strong>Si lo desea puede comprar el Libro Completo haciendo <span style=\"color: #3366ff;\"><a style=\"color: #3366ff;\" href=\"https:\/\/serie20y20.com.ar\/armando-alonso\/product\/teoria-triadas-pares-2\/\">CLIC AQUI<\/a><\/span><\/strong><\/h3>\n<hr \/>\n<p><strong>Pr\u00e1ctica y din\u00e1mica metodolog\u00eda de trabajo tanto para el alumno autodidacta,\u00a0<\/strong><strong>como as\u00ed tambi\u00e9n para el profesor en clase.<\/strong><\/p>\n<hr \/>\n<p><strong>CONTENIDO<\/strong><\/p>\n<p>Usted est\u00e1 descargando la\u00a0<strong><span style=\"color: #ff0000;\">VERSI\u00d3N\u00a0GRATUITA<\/span><\/strong>\u00a0(PDF de 25 p\u00e1ginas \u2013 6 MB)\u00a0la cual\u00a0<strong><span style=\"color: #ff0000;\">NO CONTIENE<\/span>:<\/strong><\/p>\n<p><strong><span style=\"color: #ff0000;\"><span style=\"color: #000000;\">\u00a0 \u00a0*<\/span>\u00a0 41 Lecciones restantes<\/span><\/strong>\u00a0<em><em><em><em>( aplicaci\u00f3n sobre nueve tipos de acordes de s\u00e9ptima )<\/em><\/em><\/em><\/em><\/p>\n<p><strong><span style=\"color: #ff0000;\"><span style=\"color: #000000;\">\u00a0 \u00a0*\u00a0<\/span> Repertorio<\/span><\/strong>\u00a0<em><em><em><em>(Maiden Voyage \u2013 So What \u2013 Cantaloupe Island )<\/em><\/em><\/em><\/em><\/p>\n<p><strong><span style=\"color: #ff0000;\"><span style=\"color: #000000;\">\u00a0 \u00a0*\u00a0<\/span> 380 Audios &amp; Pistas de Pr\u00e1ctica <\/span><\/strong>\u00a0<em><em><em><em>(esenciales para el completo estudio del libro)<\/em><\/em><\/em><\/em><\/p>\n<p><strong><span style=\"color: #ff0000;\"><span style=\"color: #000000;\">\u00a0 \u00a0*\u00a0<\/span> Ejemplos sobre progresiones \u2013 Blues Mayor y Menor<\/span><\/strong><\/p>\n<hr \/>\n<p style=\"text-align: center;\">\n<p><strong>OBJETIVOS Y PROPOSITOS<\/strong><\/p>\n<p>El presente libro de <strong>Teor\u00eda \/ Tr\u00edadas Pares 2<\/strong> dirigido a todos los instrumentistas, desarrolla<strong> Pares de tr\u00edadas de igual o distinta especie<\/strong>. En esta oportunidad la distancia entre cada una de las triadas <strong>abarcara todos los intervalos a excepci\u00f3n de la 3ra mayor y 3ra menor.<\/strong><\/p>\n<p>Todos los pares de tr\u00edadas que incluye el libro est\u00e1n organizados en relaci\u00f3n a <strong>9 diferentes tipos de acordes de 7ma,<\/strong> en los cuales no est\u00e1 incluido el acorde \u00b07.<\/p>\n<p>Es importante tener en cuenta que al <strong>Par de Tr\u00edadas<\/strong> se lo considera como una <strong>unidad mel\u00f3dica<\/strong> formada por las distintas combinaciones de las tr\u00edadas que definen dicho par.<\/p>\n<p>En l\u00edneas generales se utilizan principalmente en <strong>armon\u00edas modales<\/strong> o bien s<strong>obre un mismo acorde de s\u00e9ptima<\/strong> que se mantiene por varios compases.<\/p>\n<p>Esto no impide que ampliemos nuestra b\u00fasqueda en su uso ya sea en distintas progresiones como as\u00ed tambi\u00e9n, en cualquier obra o canci\u00f3n <strong>como as\u00ed tambi\u00e9n en nuestras composiciones.<\/strong><\/p>\n<hr \/>\n<p><strong>CONTENIDOS<\/strong><\/p>\n<p>El libro cuenta con <strong>46 lecciones y 380 audios<\/strong> con todo el detalle de la aplicaci\u00f3n de las tr\u00edadas y las pistas de audio correspondientes a <strong>9 diferentes tipos de acordes de 7ma.<\/strong><\/p>\n<p>Adem\u00e1s contiene la superposici\u00f3n de los diferentes pares de tr\u00edadas en forma de solo improvisado sobre II-V-I mayor y menor y Blues mayor y menor y la sugerencia de pares de triadas sobre tres obras del repertorio de Jazz (Cantaloupe Island &#8211; Maiden Voyage &#8211; So What).<\/p>\n<p>Dichos pares se presentan en <strong>posici\u00f3n cerrada<\/strong> lo cual no impide que aquel que lo desee pueda desarrollar las mismas en <strong>posici\u00f3n abierta.<\/strong> <em>(Ver <strong>Triadas Abiertas 1 y 2 para Guitarra de N\u00e9stor Crespo<\/strong> de \u00e9sta misma editorial)<\/em><\/p>\n<p>Nota: Es importante tener en cuenta que se utilizan <strong>enarmon\u00edas<\/strong> en an\u00e1lisis mel\u00f3dico.<\/p>\n<p><strong>377 AUDIOS<\/strong> <em>(en las lecciones)<\/em><\/p>\n<p>Con el objetivo de apreciar el sonido generado mediante la superposici\u00f3n de cada par de tr\u00edadas, es esencial la escucha de los audios incluidos en cada una de las lecciones.\u00a0Incluye adem\u00e1s:<\/p>\n<p><strong>3 Pistas de Practica<\/strong>: Jazz Standards<\/p>\n<p><strong><strong><strong>\u00a0 \u00a0* Cantaloupe Island<\/strong><\/strong><\/strong><\/p>\n<p><strong><strong><strong>\u00a0 \u00a0* Maiden Voyage<\/strong><\/strong><\/strong><\/p>\n<p><strong>\u00a0 \u00a0*\u00a0 So What<\/strong><\/p>\n<hr \/>\n<p>Para m\u00e1s informaci\u00f3n consulte al autor escribiendo a: <span style=\"color: #3366ff;\"><a style=\"color: #3366ff;\" href=\"mailto:contacto@armandoalonso.com.ar\">contacto@armandoalonso.com.ar<\/a><\/span><\/p>\n<hr \/>\n<h2><strong>Libros Relacionados<\/strong><\/h2>\n<p><a href=\"https:\/\/serie20y20.com.ar\/armando-alonso\/product\/teoria-superposicion-de-triadas-1\/\"><img loading=\"lazy\" class=\"alignnone size-medium wp-image-1290\" src=\"http:\/\/serie20y20.com.ar\/armando-alonso\/wp-content\/uploads\/2021\/05\/01-3-212x300.jpg\" alt=\"\" width=\"212\" height=\"300\" srcset=\"https:\/\/serie20y20.com.ar\/armando-alonso\/wp-content\/uploads\/2021\/05\/01-3-212x300.jpg 212w, https:\/\/serie20y20.com.ar\/armando-alonso\/wp-content\/uploads\/2021\/05\/01-3-768x1086.jpg 768w, https:\/\/serie20y20.com.ar\/armando-alonso\/wp-content\/uploads\/2021\/05\/01-3-724x1024.jpg 724w, https:\/\/serie20y20.com.ar\/armando-alonso\/wp-content\/uploads\/2021\/05\/01-3-555x785.jpg 555w\" sizes=\"(max-width: 212px) 100vw, 212px\" \/><\/a> <a href=\"https:\/\/serie20y20.com.ar\/armando-alonso\/product\/teoria-superposicion-de-triadas-2\/\"><img loading=\"lazy\" class=\"alignnone size-medium wp-image-1291\" src=\"http:\/\/serie20y20.com.ar\/armando-alonso\/wp-content\/uploads\/2021\/05\/02-3-212x300.jpg\" alt=\"\" width=\"212\" height=\"300\" srcset=\"https:\/\/serie20y20.com.ar\/armando-alonso\/wp-content\/uploads\/2021\/05\/02-3-212x300.jpg 212w, https:\/\/serie20y20.com.ar\/armando-alonso\/wp-content\/uploads\/2021\/05\/02-3-768x1086.jpg 768w, https:\/\/serie20y20.com.ar\/armando-alonso\/wp-content\/uploads\/2021\/05\/02-3-724x1024.jpg 724w, https:\/\/serie20y20.com.ar\/armando-alonso\/wp-content\/uploads\/2021\/05\/02-3-555x785.jpg 555w\" sizes=\"(max-width: 212px) 100vw, 212px\" \/><\/a> <a href=\"https:\/\/serie20y20.com.ar\/armando-alonso\/product\/teoria-triadas-pares-1\/\"><img loading=\"lazy\" class=\"alignnone size-medium wp-image-1292\" src=\"http:\/\/serie20y20.com.ar\/armando-alonso\/wp-content\/uploads\/2021\/05\/03-3-212x300.jpg\" alt=\"\" width=\"212\" height=\"300\" srcset=\"https:\/\/serie20y20.com.ar\/armando-alonso\/wp-content\/uploads\/2021\/05\/03-3-212x300.jpg 212w, https:\/\/serie20y20.com.ar\/armando-alonso\/wp-content\/uploads\/2021\/05\/03-3-768x1086.jpg 768w, https:\/\/serie20y20.com.ar\/armando-alonso\/wp-content\/uploads\/2021\/05\/03-3-724x1024.jpg 724w, https:\/\/serie20y20.com.ar\/armando-alonso\/wp-content\/uploads\/2021\/05\/03-3-555x785.jpg 555w\" sizes=\"(max-width: 212px) 100vw, 212px\" \/><\/a><\/p>\n<p>&nbsp;<\/p>\n<p>&nbsp;<\/p>\n","protected":false},"excerpt":{"rendered":"<p><iframe loading=\"lazy\" title=\"YouTube video player\" src=\"https:\/\/www.youtube.com\/embed\/kGnWWAwJGJg\" width=\"560\" height=\"315\" frameborder=\"0\" allowfullscreen=\"allowfullscreen\"><\/iframe><\/p>\n","protected":false},"featured_media":1525,"comment_status":"open","ping_status":"closed","template":"","meta":[],"_links":{"self":[{"href":"https:\/\/serie20y20.com.ar\/armando-alonso\/en\/wp-json\/wp\/v2\/product\/1524"}],"collection":[{"href":"https:\/\/serie20y20.com.ar\/armando-alonso\/en\/wp-json\/wp\/v2\/product"}],"about":[{"href":"https:\/\/serie20y20.com.ar\/armando-alonso\/en\/wp-json\/wp\/v2\/types\/product"}],"replies":[{"embeddable":true,"href":"https:\/\/serie20y20.com.ar\/armando-alonso\/en\/wp-json\/wp\/v2\/comments?post=1524"}],"wp:featuredmedia":[{"embeddable":true,"href":"https:\/\/serie20y20.com.ar\/armando-alonso\/en\/wp-json\/wp\/v2\/media\/1525"}],"wp:attachment":[{"href":"https:\/\/serie20y20.com.ar\/armando-alonso\/en\/wp-json\/wp\/v2\/media?parent=1524"}],"curies":[{"name":"wp","href":"https:\/\/api.w.org\/{rel}","templated":true}]}}