{"id":1696,"date":"2023-05-31T13:54:36","date_gmt":"2023-05-31T16:54:36","guid":{"rendered":"https:\/\/serie20y20.com.ar\/armando-alonso\/?post_type=product&#038;p=1696"},"modified":"2025-06-17T16:06:15","modified_gmt":"2025-06-17T19:06:15","slug":"guitarra-improvisacion-1-arpegios-de-septima-version-gratuita","status":"publish","type":"product","link":"https:\/\/serie20y20.com.ar\/armando-alonso\/en\/product\/guitarra-improvisacion-1-arpegios-de-septima-version-gratuita\/","title":{"rendered":"GUITARRA \/ IMPROVISACION 1 \u2013 ARPEGIOS DE S\u00c9PTIMA \u2013 VERSION GRATUITA"},"content":{"rendered":"<h3 style=\"text-align: center;\" align=\"center\"><span style=\"color: #3366ff;\"><strong>Si lo desea puede comprar el Libro Completo haciendo<span style=\"color: #ff0000;\"> <a style=\"color: #ff0000;\" href=\"https:\/\/serie20y20.com.ar\/armando-alonso\/product\/guitarra-improvisacion-1-arpegios-de-septima\/\">CLIC AQUI<\/a><\/span><\/strong><\/span><\/h3>\n<hr \/>\n<p><strong>Pr\u00e1ctica y din\u00e1mica metodolog\u00eda de trabajo tanto para el alumno autodidacta,\u00a0<\/strong><strong>como as\u00ed tambi\u00e9n para el profesor en clase.<\/strong><\/p>\n<hr \/>\n<p><strong>CONTENIDO<\/strong><\/p>\n<p>Usted est\u00e1 descargando la\u00a0<strong><span style=\"color: #ff0000;\">VERSI\u00d3N\u00a0GRATUITA<\/span><\/strong> (PDF de 25 p\u00e1ginas \u2013 5 MB) la cual contiene solamente:<\/p>\n<p><strong>* Introducci\u00f3n y 5 lecciones.<\/strong><\/p>\n<p>La Versi\u00f3n Gratuita no contiene:<\/p>\n<p><span style=\"color: #ff0000;\">* 17 Lecciones restantes<\/span><\/p>\n<p><span style=\"color: #ff0000;\">* 5 digitaciones de cada uno de los arpegios.<\/span><\/p>\n<p><span style=\"color: #ff0000;\">* 15 patrones mel\u00f3dicos.<\/span><\/p>\n<p><span style=\"color: #ff0000;\">* 20 c\u00e9lulas r\u00edtmicas.<\/span><\/p>\n<p><span style=\"color: #ff0000;\">* 92 audios correspondientes a las lecciones y el repertorio<\/span><\/p>\n<p><span style=\"color: #ff0000;\">* 2 Pistas de pr\u00e1ctica.<\/span><\/p>\n<hr \/>\n<p><strong>OBJETIVOS Y PROPOSITOS<\/strong><\/p>\n<p>El presente libro de <strong>Improvisaci\u00f3n 1 &#8211; Arpegios de S\u00e9ptima para guitarra<\/strong>, desarrolla <strong>4 tipos de cinco tipos de arpegios de s\u00e9ptima<\/strong> que surgen de la <strong>tonalidad mayo<\/strong>r, a saber: <strong>maj7, 7, m7 y \u00f8<\/strong> para ser utilizados en la improvisaci\u00f3n.<\/p>\n<p>Dado que la situaci\u00f3n musical m\u00e1s frecuente a la hora de improvisar sucede sobre progresiones arm\u00f3nicas o bien sobre armon\u00edas pertenecientes a canciones o temas standards considero al <strong>arpegio de s\u00e9ptima<\/strong> <strong>como la primer herramienta a conocer, desarrollar y aplicar,<\/strong> ya que resulta fundamental que <strong>nuestra melod\u00eda improvisada defina con precisi\u00f3n cada uno de los acordes<\/strong> contenidos en las diferentes situaciones musicales.<\/p>\n<p>Adem\u00e1s, el <strong>arpegio de s\u00e9ptima<\/strong>, en pasos posteriores, ser\u00e1 de gran utilidad en <strong>el concepto de \u201csuperposici\u00f3n\u201d<\/strong> as\u00ed como tambi\u00e9n, a partir de re armonizaciones de armon\u00edas originales, utilizar las mismas al momento de improvisar y defini\u00e9ndolas con los arpegios de s\u00e9ptima correspondientes.<\/p>\n<hr \/>\n<p><strong>CONTENIDOS<\/strong><\/p>\n<p>El libro cuenta con <strong>22 lecciones<\/strong>, 5 digitaciones de cada uno de los arpegios mencionados, 15 patrones mel\u00f3dicos sobre cada tipo de arpegio y 20 c\u00e9lulas r\u00edtmicas con todo el detalle de la aplicaci\u00f3n de los mismos y las pistas de audio correspondientes a su aplicaci\u00f3n.<\/p>\n<p>Adem\u00e1s contiene el uso de los arpegios sobre <strong>2 obras del repertorio de Jazz<\/strong>. (All of me \u2013Autumn Leaves)<\/p>\n<p>Cada uno de los arpegios as\u00ed como tambi\u00e9n todos los ejemplos se deben practicar en diferentes posiciones para lo cual, en caso de ser necesario, aconsejo consultar los libros: <em><strong>Escalas &amp; Arpegios y Escala Mayor seg\u00fan Barry Harris para guitarra de N\u00e9stor Crespo<\/strong><\/em> de \u00e9sta misma editorial.<\/p>\n<p>Con el objetivo de <strong>apreciar el sonido generado<\/strong> mediante el uso del arpegio de s\u00e9ptima, es <strong>esencial la escucha de los audios incluidos en cada una de las lecciones<\/strong>.<\/p>\n<p>Incluye, adem\u00e1s: <strong>92<\/strong> audios, <strong>2 pistas de pr\u00e1ctica<\/strong> y dos temas de repertorio: <strong>All of me y Autumn Leaves.<\/strong><\/p>\n<hr \/>\n<p>Para m\u00e1s informaci\u00f3n consulte al autor escribiendo a: <span style=\"color: #3366ff;\"><a style=\"color: #3366ff;\" href=\"mailto:contacto@armandoalonso.com.ar\">contacto@armandoalonso.com.ar<\/a><\/span><\/p>\n<hr \/>\n<h2><strong>Libros Relacionados<\/strong><\/h2>\n<p><a href=\"https:\/\/www.serie20y20.com.ar\/nestor-crespo\/product\/guitarra-escalas-arpegios\/?v=d72a48a8ebd2\"><img loading=\"lazy\" class=\"wp-image-2018 size-medium alignleft\" src=\"http:\/\/serie20y20.com.ar\/armando-alonso\/wp-content\/uploads\/2023\/05\/Escalas-y-Arpegios-PAGO-212x300.jpg\" alt=\"\" width=\"212\" height=\"300\" srcset=\"https:\/\/serie20y20.com.ar\/armando-alonso\/wp-content\/uploads\/2023\/05\/Escalas-y-Arpegios-PAGO-212x300.jpg 212w, https:\/\/serie20y20.com.ar\/armando-alonso\/wp-content\/uploads\/2023\/05\/Escalas-y-Arpegios-PAGO-725x1024.jpg 725w, https:\/\/serie20y20.com.ar\/armando-alonso\/wp-content\/uploads\/2023\/05\/Escalas-y-Arpegios-PAGO-768x1085.jpg 768w, https:\/\/serie20y20.com.ar\/armando-alonso\/wp-content\/uploads\/2023\/05\/Escalas-y-Arpegios-PAGO-1087x1536.jpg 1087w, https:\/\/serie20y20.com.ar\/armando-alonso\/wp-content\/uploads\/2023\/05\/Escalas-y-Arpegios-PAGO-1449x2048.jpg 1449w, https:\/\/serie20y20.com.ar\/armando-alonso\/wp-content\/uploads\/2023\/05\/Escalas-y-Arpegios-PAGO-555x784.jpg 555w, https:\/\/serie20y20.com.ar\/armando-alonso\/wp-content\/uploads\/2023\/05\/Escalas-y-Arpegios-PAGO-scaled.jpg 1811w\" sizes=\"(max-width: 212px) 100vw, 212px\" \/><\/a><a href=\"https:\/\/www.serie20y20.com.ar\/nestor-crespo\/product\/teoria-armonia-funcional-1\/?v=d72a48a8ebd2\"><img loading=\"lazy\" class=\"wp-image-2014 size-medium alignleft\" src=\"http:\/\/serie20y20.com.ar\/armando-alonso\/wp-content\/uploads\/2020\/11\/Armonia-Funcional-1-Pago-211x300.jpg\" alt=\"\" width=\"211\" height=\"300\" srcset=\"https:\/\/serie20y20.com.ar\/armando-alonso\/wp-content\/uploads\/2020\/11\/Armonia-Funcional-1-Pago-211x300.jpg 211w, https:\/\/serie20y20.com.ar\/armando-alonso\/wp-content\/uploads\/2020\/11\/Armonia-Funcional-1-Pago-722x1024.jpg 722w, https:\/\/serie20y20.com.ar\/armando-alonso\/wp-content\/uploads\/2020\/11\/Armonia-Funcional-1-Pago-768x1089.jpg 768w, https:\/\/serie20y20.com.ar\/armando-alonso\/wp-content\/uploads\/2020\/11\/Armonia-Funcional-1-Pago-1083x1536.jpg 1083w, https:\/\/serie20y20.com.ar\/armando-alonso\/wp-content\/uploads\/2020\/11\/Armonia-Funcional-1-Pago-1444x2048.jpg 1444w, https:\/\/serie20y20.com.ar\/armando-alonso\/wp-content\/uploads\/2020\/11\/Armonia-Funcional-1-Pago-555x787.jpg 555w, https:\/\/serie20y20.com.ar\/armando-alonso\/wp-content\/uploads\/2020\/11\/Armonia-Funcional-1-Pago-scaled.jpg 1805w\" sizes=\"(max-width: 211px) 100vw, 211px\" \/><\/a> <a href=\"https:\/\/serie20y20.com.ar\/armando-alonso\/product\/guitarra-superposicion-de-triadas-plan-de-tecnica-melodico\/\"><img loading=\"lazy\" class=\"size-medium wp-image-1699 alignleft\" src=\"http:\/\/serie20y20.com.ar\/armando-alonso\/wp-content\/uploads\/2023\/05\/03.-Triadas-Melodico-1-212x300.jpg\" alt=\"\" width=\"212\" height=\"300\" srcset=\"https:\/\/serie20y20.com.ar\/armando-alonso\/wp-content\/uploads\/2023\/05\/03.-Triadas-Melodico-1-212x300.jpg 212w, https:\/\/serie20y20.com.ar\/armando-alonso\/wp-content\/uploads\/2023\/05\/03.-Triadas-Melodico-1-724x1024.jpg 724w, https:\/\/serie20y20.com.ar\/armando-alonso\/wp-content\/uploads\/2023\/05\/03.-Triadas-Melodico-1-768x1086.jpg 768w, https:\/\/serie20y20.com.ar\/armando-alonso\/wp-content\/uploads\/2023\/05\/03.-Triadas-Melodico-1-1086x1536.jpg 1086w, https:\/\/serie20y20.com.ar\/armando-alonso\/wp-content\/uploads\/2023\/05\/03.-Triadas-Melodico-1-1449x2048.jpg 1449w, https:\/\/serie20y20.com.ar\/armando-alonso\/wp-content\/uploads\/2023\/05\/03.-Triadas-Melodico-1-555x785.jpg 555w, https:\/\/serie20y20.com.ar\/armando-alonso\/wp-content\/uploads\/2023\/05\/03.-Triadas-Melodico-1-scaled.jpg 1811w\" sizes=\"(max-width: 212px) 100vw, 212px\" \/><\/a><\/p>\n<p>&nbsp;<\/p>\n<p>&nbsp;<\/p>\n","protected":false},"excerpt":{"rendered":"<p><iframe loading=\"lazy\" title=\"YouTube video player\" src=\"https:\/\/www.youtube.com\/embed\/kGnWWAwJGJg\" width=\"560\" height=\"315\" frameborder=\"0\" allowfullscreen=\"allowfullscreen\"><\/iframe><\/p>\n","protected":false},"featured_media":1700,"comment_status":"open","ping_status":"closed","template":"","meta":[],"_links":{"self":[{"href":"https:\/\/serie20y20.com.ar\/armando-alonso\/en\/wp-json\/wp\/v2\/product\/1696"}],"collection":[{"href":"https:\/\/serie20y20.com.ar\/armando-alonso\/en\/wp-json\/wp\/v2\/product"}],"about":[{"href":"https:\/\/serie20y20.com.ar\/armando-alonso\/en\/wp-json\/wp\/v2\/types\/product"}],"replies":[{"embeddable":true,"href":"https:\/\/serie20y20.com.ar\/armando-alonso\/en\/wp-json\/wp\/v2\/comments?post=1696"}],"wp:featuredmedia":[{"embeddable":true,"href":"https:\/\/serie20y20.com.ar\/armando-alonso\/en\/wp-json\/wp\/v2\/media\/1700"}],"wp:attachment":[{"href":"https:\/\/serie20y20.com.ar\/armando-alonso\/en\/wp-json\/wp\/v2\/media?parent=1696"}],"curies":[{"name":"wp","href":"https:\/\/api.w.org\/{rel}","templated":true}]}}