{"id":321,"date":"2019-11-19T23:33:15","date_gmt":"2019-11-20T02:33:15","guid":{"rendered":"http:\/\/serie20y20.com.ar\/armando-alonso\/?post_type=product&#038;p=321"},"modified":"2026-03-30T10:38:37","modified_gmt":"2026-03-30T13:38:37","slug":"guitarra-superposicion-de-triadas-plan-de-tecnica-melodico","status":"publish","type":"product","link":"https:\/\/serie20y20.com.ar\/armando-alonso\/en\/product\/guitarra-superposicion-de-triadas-plan-de-tecnica-melodico\/","title":{"rendered":"GUITARRA \/ TRIADAS MELODICO : Plan de T\u00e9cnica"},"content":{"rendered":"<p style=\"text-align: center;\"><strong>Pr\u00e1ctica y din\u00e1mica metodolog\u00eda de trabajo tanto para el alumno autodidacta,<br \/>\n<\/strong><strong>como as\u00ed tambi\u00e9n para el profesor en clase.<\/strong><\/p>\n<hr \/>\n<p><strong>CONTENIDOS<br \/>\n<\/strong><\/p>\n<p>Con su compra <strong>(PDF de 266 p\u00e1ginas &#8211; 210 MB)<\/strong> Usted adquiere adem\u00e1s:<\/p>\n<p><strong>* 67 Ejercicios<\/strong> en el Modo Mayor y <strong>58 Ejercicio<\/strong>s en el Menor<\/p>\n<p><strong>* 37 Trabajos Pr\u00e1cticos<\/strong> &#8211; Temas standards de jazz, Blues Mayor y Menor &#8211; Circulo de quintas en 8 diferentes especies de acordes.<\/p>\n<p><strong>* 36 Pistas de Pr\u00e1ctica<\/strong> &#8211; Complemento esencial para el completo estudio de los conceptos estudiados.<\/p>\n<p><strong>* 24 Ap\u00e9ndices:<\/strong> Digitaciones de <strong>Triadas: sus2, sus4, Frigia y Lidia.<\/strong><\/p>\n<p><strong>* Libro para Imprimir &#8211; Sin marca de agua.<\/strong><\/p>\n<hr \/>\n<p><strong>OBJETIVOS Y PROP\u00d3SITO<\/strong><\/p>\n<p>El Apunte de Tr\u00edadas Mel\u00f3dico aplicadas a la guitarra es el segundo complemento t\u00e9cnico del Ebook: Superposici\u00f3n de Triadas 1.<\/p>\n<p>El mismo est\u00e1 organizado en<strong> 7 f\u00f3rmulas o digitaciones.<\/strong><\/p>\n<p>El apunte cuenta con m\u00e1s de<strong> 30 progresiones tanto en el modo mayor como en el menor,<\/strong> las cuales afirmar\u00e1n el manejo t\u00e9cnico de las mismas dentro de un contexto musical empleando <strong>4 tipos de tr\u00edadas: Mayor &#8211; Menor &#8211; Disminuida y Aumentada<\/strong><\/p>\n<p>Los <strong>37 trabajos pr\u00e1cticos<\/strong> incluyen <strong>circulo de quintas<\/strong> en 8 diferentes especies de acordes como as\u00ed tambi\u00e9n standards de jazz, Blues Mayor y Menor focalizando en los mismos el concepto superposici\u00f3n de triadas.<\/p>\n<p>Incluiremos as\u00ed mismo en los <strong>ap\u00e9ndices<\/strong> digitaciones de<strong> tr\u00edadas: sus2, sus4, Frigia y Lidia.<\/strong><\/p>\n<p>Recorriendo los distintos ejercicios, progresiones y obras el alumno alcanzar\u00e1 un manejo consciente y din\u00e1mico de las diferentes digitaciones.<\/p>\n<p>Los trabajos pr\u00e1cticos incluyen adem\u00e1s 36 pistas de pr\u00e1ctica siendo esto un complemento esencial tanto para el alumno autodidacta como as\u00ed tambi\u00e9n para el profesor en clase.<\/p>\n<hr \/>\n<p>Para m\u00e1s informaci\u00f3n consulte al autor escribiendo a:<span style=\"color: #3366ff;\"> <a style=\"color: #3366ff;\" href=\"mailto:contacto@armandoalonso.com.ar\">contacto@armandoalonso.com.ar<\/a><\/span><\/p>\n<hr \/>\n<h2><strong>Libros Relacionados<\/strong><\/h2>\n<p><a href=\"https:\/\/serie20y20.com.ar\/armando-alonso\/product\/teoria-superposicion-de-triadas-1\/\"><img loading=\"lazy\" class=\"alignnone wp-image-341 size-medium\" src=\"http:\/\/serie20y20.com.ar\/armando-alonso\/wp-content\/uploads\/2019\/11\/01.-Tapa-Sup-de-Triadas-1-PAGO-212x300.jpg\" alt=\"\" width=\"212\" height=\"300\" srcset=\"https:\/\/serie20y20.com.ar\/armando-alonso\/wp-content\/uploads\/2019\/11\/01.-Tapa-Sup-de-Triadas-1-PAGO-212x300.jpg 212w, https:\/\/serie20y20.com.ar\/armando-alonso\/wp-content\/uploads\/2019\/11\/01.-Tapa-Sup-de-Triadas-1-PAGO-768x1086.jpg 768w, https:\/\/serie20y20.com.ar\/armando-alonso\/wp-content\/uploads\/2019\/11\/01.-Tapa-Sup-de-Triadas-1-PAGO-724x1024.jpg 724w, https:\/\/serie20y20.com.ar\/armando-alonso\/wp-content\/uploads\/2019\/11\/01.-Tapa-Sup-de-Triadas-1-PAGO-555x785.jpg 555w\" sizes=\"(max-width: 212px) 100vw, 212px\" \/><\/a> <a href=\"https:\/\/serie20y20.com.ar\/armando-alonso\/product\/guitarra-superposicion-de-triadas-armonico-2\/\"><img loading=\"lazy\" class=\"alignnone wp-image-1939 size-medium\" src=\"http:\/\/serie20y20.com.ar\/armando-alonso\/wp-content\/uploads\/2019\/02\/Tapa-Triadas-Armonico-PAGO-212x300.jpg\" alt=\"\" width=\"212\" height=\"300\" srcset=\"https:\/\/serie20y20.com.ar\/armando-alonso\/wp-content\/uploads\/2019\/02\/Tapa-Triadas-Armonico-PAGO-212x300.jpg 212w, https:\/\/serie20y20.com.ar\/armando-alonso\/wp-content\/uploads\/2019\/02\/Tapa-Triadas-Armonico-PAGO-724x1024.jpg 724w, https:\/\/serie20y20.com.ar\/armando-alonso\/wp-content\/uploads\/2019\/02\/Tapa-Triadas-Armonico-PAGO-768x1086.jpg 768w, https:\/\/serie20y20.com.ar\/armando-alonso\/wp-content\/uploads\/2019\/02\/Tapa-Triadas-Armonico-PAGO-1086x1536.jpg 1086w, https:\/\/serie20y20.com.ar\/armando-alonso\/wp-content\/uploads\/2019\/02\/Tapa-Triadas-Armonico-PAGO-1449x2048.jpg 1449w, https:\/\/serie20y20.com.ar\/armando-alonso\/wp-content\/uploads\/2019\/02\/Tapa-Triadas-Armonico-PAGO-555x785.jpg 555w, https:\/\/serie20y20.com.ar\/armando-alonso\/wp-content\/uploads\/2019\/02\/Tapa-Triadas-Armonico-PAGO-scaled.jpg 1811w\" sizes=\"(max-width: 212px) 100vw, 212px\" \/><\/a> <a href=\"https:\/\/www.serie20y20.com.ar\/nestor-crespo\/product\/teoria-armonia-funcional-1\/?v=d72a48a8ebd2\"><img loading=\"lazy\" class=\"alignnone wp-image-2014 size-medium\" src=\"http:\/\/serie20y20.com.ar\/armando-alonso\/wp-content\/uploads\/2020\/11\/Armonia-Funcional-1-Pago-211x300.jpg\" alt=\"\" width=\"211\" height=\"300\" srcset=\"https:\/\/serie20y20.com.ar\/armando-alonso\/wp-content\/uploads\/2020\/11\/Armonia-Funcional-1-Pago-211x300.jpg 211w, https:\/\/serie20y20.com.ar\/armando-alonso\/wp-content\/uploads\/2020\/11\/Armonia-Funcional-1-Pago-722x1024.jpg 722w, https:\/\/serie20y20.com.ar\/armando-alonso\/wp-content\/uploads\/2020\/11\/Armonia-Funcional-1-Pago-768x1089.jpg 768w, https:\/\/serie20y20.com.ar\/armando-alonso\/wp-content\/uploads\/2020\/11\/Armonia-Funcional-1-Pago-1083x1536.jpg 1083w, https:\/\/serie20y20.com.ar\/armando-alonso\/wp-content\/uploads\/2020\/11\/Armonia-Funcional-1-Pago-1444x2048.jpg 1444w, https:\/\/serie20y20.com.ar\/armando-alonso\/wp-content\/uploads\/2020\/11\/Armonia-Funcional-1-Pago-555x787.jpg 555w, https:\/\/serie20y20.com.ar\/armando-alonso\/wp-content\/uploads\/2020\/11\/Armonia-Funcional-1-Pago-scaled.jpg 1805w\" sizes=\"(max-width: 211px) 100vw, 211px\" \/><\/a><\/p>\n<p>&nbsp;<\/p>\n","protected":false},"excerpt":{"rendered":"<p><iframe loading=\"lazy\" title=\"YouTube video player\" src=\"https:\/\/www.youtube.com\/embed\/kGnWWAwJGJg\" width=\"560\" height=\"315\" frameborder=\"0\" allowfullscreen=\"allowfullscreen\"><\/iframe><\/p>\n","protected":false},"featured_media":1941,"comment_status":"open","ping_status":"closed","template":"","meta":[],"_links":{"self":[{"href":"https:\/\/serie20y20.com.ar\/armando-alonso\/en\/wp-json\/wp\/v2\/product\/321"}],"collection":[{"href":"https:\/\/serie20y20.com.ar\/armando-alonso\/en\/wp-json\/wp\/v2\/product"}],"about":[{"href":"https:\/\/serie20y20.com.ar\/armando-alonso\/en\/wp-json\/wp\/v2\/types\/product"}],"replies":[{"embeddable":true,"href":"https:\/\/serie20y20.com.ar\/armando-alonso\/en\/wp-json\/wp\/v2\/comments?post=321"}],"wp:featuredmedia":[{"embeddable":true,"href":"https:\/\/serie20y20.com.ar\/armando-alonso\/en\/wp-json\/wp\/v2\/media\/1941"}],"wp:attachment":[{"href":"https:\/\/serie20y20.com.ar\/armando-alonso\/en\/wp-json\/wp\/v2\/media?parent=321"}],"curies":[{"name":"wp","href":"https:\/\/api.w.org\/{rel}","templated":true}]}}