{"id":1034,"date":"2020-11-04T01:00:52","date_gmt":"2020-11-04T04:00:52","guid":{"rendered":"http:\/\/serie20y20.com.ar\/armando-alonso\/?post_type=product&#038;p=1034"},"modified":"2025-06-19T13:16:27","modified_gmt":"2025-06-19T16:16:27","slug":"teoria-triadas-pares-1-en-eb-gratis","status":"publish","type":"product","link":"https:\/\/serie20y20.com.ar\/armando-alonso\/product\/teoria-triadas-pares-1-en-eb-gratis\/","title":{"rendered":"TEORIA \/ Tr\u00edadas Pares 1 \u2013 en clave de Eb \u2013 VERSION GRATUITA"},"content":{"rendered":"<h3 style=\"text-align: center;\" align=\"center\"><span style=\"color: #3366ff;\"><strong>Si lo desea puede comprar el Libro Completo haciendo <span style=\"color: #ff0000;\"><a style=\"color: #ff0000;\" href=\"https:\/\/serie20y20.com.ar\/armando-alonso\/product\/teoria-triadas-pares-1-en-eb\/\">CLIC AQUI<\/a><\/span><\/strong><\/span><\/h3>\n<hr \/>\n<p style=\"text-align: center;\"><strong>Pr\u00e1ctica y din\u00e1mica metodolog\u00eda de trabajo tanto para el alumno autodidacta,\u00a0<\/strong><strong>como as\u00ed tambi\u00e9n para el profesor en clase.<\/strong><\/p>\n<hr \/>\n<p><strong>CONTENIDO<\/strong><\/p>\n<p>Usted est\u00e1 descargando la\u00a0<span style=\"color: #ff0000;\"><b>VERSI\u00d3N<\/b><b style=\"color: #ff0000;\">\u00a0GRATUITA<\/b><\/span> <strong>(PDF de 13 p\u00e1ginas \u2013 17,5 MB)<\/strong> la cual <span style=\"color: #ff0000;\"><strong>NO CONTIENE:<\/strong><\/span><\/p>\n<p><strong><span style=\"color: #ff0000;\">* 7 Lecciones<\/span><\/strong> <em><em><em>( aplicaci\u00f3n sobre nueve tipos de acordes de s\u00e9ptima )<\/em><\/em><\/em><\/p>\n<p><span style=\"color: #ff0000;\"><strong>* Repertorio<\/strong><\/span> <em><em><em>(Maiden Voyage &#8211; So What &#8211; Cantaloupe Island )<\/em><\/em><\/em><\/p>\n<p><span style=\"color: #ff0000;\"><strong>* Audios &amp; Pistas de Pr\u00e1ctica<\/strong><\/span> <em><em><em>( 44 en Total )<\/em><\/em><\/em><\/p>\n<p><strong><span style=\"color: #ff0000;\">* Cuadro Resumen<\/span><\/strong> <em>( S\u00edntesis final por tipo de acorde )<\/em><strong style=\"text-align: center;\"><span style=\"color: #ff0000;\">\u00a0 \u00a0<\/span>\u00a0<\/strong><\/p>\n<hr \/>\n<p><b>OBJETIVOS Y\u00a0PROP\u00d3SITO<\/b><\/p>\n<p>El presente <strong>libro de Teor\u00eda \/ Tr\u00edadas Pares 1 dirigido a todos los instrumentistas<\/strong>, incluye el concepto pares el cual hace referencia a<strong> dos tr\u00edadas de igual tipo o especie que se encuentran a distancia de tono entre s\u00ed.<\/strong><\/p>\n<p>Las mismas surgen de la<strong> escala mayor y menor mel\u00f3dic<\/strong>a. Cada uno de <strong>los pares incluye tr\u00edadas mayores, menores y disminuidas.<\/strong><\/p>\n<p>Es importante tener en cuenta que al par de tr\u00edadas se lo considera <strong>como una unidad mel\u00f3dica<\/strong> formada por las distintas combinaciones de las tr\u00edadas que definen dicho par.<\/p>\n<p>En l\u00edneas generales <strong>se utilizan principalmente en armon\u00edas modales o bien sobre un mismo acorde de s\u00e9ptima<\/strong> que se mantiene por varios compases,<\/p>\n<p>Esto no impide que <strong>ampliemos nuestra b\u00fasqueda en su uso ya sea en distintas progresiones como as\u00ed tambi\u00e9n, en cualquier obra o canci\u00f3n.<\/strong><\/p>\n<hr \/>\n<p><strong>CONTENIDOS<\/strong><\/p>\n<p>El libro cuenta con<strong> 7 lecciones, 16 patrones mel\u00f3dicos y 13 enlaces especiales<\/strong> con todo el detalle de la aplicaci\u00f3n de las tr\u00edadas y las <strong>pistas de audio correspondientes a 9 diferentes tipos de acordes de 7ma.<\/strong><\/p>\n<p>Adem\u00e1s contiene la <strong>superposici\u00f3n de los diferentes pares de tr\u00edadas sobre tres obras del repertorio de Jaz<\/strong>z. <em>(Cantaloupe Island &#8211; Maiden Voyage &#8211; So What)<\/em><\/p>\n<p><strong>Los Cuadros S\u00edntesis y res\u00famenes<\/strong> nos dan la posibilidad de <strong>tener toda la informaci\u00f3n organizada para una permanente, r\u00e1pida y f\u00e1cil consulta.<\/strong><\/p>\n<p>Dichos pares se presentan en <strong>posici\u00f3n cerrada<\/strong> lo cual no impide que <strong>aquel que lo desee pueda desarrollar las mismas en posici\u00f3n abierta<\/strong>. <em>(Ver Triadas Abiertas 1 y 2 para guitarra de N\u00e9stor Crespo de \u00e9sta misma editorial)<\/em><\/p>\n<hr \/>\n<p><strong>AUDIOS\u00a0 <\/strong><em>(218 Audios y Pistas de Pr\u00e1ctica)<\/em><strong><br \/>\n<\/strong><\/p>\n<p>Con el objetivo de<strong> apreciar el sonido generado<\/strong> mediante la superposici\u00f3n de cada par de tr\u00edadas, <strong>es esencial la escucha de los audios incluidos en cada una de las lecciones.<\/strong><\/p>\n<p>Incluye adem\u00e1s:<\/p>\n<p><strong>18 Pistas de Pr\u00e1ctica: Modal<\/strong> <em>(sobre nueve tipos de acordes de s\u00e9ptima)<\/em><\/p>\n<p><strong>3 Pistas de Pr\u00e1ctica: Jazz<\/strong> <em>(Cantaloupe Island &#8211; Maiden Voyage &#8211; So What)<\/em><\/p>\n<hr \/>\n<p>Para m\u00e1s informaci\u00f3n consulte al autor escribiendo a: <span style=\"color: #3366ff;\"><a style=\"color: #3366ff;\" href=\"mailto:contacto@armandoalonso.com.ar\">contacto@armandoalonso.com.ar<\/a><\/span><\/p>\n<hr \/>\n<h2><strong>Libros Relacionados<\/strong><\/h2>\n<p><a href=\"https:\/\/serie20y20.com.ar\/federico-palmero\/product\/repertorio-y-guia-de-improvisacion-1-en-eb\/\"><img loading=\"lazy\" class=\"alignleft wp-image-2022 size-medium\" src=\"http:\/\/serie20y20.com.ar\/armando-alonso\/wp-content\/uploads\/2020\/11\/Repertorio-1-Eb-PAGO-212x300.jpg\" alt=\"\" width=\"212\" height=\"300\" srcset=\"https:\/\/serie20y20.com.ar\/armando-alonso\/wp-content\/uploads\/2020\/11\/Repertorio-1-Eb-PAGO-212x300.jpg 212w, https:\/\/serie20y20.com.ar\/armando-alonso\/wp-content\/uploads\/2020\/11\/Repertorio-1-Eb-PAGO-724x1024.jpg 724w, https:\/\/serie20y20.com.ar\/armando-alonso\/wp-content\/uploads\/2020\/11\/Repertorio-1-Eb-PAGO-768x1086.jpg 768w, https:\/\/serie20y20.com.ar\/armando-alonso\/wp-content\/uploads\/2020\/11\/Repertorio-1-Eb-PAGO-1086x1536.jpg 1086w, https:\/\/serie20y20.com.ar\/armando-alonso\/wp-content\/uploads\/2020\/11\/Repertorio-1-Eb-PAGO-1448x2048.jpg 1448w, https:\/\/serie20y20.com.ar\/armando-alonso\/wp-content\/uploads\/2020\/11\/Repertorio-1-Eb-PAGO-555x785.jpg 555w, https:\/\/serie20y20.com.ar\/armando-alonso\/wp-content\/uploads\/2020\/11\/Repertorio-1-Eb-PAGO-scaled.jpg 1811w\" sizes=\"(max-width: 212px) 100vw, 212px\" \/><\/a> <img loading=\"lazy\" class=\"wp-image-2020 size-medium alignleft\" src=\"http:\/\/serie20y20.com.ar\/armando-alonso\/wp-content\/uploads\/2020\/11\/Escala-Mayor-1-Eb-PAGO-212x300.jpg\" alt=\"\" width=\"212\" height=\"300\" srcset=\"https:\/\/serie20y20.com.ar\/armando-alonso\/wp-content\/uploads\/2020\/11\/Escala-Mayor-1-Eb-PAGO-212x300.jpg 212w, https:\/\/serie20y20.com.ar\/armando-alonso\/wp-content\/uploads\/2020\/11\/Escala-Mayor-1-Eb-PAGO-724x1024.jpg 724w, https:\/\/serie20y20.com.ar\/armando-alonso\/wp-content\/uploads\/2020\/11\/Escala-Mayor-1-Eb-PAGO-768x1086.jpg 768w, https:\/\/serie20y20.com.ar\/armando-alonso\/wp-content\/uploads\/2020\/11\/Escala-Mayor-1-Eb-PAGO-1086x1536.jpg 1086w, https:\/\/serie20y20.com.ar\/armando-alonso\/wp-content\/uploads\/2020\/11\/Escala-Mayor-1-Eb-PAGO-1448x2048.jpg 1448w, https:\/\/serie20y20.com.ar\/armando-alonso\/wp-content\/uploads\/2020\/11\/Escala-Mayor-1-Eb-PAGO-555x785.jpg 555w, https:\/\/serie20y20.com.ar\/armando-alonso\/wp-content\/uploads\/2020\/11\/Escala-Mayor-1-Eb-PAGO-scaled.jpg 1810w\" sizes=\"(max-width: 212px) 100vw, 212px\" \/> <img loading=\"lazy\" class=\"wp-image-2021 size-medium alignleft\" src=\"http:\/\/serie20y20.com.ar\/armando-alonso\/wp-content\/uploads\/2020\/11\/Escala-Mayor-2-Eb-PAGO-212x300.jpg\" alt=\"\" width=\"212\" height=\"300\" srcset=\"https:\/\/serie20y20.com.ar\/armando-alonso\/wp-content\/uploads\/2020\/11\/Escala-Mayor-2-Eb-PAGO-212x300.jpg 212w, https:\/\/serie20y20.com.ar\/armando-alonso\/wp-content\/uploads\/2020\/11\/Escala-Mayor-2-Eb-PAGO-724x1024.jpg 724w, https:\/\/serie20y20.com.ar\/armando-alonso\/wp-content\/uploads\/2020\/11\/Escala-Mayor-2-Eb-PAGO-768x1086.jpg 768w, https:\/\/serie20y20.com.ar\/armando-alonso\/wp-content\/uploads\/2020\/11\/Escala-Mayor-2-Eb-PAGO-1086x1536.jpg 1086w, https:\/\/serie20y20.com.ar\/armando-alonso\/wp-content\/uploads\/2020\/11\/Escala-Mayor-2-Eb-PAGO-1448x2048.jpg 1448w, https:\/\/serie20y20.com.ar\/armando-alonso\/wp-content\/uploads\/2020\/11\/Escala-Mayor-2-Eb-PAGO-555x785.jpg 555w, https:\/\/serie20y20.com.ar\/armando-alonso\/wp-content\/uploads\/2020\/11\/Escala-Mayor-2-Eb-PAGO-scaled.jpg 1810w\" sizes=\"(max-width: 212px) 100vw, 212px\" \/><\/p>\n<p>&nbsp;<\/p>\n<p>&nbsp;<\/p>\n","protected":false},"excerpt":{"rendered":"<p><iframe loading=\"lazy\" title=\"YouTube video player\" src=\"https:\/\/www.youtube.com\/embed\/kGnWWAwJGJg\" width=\"560\" height=\"315\" frameborder=\"0\" allowfullscreen=\"allowfullscreen\"><\/iframe><\/p>\n","protected":false},"featured_media":1909,"comment_status":"open","ping_status":"closed","template":"","meta":[],"_links":{"self":[{"href":"https:\/\/serie20y20.com.ar\/armando-alonso\/wp-json\/wp\/v2\/product\/1034"}],"collection":[{"href":"https:\/\/serie20y20.com.ar\/armando-alonso\/wp-json\/wp\/v2\/product"}],"about":[{"href":"https:\/\/serie20y20.com.ar\/armando-alonso\/wp-json\/wp\/v2\/types\/product"}],"replies":[{"embeddable":true,"href":"https:\/\/serie20y20.com.ar\/armando-alonso\/wp-json\/wp\/v2\/comments?post=1034"}],"wp:featuredmedia":[{"embeddable":true,"href":"https:\/\/serie20y20.com.ar\/armando-alonso\/wp-json\/wp\/v2\/media\/1909"}],"wp:attachment":[{"href":"https:\/\/serie20y20.com.ar\/armando-alonso\/wp-json\/wp\/v2\/media?parent=1034"}],"curies":[{"name":"wp","href":"https:\/\/api.w.org\/{rel}","templated":true}]}}