{"id":1043,"date":"2020-11-04T01:09:07","date_gmt":"2020-11-04T04:09:07","guid":{"rendered":"http:\/\/serie20y20.com.ar\/armando-alonso\/?post_type=product&#038;p=1043"},"modified":"2026-03-30T10:39:49","modified_gmt":"2026-03-30T13:39:49","slug":"teoria-triadas-pares-1-en-clave-de-bb","status":"publish","type":"product","link":"https:\/\/serie20y20.com.ar\/armando-alonso\/product\/teoria-triadas-pares-1-en-clave-de-bb\/","title":{"rendered":"TEORIA \/ Tr\u00edadas Pares 1 \u2013 en clave de Bb"},"content":{"rendered":"<p style=\"text-align: center;\"><strong>Pr\u00e1ctica y din\u00e1mica metodolog\u00eda de trabajo tanto para el alumno autodidacta, <\/strong><strong>como as\u00ed tambi\u00e9n para el profesor en clase.<\/strong><\/p>\n<hr \/>\n<p><strong>CONTENIDOS<\/strong><\/p>\n<p>Con su compra <strong>(PDF de 29 p\u00e1ginas &#8211; 145 MB)<\/strong> Usted adquiere:<\/p>\n<p><strong>* 7 Lecciones<\/strong> <em><em>( aplicaci\u00f3n sobre nueve tipos de acordes de s\u00e9ptima )<\/em><\/em><\/p>\n<p><strong>* Repertorio<\/strong> <em><em>(Maiden Voyage &#8211; So What &#8211; Cantaloupe Island )<\/em><\/em><\/p>\n<p><strong>* Audios &amp; Pistas de Pr\u00e1ctica<\/strong><em><em> ( 73 en Total )<\/em><\/em><\/p>\n<p><strong>* Cuadro Resumen<\/strong> <em>( S\u00edntesis final por tipo de acorde )<\/em><\/p>\n<hr \/>\n<p><b>OBJETIVOS Y\u00a0PROP\u00d3SITO<\/b><\/p>\n<p>El presente <strong>libro de Teor\u00eda \/ Tr\u00edadas Pares 1 dirigido a todos los instrumentistas<\/strong>, incluye el concepto pares el cual hace referencia a<strong> dos tr\u00edadas de igual tipo o especie que se encuentran a distancia de tono entre s\u00ed.<\/strong><\/p>\n<p>Las mismas surgen de la<strong> escala mayor y menor mel\u00f3dic<\/strong>a. Cada uno de <strong>los pares incluye tr\u00edadas mayores, menores y disminuidas.<\/strong><\/p>\n<p>Es importante tener en cuenta que al par de tr\u00edadas se lo considera <strong>como una unidad mel\u00f3dica<\/strong> formada por las distintas combinaciones de las tr\u00edadas que definen dicho par.<\/p>\n<p>En l\u00edneas generales <strong>se utilizan principalmente en armon\u00edas modales o bien sobre un mismo acorde de s\u00e9ptima<\/strong> que se mantiene por varios compases,<\/p>\n<p>Esto no impide que <strong>ampliemos nuestra b\u00fasqueda en su uso ya sea en distintas progresiones como as\u00ed tambi\u00e9n, en cualquier obra o canci\u00f3n.<\/strong><\/p>\n<hr \/>\n<p><strong>CONTENIDOS<\/strong><\/p>\n<p>El libro cuenta con<strong> 7 lecciones, 16 patrones mel\u00f3dicos y 13 enlaces especiales<\/strong> con todo el detalle de la aplicaci\u00f3n de las tr\u00edadas y las <strong>pistas de audio correspondientes a 9 diferentes tipos de acordes de 7ma.<\/strong><\/p>\n<p>Adem\u00e1s contiene la <strong>superposici\u00f3n de los diferentes pares de tr\u00edadas sobre tres obras del repertorio de Jaz<\/strong>z. <em>(Cantaloupe Island &#8211; Maiden Voyage &#8211; So What)<\/em><\/p>\n<p><strong>Los Cuadros S\u00edntesis y res\u00famenes<\/strong> nos dan la posibilidad de <strong>tener toda la informaci\u00f3n organizada para una permanente, r\u00e1pida y f\u00e1cil consulta.<\/strong><\/p>\n<p>Dichos pares se presentan en <strong>posici\u00f3n cerrada<\/strong> lo cual no impide que <strong>aquel que lo desee pueda desarrollar las mismas en posici\u00f3n abierta<\/strong>. <em>(Ver Triadas Abiertas 1 y 2 para guitarra de N\u00e9stor Crespo de \u00e9sta misma editorial)<\/em><\/p>\n<hr \/>\n<p><strong>AUDIOS\u00a0 <\/strong><em>(44 Audios y Pistas de Pr\u00e1ctica)<\/em><strong><br \/>\n<\/strong><\/p>\n<p>Con el objetivo de<strong> apreciar el sonido generado<\/strong> mediante la superposici\u00f3n de cada par de tr\u00edadas, <strong>es esencial la escucha de los audios incluidos en cada una de las lecciones.<\/strong><\/p>\n<p>Incluye adem\u00e1s:<\/p>\n<p><strong>15 Pistas de Pr\u00e1ctica: Modal<\/strong> <em>(sobre nueve tipos de acordes de s\u00e9ptima)<\/em><\/p>\n<p><strong>3 Pistas de Pr\u00e1ctica: Jazz<\/strong> <em>(Cantaloupe Island &#8211; Maiden Voyage &#8211; So What)<\/em><\/p>\n<hr \/>\n<p>Para m\u00e1s informaci\u00f3n consulte al autor escribiendo a:<span style=\"color: #3366ff;\"> <a style=\"color: #3366ff;\" href=\"mailto:contacto@armandoalonso.com.ar\">contacto@armandoalonso.com.ar<\/a><\/span><\/p>\n<hr \/>\n<h2><strong>Libros Relacionados<\/strong><\/h2>\n<p><a href=\"https:\/\/serie20y20.com.ar\/edgardo-vallarino\/producto\/teoria-hemiolas-y-modulaciones-ritmica-en-clave-de-bb\/\"><img loading=\"lazy\" class=\"wp-image-2023 size-medium alignleft\" src=\"http:\/\/serie20y20.com.ar\/armando-alonso\/wp-content\/uploads\/2020\/11\/Hemiolas-Bb-PAGO-212x300.jpg\" alt=\"\" width=\"212\" height=\"300\" srcset=\"https:\/\/serie20y20.com.ar\/armando-alonso\/wp-content\/uploads\/2020\/11\/Hemiolas-Bb-PAGO-212x300.jpg 212w, https:\/\/serie20y20.com.ar\/armando-alonso\/wp-content\/uploads\/2020\/11\/Hemiolas-Bb-PAGO-724x1024.jpg 724w, https:\/\/serie20y20.com.ar\/armando-alonso\/wp-content\/uploads\/2020\/11\/Hemiolas-Bb-PAGO-768x1086.jpg 768w, https:\/\/serie20y20.com.ar\/armando-alonso\/wp-content\/uploads\/2020\/11\/Hemiolas-Bb-PAGO-1086x1536.jpg 1086w, https:\/\/serie20y20.com.ar\/armando-alonso\/wp-content\/uploads\/2020\/11\/Hemiolas-Bb-PAGO-1448x2048.jpg 1448w, https:\/\/serie20y20.com.ar\/armando-alonso\/wp-content\/uploads\/2020\/11\/Hemiolas-Bb-PAGO-555x785.jpg 555w, https:\/\/serie20y20.com.ar\/armando-alonso\/wp-content\/uploads\/2020\/11\/Hemiolas-Bb-PAGO-scaled.jpg 1811w\" sizes=\"(max-width: 212px) 100vw, 212px\" \/><\/a> <a href=\"https:\/\/serie20y20.com.ar\/federico-palmero\/product\/repertorio-y-guia-de-improvisacion-1-en-bb\/\"><img loading=\"lazy\" class=\"wp-image-2024 size-medium alignleft\" src=\"http:\/\/serie20y20.com.ar\/armando-alonso\/wp-content\/uploads\/2020\/11\/Repertorio-1-Bb-PAGO-212x300.jpg\" alt=\"\" width=\"212\" height=\"300\" srcset=\"https:\/\/serie20y20.com.ar\/armando-alonso\/wp-content\/uploads\/2020\/11\/Repertorio-1-Bb-PAGO-212x300.jpg 212w, https:\/\/serie20y20.com.ar\/armando-alonso\/wp-content\/uploads\/2020\/11\/Repertorio-1-Bb-PAGO-724x1024.jpg 724w, https:\/\/serie20y20.com.ar\/armando-alonso\/wp-content\/uploads\/2020\/11\/Repertorio-1-Bb-PAGO-768x1086.jpg 768w, https:\/\/serie20y20.com.ar\/armando-alonso\/wp-content\/uploads\/2020\/11\/Repertorio-1-Bb-PAGO-1086x1536.jpg 1086w, https:\/\/serie20y20.com.ar\/armando-alonso\/wp-content\/uploads\/2020\/11\/Repertorio-1-Bb-PAGO-1448x2048.jpg 1448w, https:\/\/serie20y20.com.ar\/armando-alonso\/wp-content\/uploads\/2020\/11\/Repertorio-1-Bb-PAGO-555x785.jpg 555w, https:\/\/serie20y20.com.ar\/armando-alonso\/wp-content\/uploads\/2020\/11\/Repertorio-1-Bb-PAGO-scaled.jpg 1811w\" sizes=\"(max-width: 212px) 100vw, 212px\" \/><\/a> <a href=\"https:\/\/serie20y20.com.ar\/federico-palmero\/product\/repertorio-y-guia-de-improvisacion-2-en-bb-concierto\/\"><img loading=\"lazy\" class=\"wp-image-2025 size-medium alignleft\" src=\"http:\/\/serie20y20.com.ar\/armando-alonso\/wp-content\/uploads\/2020\/11\/Repertorio-2-Bb-PAGO-212x300.jpg\" alt=\"\" width=\"212\" height=\"300\" srcset=\"https:\/\/serie20y20.com.ar\/armando-alonso\/wp-content\/uploads\/2020\/11\/Repertorio-2-Bb-PAGO-212x300.jpg 212w, https:\/\/serie20y20.com.ar\/armando-alonso\/wp-content\/uploads\/2020\/11\/Repertorio-2-Bb-PAGO-724x1024.jpg 724w, https:\/\/serie20y20.com.ar\/armando-alonso\/wp-content\/uploads\/2020\/11\/Repertorio-2-Bb-PAGO-768x1086.jpg 768w, https:\/\/serie20y20.com.ar\/armando-alonso\/wp-content\/uploads\/2020\/11\/Repertorio-2-Bb-PAGO-1086x1536.jpg 1086w, https:\/\/serie20y20.com.ar\/armando-alonso\/wp-content\/uploads\/2020\/11\/Repertorio-2-Bb-PAGO-1448x2048.jpg 1448w, https:\/\/serie20y20.com.ar\/armando-alonso\/wp-content\/uploads\/2020\/11\/Repertorio-2-Bb-PAGO-555x785.jpg 555w, https:\/\/serie20y20.com.ar\/armando-alonso\/wp-content\/uploads\/2020\/11\/Repertorio-2-Bb-PAGO-scaled.jpg 1811w\" sizes=\"(max-width: 212px) 100vw, 212px\" \/><\/a><\/p>\n<p>&nbsp;<\/p>\n","protected":false},"excerpt":{"rendered":"<p><iframe loading=\"lazy\" title=\"YouTube video player\" src=\"https:\/\/www.youtube.com\/embed\/kGnWWAwJGJg\" width=\"560\" height=\"315\" frameborder=\"0\" allowfullscreen=\"allowfullscreen\"><\/iframe><\/p>\n","protected":false},"featured_media":1897,"comment_status":"open","ping_status":"closed","template":"","meta":[],"_links":{"self":[{"href":"https:\/\/serie20y20.com.ar\/armando-alonso\/wp-json\/wp\/v2\/product\/1043"}],"collection":[{"href":"https:\/\/serie20y20.com.ar\/armando-alonso\/wp-json\/wp\/v2\/product"}],"about":[{"href":"https:\/\/serie20y20.com.ar\/armando-alonso\/wp-json\/wp\/v2\/types\/product"}],"replies":[{"embeddable":true,"href":"https:\/\/serie20y20.com.ar\/armando-alonso\/wp-json\/wp\/v2\/comments?post=1043"}],"wp:featuredmedia":[{"embeddable":true,"href":"https:\/\/serie20y20.com.ar\/armando-alonso\/wp-json\/wp\/v2\/media\/1897"}],"wp:attachment":[{"href":"https:\/\/serie20y20.com.ar\/armando-alonso\/wp-json\/wp\/v2\/media?parent=1043"}],"curies":[{"name":"wp","href":"https:\/\/api.w.org\/{rel}","templated":true}]}}