{"id":1511,"date":"2022-03-29T10:47:40","date_gmt":"2022-03-29T13:47:40","guid":{"rendered":"https:\/\/serie20y20.com.ar\/armando-alonso\/?post_type=product&#038;p=1511"},"modified":"2026-03-30T10:38:53","modified_gmt":"2026-03-30T13:38:53","slug":"teoria-triadas-pares-2","status":"publish","type":"product","link":"https:\/\/serie20y20.com.ar\/armando-alonso\/product\/teoria-triadas-pares-2\/","title":{"rendered":"TEORIA \/ Tr\u00edadas Pares 2"},"content":{"rendered":"<p style=\"text-align: center;\"><strong>Pr\u00e1ctica y din\u00e1mica metodolog\u00eda de trabajo tanto para el alumno autodidacta,<br \/>\n<\/strong><strong>como as\u00ed tambi\u00e9n para el profesor en clase.<\/strong><\/p>\n<hr \/>\n<p><strong>CONTENIDOS<br \/>\n<\/strong><\/p>\n<p>Con su compra <strong>(PDF de 67 p\u00e1ginas \u2013 139 MB)<\/strong> Usted adquiere:<\/p>\n<p><strong>\u00a0 \u00a0* 46 Lecciones<\/strong> <em>( aplicaci\u00f3n sobre nueve tipos de acordes de s\u00e9ptima )<\/em><\/p>\n<p><strong>\u00a0 \u00a0* Repertorio<\/strong> (<em>Maiden Voyage &#8211; So What &#8211; Cantaloupe Island )<\/em><\/p>\n<p><strong>\u00a0 \u00a0* 380 Audios &amp; Pistas de Practica<\/strong><\/p>\n<p><strong>\u00a0 \u00a0* Ejemplos sobre Progresiones \u2013 Blues Mayor y Menor<\/strong><\/p>\n<hr \/>\n<p><strong>OBJETIVOS Y PROPOSITOS<\/strong><\/p>\n<p>El presente libro de<strong> Teor\u00eda \/ Tr\u00edadas Pares 2<\/strong> dirigido a todos los instrumentistas, desarrolla <strong>Pares de tr\u00edadas de igual o distinta especie<\/strong>. En esta oportunidad la distancia entre cada una de las triadas abarcara <strong>todos los intervalos a excepci\u00f3n de la 3ra mayor y 3ra menor<\/strong>.<\/p>\n<p>Todos los pares de tr\u00edadas que incluye el libro est\u00e1n organizados en relaci\u00f3n a <strong>9 diferentes tipos de acordes de 7ma<\/strong>, en los cuales no est\u00e1 incluido el acorde \u00b07.<\/p>\n<p>Es importante tener en cuenta que al <strong>Par de Tr\u00edadas<\/strong> se lo considera como una <strong>unidad mel\u00f3dica<\/strong> formada por las distintas combinaciones de las tr\u00edadas que definen dicho par.<\/p>\n<p>En l\u00edneas generales se utilizan principalmente en <strong>armon\u00edas modales<\/strong> o bien sobre un <strong>mismo acorde de s\u00e9ptima<\/strong> que se mantiene por varios compases.<\/p>\n<p>Esto no impide que ampliemos nuestra b\u00fasqueda en su uso ya sea en distintas progresiones como as\u00ed tambi\u00e9n, en cualquier obra o canci\u00f3n como as\u00ed tambi\u00e9n en nuestras composiciones.<\/p>\n<hr \/>\n<p><strong>CONTENIDOS<\/strong><\/p>\n<p>El libro cuenta con <strong>46 lecciones y 380 audios<\/strong> con todo el detalle de la aplicaci\u00f3n de las tr\u00edadas y las pistas de audio correspondientes a <strong>9 diferentes tipos de acordes de 7ma<\/strong>.<\/p>\n<p>Adem\u00e1s contiene la superposici\u00f3n de los diferentes <strong>pares de tr\u00edadas<\/strong> en forma de <strong>solo improvisado<\/strong> sobre <strong>II-V-I mayor<\/strong> y <strong>menor y Blues mayor y menor<\/strong> y la sugerencia de pares de triadas sobre <strong>tres obras del repertorio de Jazz<\/strong> (Cantaloupe Island &#8211; Maiden Voyage &#8211; So What).<\/p>\n<p>Dichos pares se presentan en <strong>posici\u00f3n cerrada<\/strong> lo cual no impide que aquel que lo desee pueda desarrollar las mismas en <strong>posici\u00f3n abierta<\/strong>. (Ver Triadas Abiertas 1 y 2 para Guitarra de N\u00e9stor Crespo de \u00e9sta misma editorial)<\/p>\n<p>Nota: Es importante tener en cuenta que se utilizan <strong>enarmon\u00edas<\/strong> en an\u00e1lisis mel\u00f3dico.<\/p>\n<hr \/>\n<p><strong>377 AUDIOS<\/strong> <em>(en las lecciones)<\/em><\/p>\n<p>Con el objetivo de apreciar el sonido generado mediante la superposici\u00f3n de cada par de tr\u00edadas, es esencial la escucha de los audios incluidos en cada una de las lecciones. Incluye adem\u00e1s:<\/p>\n<p><strong>3 Pistas de Practica: Jazz Standards<\/strong><\/p>\n<p><strong>\u00a0* Cantaloupe Island<\/strong><\/p>\n<p><strong>\u00a0 \u00a0* Maiden Voyage<\/strong><\/p>\n<p><strong>\u00a0 \u00a0* So What<\/strong><\/p>\n<p>Para m\u00e1s informaci\u00f3n consulte al autor escribiendo a:<span style=\"color: #3366ff;\"> <a style=\"color: #3366ff;\" href=\"mailto:contacto@armandoalonso.com.ar\">contacto@armandoalonso.com.ar<\/a><\/span><\/p>\n<hr \/>\n<h2><strong>Libros Relacionados<\/strong><\/h2>\n<p><a href=\"https:\/\/serie20y20.com.ar\/armando-alonso\/product\/teoria-superposicion-de-triadas-1\/\"><img loading=\"lazy\" class=\"alignnone size-medium wp-image-1521\" src=\"http:\/\/serie20y20.com.ar\/armando-alonso\/wp-content\/uploads\/2022\/03\/01.-TEORIA-Superposicion-de-Triadas-1-212x300.jpg\" alt=\"\" width=\"212\" height=\"300\" srcset=\"https:\/\/serie20y20.com.ar\/armando-alonso\/wp-content\/uploads\/2022\/03\/01.-TEORIA-Superposicion-de-Triadas-1-212x300.jpg 212w, https:\/\/serie20y20.com.ar\/armando-alonso\/wp-content\/uploads\/2022\/03\/01.-TEORIA-Superposicion-de-Triadas-1-724x1024.jpg 724w, https:\/\/serie20y20.com.ar\/armando-alonso\/wp-content\/uploads\/2022\/03\/01.-TEORIA-Superposicion-de-Triadas-1-768x1086.jpg 768w, https:\/\/serie20y20.com.ar\/armando-alonso\/wp-content\/uploads\/2022\/03\/01.-TEORIA-Superposicion-de-Triadas-1-1086x1536.jpg 1086w, https:\/\/serie20y20.com.ar\/armando-alonso\/wp-content\/uploads\/2022\/03\/01.-TEORIA-Superposicion-de-Triadas-1-1448x2048.jpg 1448w, https:\/\/serie20y20.com.ar\/armando-alonso\/wp-content\/uploads\/2022\/03\/01.-TEORIA-Superposicion-de-Triadas-1-555x785.jpg 555w, https:\/\/serie20y20.com.ar\/armando-alonso\/wp-content\/uploads\/2022\/03\/01.-TEORIA-Superposicion-de-Triadas-1-scaled.jpg 1811w\" sizes=\"(max-width: 212px) 100vw, 212px\" \/><\/a> <a href=\"https:\/\/serie20y20.com.ar\/armando-alonso\/product\/teoria-superposicion-de-triadas-2\/\"><img loading=\"lazy\" class=\"alignnone size-medium wp-image-1522\" src=\"http:\/\/serie20y20.com.ar\/armando-alonso\/wp-content\/uploads\/2022\/03\/02.-TEORIA-Superposicion-de-Triadas-2-212x300.jpg\" alt=\"\" width=\"212\" height=\"300\" srcset=\"https:\/\/serie20y20.com.ar\/armando-alonso\/wp-content\/uploads\/2022\/03\/02.-TEORIA-Superposicion-de-Triadas-2-212x300.jpg 212w, https:\/\/serie20y20.com.ar\/armando-alonso\/wp-content\/uploads\/2022\/03\/02.-TEORIA-Superposicion-de-Triadas-2-724x1024.jpg 724w, https:\/\/serie20y20.com.ar\/armando-alonso\/wp-content\/uploads\/2022\/03\/02.-TEORIA-Superposicion-de-Triadas-2-768x1086.jpg 768w, https:\/\/serie20y20.com.ar\/armando-alonso\/wp-content\/uploads\/2022\/03\/02.-TEORIA-Superposicion-de-Triadas-2-1086x1536.jpg 1086w, https:\/\/serie20y20.com.ar\/armando-alonso\/wp-content\/uploads\/2022\/03\/02.-TEORIA-Superposicion-de-Triadas-2-1448x2048.jpg 1448w, https:\/\/serie20y20.com.ar\/armando-alonso\/wp-content\/uploads\/2022\/03\/02.-TEORIA-Superposicion-de-Triadas-2-555x785.jpg 555w, https:\/\/serie20y20.com.ar\/armando-alonso\/wp-content\/uploads\/2022\/03\/02.-TEORIA-Superposicion-de-Triadas-2-scaled.jpg 1811w\" sizes=\"(max-width: 212px) 100vw, 212px\" \/><\/a> <a href=\"https:\/\/serie20y20.com.ar\/armando-alonso\/product\/teoria-superposicion-de-triadas-1\/\"><img loading=\"lazy\" class=\"alignnone wp-image-1523 size-medium\" src=\"http:\/\/serie20y20.com.ar\/armando-alonso\/wp-content\/uploads\/2022\/03\/03.-Tapa-Triadas-Abiertas-1-C-Concierto-PAGO-212x300.jpg\" alt=\"\" width=\"212\" height=\"300\" srcset=\"https:\/\/serie20y20.com.ar\/armando-alonso\/wp-content\/uploads\/2022\/03\/03.-Tapa-Triadas-Abiertas-1-C-Concierto-PAGO-212x300.jpg 212w, https:\/\/serie20y20.com.ar\/armando-alonso\/wp-content\/uploads\/2022\/03\/03.-Tapa-Triadas-Abiertas-1-C-Concierto-PAGO-724x1024.jpg 724w, https:\/\/serie20y20.com.ar\/armando-alonso\/wp-content\/uploads\/2022\/03\/03.-Tapa-Triadas-Abiertas-1-C-Concierto-PAGO-768x1086.jpg 768w, https:\/\/serie20y20.com.ar\/armando-alonso\/wp-content\/uploads\/2022\/03\/03.-Tapa-Triadas-Abiertas-1-C-Concierto-PAGO-1086x1536.jpg 1086w, https:\/\/serie20y20.com.ar\/armando-alonso\/wp-content\/uploads\/2022\/03\/03.-Tapa-Triadas-Abiertas-1-C-Concierto-PAGO-1448x2048.jpg 1448w, https:\/\/serie20y20.com.ar\/armando-alonso\/wp-content\/uploads\/2022\/03\/03.-Tapa-Triadas-Abiertas-1-C-Concierto-PAGO-555x785.jpg 555w, https:\/\/serie20y20.com.ar\/armando-alonso\/wp-content\/uploads\/2022\/03\/03.-Tapa-Triadas-Abiertas-1-C-Concierto-PAGO-scaled.jpg 1811w\" sizes=\"(max-width: 212px) 100vw, 212px\" \/><\/a><\/p>\n<p>&nbsp;<\/p>\n","protected":false},"excerpt":{"rendered":"<p><iframe loading=\"lazy\" title=\"YouTube video player\" src=\"https:\/\/www.youtube.com\/embed\/kGnWWAwJGJg\" width=\"560\" height=\"315\" frameborder=\"0\" allowfullscreen=\"allowfullscreen\"><\/iframe><\/p>\n","protected":false},"featured_media":1512,"comment_status":"open","ping_status":"closed","template":"","meta":[],"_links":{"self":[{"href":"https:\/\/serie20y20.com.ar\/armando-alonso\/wp-json\/wp\/v2\/product\/1511"}],"collection":[{"href":"https:\/\/serie20y20.com.ar\/armando-alonso\/wp-json\/wp\/v2\/product"}],"about":[{"href":"https:\/\/serie20y20.com.ar\/armando-alonso\/wp-json\/wp\/v2\/types\/product"}],"replies":[{"embeddable":true,"href":"https:\/\/serie20y20.com.ar\/armando-alonso\/wp-json\/wp\/v2\/comments?post=1511"}],"wp:featuredmedia":[{"embeddable":true,"href":"https:\/\/serie20y20.com.ar\/armando-alonso\/wp-json\/wp\/v2\/media\/1512"}],"wp:attachment":[{"href":"https:\/\/serie20y20.com.ar\/armando-alonso\/wp-json\/wp\/v2\/media?parent=1511"}],"curies":[{"name":"wp","href":"https:\/\/api.w.org\/{rel}","templated":true}]}}