{"id":2123,"date":"2026-03-20T15:50:44","date_gmt":"2026-03-20T18:50:44","guid":{"rendered":"https:\/\/serie20y20.com.ar\/armando-alonso\/?post_type=product&#038;p=2123"},"modified":"2026-04-10T15:03:08","modified_gmt":"2026-04-10T18:03:08","slug":"teoria-armonias-de-blues-mayor-bb-mayor-version-gratuita","status":"publish","type":"product","link":"https:\/\/serie20y20.com.ar\/armando-alonso\/product\/teoria-armonias-de-blues-mayor-bb-mayor-version-gratuita\/","title":{"rendered":"TEORIA \/ ARMONIAS DE BLUES MAYOR \u2013 (Bb Mayor) &#8211; VERSION GRATUITA"},"content":{"rendered":"<p style=\"text-align: center;\"><strong>Pr\u00e1ctica y din\u00e1mica metodolog\u00eda de trabajo tanto para el alumno autodidacta,<br \/>\n<\/strong><strong>como as\u00ed tambi\u00e9n para el profesor en clase.<\/strong><\/p>\n<hr \/>\n<p>Usted ha descargando la\u00a0<strong><span style=\"color: #ff0000;\">VERSI\u00d3N GRATUITA<\/span><\/strong>\u00a0<em>(PDF de 28 p\u00e1ginas \u2013 5 MB)<\/em>\u00a0la cual\u00a0contiene:<\/p>\n<p>* <strong>2 Armon\u00edas de Blues<\/strong> (de las 34 restantes)<br \/>\n* <strong>2 An\u00e1lisis Funcional Escrito<\/strong>. (de las 34 restantes)<br \/>\n* <strong>No se incluyen los 36 Audios<\/strong><\/p>\n<h3>Si lo desea<strong> puede adquirir el Ebook Completo<\/strong> ingresando haciendo <span style=\"color: #0000ff;\"><strong><a style=\"color: #0000ff;\" href=\"https:\/\/serie20y20.com.ar\/armando-alonso\/product\/teoria-armonias-de-blues-mayor-bb-mayor\/\">CLIC AQUI<\/a><\/strong><\/span><\/h3>\n<hr \/>\n<p><strong>CONTENIDOS<br \/>\n<\/strong><br \/>\nCon su compra (<strong>PDF de 28 p\u00e1ginas \u2013 5 MB<\/strong>) Usted adquiere:<\/p>\n<p><strong>* 36 Armon\u00edas de Blues Mayor<\/strong> (Bb Mayor)<br \/>\n<strong>* 36 Armon\u00edas de Blues Mayor<\/strong> (An\u00e1lisis Funcional Escrito)<br \/>\n<strong>* 36 Audios<\/strong><\/p>\n<hr \/>\n<p><strong>CONSIDERACIONES PERSONALES<\/strong><\/p>\n<p>La estructura de Blues resulta para m\u00ed una de las progresiones m\u00e1s importantes a estudiar ya que un breve recorrido, <strong>12 compases<\/strong>, nos brinda la posibilidad de ampliar y desarrollar las <strong>3 funciones tonales<\/strong> siendo estas: <strong>T\u00f3nica<\/strong>, <strong>Subdominante<\/strong> y <strong>Dominante.<\/strong><\/p>\n<hr \/>\n<p>ACERCA DEL LIBRO<\/p>\n<p>En mi libro <strong>\u201cArmon\u00eda de Blues Mayor\u201d<\/strong> partiendo de la <strong>estructura fundacional<\/strong>, la cual contiene los <strong>tres grados I &#8211; IV &#8211; V<\/strong>, desarrollo <strong>36 rearmonizaciones<\/strong> aplicando conceptos de la <strong>Armon\u00eda Funcional, Cambios Coltrane, Acordes H\u00edbridos<\/strong>, entre otros.<\/p>\n<p>Es importante destacar que cada una de las rearmonizaciones contiene adem\u00e1s el \u201c<strong>An\u00e1lisis Funcional Escrito<\/strong>\u201d.<\/p>\n<p>En caso de tener alguna duda aconsejo consultar los libros <strong>\u201cSuperposici\u00f3n de Tr\u00edadas 1\u201d<\/strong> de mi autor\u00eda como as\u00ed tambi\u00e9n <strong>\u201cArmon\u00eda Funcional I y II\u201d<\/strong> de Nestor Crespo, los cuales se encuentran disponibles en nuestra <strong>Editorial Digital de M\u00fasica Serie 20&amp;20<\/strong> &#8211; <a href=\"https:\/\/www.serie20y20.com.ar\">www.serie20y20.com.ar<\/a><\/p>\n<hr \/>\n<p><strong>\u00bfC\u00d3MO UTILIZAR EL LIBRO?<\/strong><\/p>\n<p>Por tratarse de un libro <strong>\u201cINTERACTIVO\u201d es indispensable tenerlo impreso en \u201csimple faz\u201d.<br \/>\n<\/strong><br \/>\nEl motivo de <strong>imprimirlo en simple faz<\/strong> radica en que en cada una de las p\u00e1ginas <strong>ver\u00e1n dos L\u00edneas Punteadas<\/strong> con el \u201c<strong>S\u00edmbolo de una Tijera<\/strong>\u201d en el margen derecho y una <strong>\u201cL\u00ednea Vertical Tope\u201d<\/strong> que nos indica <strong>hasta donde realizar el corte<\/strong>.<\/p>\n<p>Cada rearmonizaci\u00f3n est\u00e1 <strong>dividida en \u201cTres Bloques\u201d<\/strong>, siendo estos:<\/p>\n<p>\u2981 <strong>Bloque 1:<\/strong> compases del <strong>1 al 4<\/strong>.<br \/>\n\u2981 <strong>Bloque 2:<\/strong> compases del <strong>5 al 8<\/strong>.<br \/>\n\u2981 <strong>Bloque 3:<\/strong> compases del <strong>9 al 12<\/strong>.<\/p>\n<p>Cada una de las 36 rearmonizaciones de cada bloque <strong>puede combinarse libremente entre s\u00ed<\/strong>.<\/p>\n<hr \/>\n<p><strong>\u00bfC\u00d3MO COMBINAR BLOQUES?<br \/>\n<\/strong><br \/>\nCon el libro<strong> impreso y habiendo realizados los cortes<\/strong> podr\u00e1n por ejemplo, combinar el <strong>\u201cBloque del Blues 1\u201d<\/strong> con el <strong>\u201cBloque 2 del Blues 4\u201d<\/strong> para terminar con el <strong>\u201cBloque 3 del Blues 16\u201d<\/strong>.<br \/>\nDe esta manera pueden lograr un gran n\u00famero de rearmonizaciones posibles.<\/p>\n<hr \/>\n<p><strong>AUDIOS<\/strong><br \/>\nEl libro cuenta adem\u00e1s con los <strong>36 audios correspondientes a los 36 Blues originales.<\/strong> Desde ya no se incluyen los audios de las distintas combinaciones de bloques que pueden realizarse.<\/p>\n<hr \/>\n<p><strong>OBJETIVO<\/strong><br \/>\nEl objetivo es que alguna de las combinaciones que encuentren, <strong>los inspiren a componer un blues<\/strong>, teniendo adem\u00e1s en cuenta que <strong>al momento de improvisar<\/strong> podr\u00e1n si as\u00ed lo desean utilizar otra combinaci\u00f3n o la estructura est\u00e1ndar del Blues Mayor.<br \/>\n_____________________________________________________<\/p>\n<p>Para m\u00e1s informaci\u00f3n consulte al autor escribiendo a:<span style=\"color: #3366ff;\"> <a style=\"color: #3366ff;\" href=\"mailto:contacto@armandoalonso.com.ar\">contacto@armandoalonso.com.ar<\/a><\/span><\/p>\n<hr \/>\n<h2><strong>Libros Relacionados<\/strong><\/h2>\n<p><a href=\"https:\/\/www.serie20y20.com.ar\/nestor-crespo\/product\/teoria-armonia-funcional-1\/?v=d72a48a8ebd2\"><img loading=\"lazy\" class=\"alignnone size-medium wp-image-2120\" src=\"http:\/\/serie20y20.com.ar\/armando-alonso\/wp-content\/uploads\/2026\/03\/01.-Armonia-Funcional-1-211x300.jpg\" alt=\"\" width=\"211\" height=\"300\" srcset=\"https:\/\/serie20y20.com.ar\/armando-alonso\/wp-content\/uploads\/2026\/03\/01.-Armonia-Funcional-1-211x300.jpg 211w, https:\/\/serie20y20.com.ar\/armando-alonso\/wp-content\/uploads\/2026\/03\/01.-Armonia-Funcional-1-722x1024.jpg 722w, https:\/\/serie20y20.com.ar\/armando-alonso\/wp-content\/uploads\/2026\/03\/01.-Armonia-Funcional-1-768x1089.jpg 768w, https:\/\/serie20y20.com.ar\/armando-alonso\/wp-content\/uploads\/2026\/03\/01.-Armonia-Funcional-1-1083x1536.jpg 1083w, https:\/\/serie20y20.com.ar\/armando-alonso\/wp-content\/uploads\/2026\/03\/01.-Armonia-Funcional-1-1444x2048.jpg 1444w, https:\/\/serie20y20.com.ar\/armando-alonso\/wp-content\/uploads\/2026\/03\/01.-Armonia-Funcional-1-555x787.jpg 555w, https:\/\/serie20y20.com.ar\/armando-alonso\/wp-content\/uploads\/2026\/03\/01.-Armonia-Funcional-1-scaled.jpg 1805w\" sizes=\"(max-width: 211px) 100vw, 211px\" \/><\/a> <a href=\"http:\/\/serie20y20.com.ar\/nestor-crespo\/product\/teoria-armonia-funcional-2\/?v=d72a48a8ebd2\"><img loading=\"lazy\" class=\"alignnone size-medium wp-image-2121\" src=\"http:\/\/serie20y20.com.ar\/armando-alonso\/wp-content\/uploads\/2026\/03\/02.-Armonia-Funcional-2-211x300.jpg\" alt=\"\" width=\"211\" height=\"300\" srcset=\"https:\/\/serie20y20.com.ar\/armando-alonso\/wp-content\/uploads\/2026\/03\/02.-Armonia-Funcional-2-211x300.jpg 211w, https:\/\/serie20y20.com.ar\/armando-alonso\/wp-content\/uploads\/2026\/03\/02.-Armonia-Funcional-2-722x1024.jpg 722w, https:\/\/serie20y20.com.ar\/armando-alonso\/wp-content\/uploads\/2026\/03\/02.-Armonia-Funcional-2-768x1089.jpg 768w, https:\/\/serie20y20.com.ar\/armando-alonso\/wp-content\/uploads\/2026\/03\/02.-Armonia-Funcional-2-1083x1536.jpg 1083w, https:\/\/serie20y20.com.ar\/armando-alonso\/wp-content\/uploads\/2026\/03\/02.-Armonia-Funcional-2-1444x2048.jpg 1444w, https:\/\/serie20y20.com.ar\/armando-alonso\/wp-content\/uploads\/2026\/03\/02.-Armonia-Funcional-2-555x787.jpg 555w, https:\/\/serie20y20.com.ar\/armando-alonso\/wp-content\/uploads\/2026\/03\/02.-Armonia-Funcional-2-scaled.jpg 1805w\" sizes=\"(max-width: 211px) 100vw, 211px\" \/><\/a> <a href=\"https:\/\/serie20y20.com.ar\/armando-alonso\/product\/teoria-superposicion-de-triadas-1\/\"><img loading=\"lazy\" class=\"alignnone size-medium wp-image-2122\" src=\"http:\/\/serie20y20.com.ar\/armando-alonso\/wp-content\/uploads\/2026\/03\/03.-Tapa-Superposicion-de-Triadas-1-212x300.jpg\" alt=\"\" width=\"212\" height=\"300\" srcset=\"https:\/\/serie20y20.com.ar\/armando-alonso\/wp-content\/uploads\/2026\/03\/03.-Tapa-Superposicion-de-Triadas-1-212x300.jpg 212w, https:\/\/serie20y20.com.ar\/armando-alonso\/wp-content\/uploads\/2026\/03\/03.-Tapa-Superposicion-de-Triadas-1-724x1024.jpg 724w, https:\/\/serie20y20.com.ar\/armando-alonso\/wp-content\/uploads\/2026\/03\/03.-Tapa-Superposicion-de-Triadas-1-768x1086.jpg 768w, https:\/\/serie20y20.com.ar\/armando-alonso\/wp-content\/uploads\/2026\/03\/03.-Tapa-Superposicion-de-Triadas-1-1086x1536.jpg 1086w, https:\/\/serie20y20.com.ar\/armando-alonso\/wp-content\/uploads\/2026\/03\/03.-Tapa-Superposicion-de-Triadas-1-1448x2048.jpg 1448w, https:\/\/serie20y20.com.ar\/armando-alonso\/wp-content\/uploads\/2026\/03\/03.-Tapa-Superposicion-de-Triadas-1-555x785.jpg 555w, https:\/\/serie20y20.com.ar\/armando-alonso\/wp-content\/uploads\/2026\/03\/03.-Tapa-Superposicion-de-Triadas-1-scaled.jpg 1811w\" sizes=\"(max-width: 212px) 100vw, 212px\" \/><\/a><\/p>\n","protected":false},"excerpt":{"rendered":"<p><iframe loading=\"lazy\" width=\"200\" height=\"267\" src=\"https:\/\/www.youtube.com\/embed\/OXlSi4hFJgM\" title=\"ARMONIAS DE BLUES - Libro  Interactivo de Armando Alonso - Editorial Digital de M\u00fasica Serie 20&amp;20\" frameborder=\"0\" allow=\"accelerometer; autoplay; clipboard-write; encrypted-media; gyroscope; picture-in-picture; web-share\" referrerpolicy=\"strict-origin-when-cross-origin\" allowfullscreen><\/iframe><\/p>\n<p><iframe loading=\"lazy\" width=\"200\" height=\"267\" src=\"https:\/\/www.youtube.com\/embed\/E1lsjDM0h5c\" title=\"Armonia de Blues   Armando Alonso - Editorial Digital de Musica Serie20y20. www.serie20y20.com.ar\" frameborder=\"0\" allow=\"accelerometer; autoplay; clipboard-write; encrypted-media; gyroscope; picture-in-picture; web-share\" referrerpolicy=\"strict-origin-when-cross-origin\" allowfullscreen><\/iframe><\/p>\n<p><iframe loading=\"lazy\" width=\"560\" height=\"315\" src=\"https:\/\/www.youtube.com\/embed\/kGnWWAwJGJg?si=RJa55njD6EnSm-t2\" title=\"YouTube video player\" frameborder=\"0\" allow=\"accelerometer; autoplay; clipboard-write; encrypted-media; gyroscope; picture-in-picture; web-share\" referrerpolicy=\"strict-origin-when-cross-origin\" allowfullscreen><\/iframe><\/p>\n","protected":false},"featured_media":2134,"comment_status":"open","ping_status":"closed","template":"","meta":[],"_links":{"self":[{"href":"https:\/\/serie20y20.com.ar\/armando-alonso\/wp-json\/wp\/v2\/product\/2123"}],"collection":[{"href":"https:\/\/serie20y20.com.ar\/armando-alonso\/wp-json\/wp\/v2\/product"}],"about":[{"href":"https:\/\/serie20y20.com.ar\/armando-alonso\/wp-json\/wp\/v2\/types\/product"}],"replies":[{"embeddable":true,"href":"https:\/\/serie20y20.com.ar\/armando-alonso\/wp-json\/wp\/v2\/comments?post=2123"}],"wp:featuredmedia":[{"embeddable":true,"href":"https:\/\/serie20y20.com.ar\/armando-alonso\/wp-json\/wp\/v2\/media\/2134"}],"wp:attachment":[{"href":"https:\/\/serie20y20.com.ar\/armando-alonso\/wp-json\/wp\/v2\/media?parent=2123"}],"curies":[{"name":"wp","href":"https:\/\/api.w.org\/{rel}","templated":true}]}}