{"id":22,"date":"2019-01-31T23:00:48","date_gmt":"2019-02-01T02:00:48","guid":{"rendered":"http:\/\/serie20y20.com.ar\/armando-alonso\/?post_type=product&#038;p=22"},"modified":"2026-03-30T10:39:42","modified_gmt":"2026-03-30T13:39:42","slug":"teoria-superposicion-de-triadas-1","status":"publish","type":"product","link":"https:\/\/serie20y20.com.ar\/armando-alonso\/product\/teoria-superposicion-de-triadas-1\/","title":{"rendered":"TEOR\u00cdA \/ Superposici\u00f3n de Tr\u00edadas 1"},"content":{"rendered":"<p style=\"text-align: center;\"><strong>Pr\u00e1ctica y din\u00e1mica metodolog\u00eda de trabajo tanto para el alumno autodidacta,<br \/>\n<\/strong><strong>como as\u00ed tambi\u00e9n para el profesor en clase.<\/strong><\/p>\n<hr \/>\n<p>Con su compra\u00a0<strong>(PDF de 100 p\u00e1ginas \u2013 403 MB)<\/strong>\u00a0Usted adquiere adem\u00e1s:<\/p>\n<p><strong>*\u00a0 20 Lecciones y 20 Ejercicios<\/strong><\/p>\n<p><strong>*\u00a0 169 Audios y Pistas de Pr\u00e1ctica <\/strong>\u00a0<em>(Las lecciones, ejercicios y trabajos pr\u00e1cticos contienen audios, los cuales nos facilitaran el estudio y el desarrollo de nuestro o\u00eddo arm\u00f3nico)<\/em><em><br \/>\n<\/em><br \/>\n<strong>*\u00a0 4 Obras de Repertorio<\/strong>\u00a0<em>(Jazz Standards\u00a0&#8211; Blues Mayor y Menor,\u00a0 con 8 Pistas de Pr\u00e1ctica para aplicar lo estudiado)<\/em><\/p>\n<p><strong>*\u00a0 8 Ejercicios con Circulo de Quintas<\/strong>\u00a0<em>(8 especies de acordes)<\/em><em><br \/>\n<\/em><br \/>\n<strong>* Libro para Imprimir<\/strong>\u00a0<em>(Sin marca de agua)<\/em><\/p>\n<hr \/>\n<p><strong>Objetivos y Prop\u00f3sitos<\/strong><\/p>\n<p>El \u00a0libro de <strong>Teor\u00eda<\/strong> \/ <strong>Superposici\u00f3n de Tr\u00edadas 1<\/strong>, dirigido a todos los instrumentistas, incluye las siguientes tr\u00edadas: <strong>Mayor, Menor, Disminuida y Aumentada. <\/strong>Mi idea es generar una forma de pensamiento musical a partir del uso y la superposici\u00f3n de tr\u00edadas, ya sea desde la formaci\u00f3n del acorde de s\u00e9ptima hasta la aplicaci\u00f3n de tensiones.<\/p>\n<p>A partir de una unidad simple como la tr\u00edada estaremos en condiciones de manejar con facilidad distintas texturas arm\u00f3nicas, por ejemplo, al <strong>superponer la tr\u00edada de Em sobre Cmaj7<\/strong> generamos: <strong>3, 5 <\/strong>y<strong> 7<\/strong> del acorde, en cambio si superponemos la tr\u00edada de <strong>D Mayor<\/strong> estaremos generando: <strong>9, #11 y 6<\/strong>.<\/p>\n<p>A futuro, el manejo de este concepto, nos permitir\u00e1 no solo <strong>utilizar las diferentes triadas al momento de improvisar <\/strong>sino tambi\u00e9n pensar en otras armon\u00edas las cuales estar\u00e1n <strong>superpuestas sobre las originales<\/strong> para \u00a0ser utilizadas en forma de acordes.<strong>\u00a0<\/strong><\/p>\n<hr \/>\n<p><strong>CONTENIDOS<\/strong><\/p>\n<p>El libro cuenta con <strong>20 lecciones<\/strong> con todo el detalle de la aplicaci\u00f3n de las tr\u00edadas y <strong>20 ejercicios<\/strong> los cuales incluyen diferentes <strong>progresiones arm\u00f3nicas<\/strong> espec\u00edficas para aplicar las distintas superposiciones. Adem\u00e1s contiene la superposici\u00f3n de las diferentes triadas sobre <strong>Circulo de 5tas<\/strong> <em>(8 especies de acordes)<\/em> y <strong>Jazz\u00a0Standards, Blues Mayor y Menor.<\/strong><\/p>\n<p>La informaci\u00f3n est\u00e1 organizada en funci\u00f3n de la armon\u00eda funcional tanto en el modo mayor como en el modo menor, incluyendo: sustituciones diat\u00f3nicas, dominantes secundarios, sustitutos, segundo menor relativo, etc.<\/p>\n<p>Los cuadros <strong>&#8220;S\u00edntesis&#8221;<\/strong> y los res\u00famenes no dan la posibilidad de tener toda la informaci\u00f3n organizada para una r\u00e1pida y f\u00e1cil consulta permanente.<\/p>\n<p>En el libro las tr\u00edadas se presentan <strong>en posici\u00f3n cerrada<\/strong> lo cual no impide que aquel que lo desee pueda investigar las mismas en <strong>posici\u00f3n abierta<\/strong>.<em> (Ver Triadas Abiertas 1 y 2 de N\u00e9stor Crespo de esta misma editorial)<\/em><\/p>\n<hr \/>\n<p><strong>AUDIOS\u00a0 <\/strong><em>(169 Audios y Pistas de Pr\u00e1ctica)<\/em><strong><br \/>\n<\/strong><\/p>\n<p>Con el objetivo de <strong>apreciar el sonido<\/strong> generado mediante la\u00a0 superposici\u00f3n de tr\u00edadas, es <strong>esencial la escucha de los audios incluidos en cada una de las lecciones.<\/strong><\/p>\n<p>Incluye tambi\u00e9n los audios correspondientes a los ejercicios de manera modal, las \u00a0progresiones arm\u00f3nicas, temas Standards y Blues mayor y menor.<\/p>\n<p>En los\u00a0<strong>ejercicios es conveniente en primer lugar tocar\u00a0<\/strong>cada una de las tr\u00edadas\u00a0<em>(en estado fundamental y sus inversiones)\u00a0<\/em><strong><em>en\u00a0<\/em><\/strong><strong>forma de acorde<\/strong>\u00a0desprovisto de toda r\u00edtmica con el fin de\u00a0<strong>concentrarnos \u00fanicamente en el sonido generado<\/strong>, una vez superada esta etapa podremos aplicar las mismas tr\u00edadas en forma mel\u00f3dica.<\/p>\n<hr \/>\n<p>Para m\u00e1s informaci\u00f3n consulte al autor escribiendo a:<span style=\"color: #3366ff;\"> <a style=\"color: #3366ff;\" href=\"mailto:contacto@armandoalonso.com.ar\">contacto@armandoalonso.com.ar<\/a><\/span><\/p>\n<hr \/>\n<h2><strong>Libros Relacionados<\/strong><\/h2>\n<p><a href=\"http:\/\/serie20y20.com.ar\/armando-alonso\/product\/guitarra-superposicion-de-triadas-armonico-2\/\"><img loading=\"lazy\" class=\"alignnone wp-image-306 size-medium\" src=\"http:\/\/serie20y20.com.ar\/armando-alonso\/wp-content\/uploads\/2019\/01\/01.-Triadas-Armonico-212x300.jpg\" alt=\"\" width=\"212\" height=\"300\" srcset=\"https:\/\/serie20y20.com.ar\/armando-alonso\/wp-content\/uploads\/2019\/01\/01.-Triadas-Armonico-212x300.jpg 212w, https:\/\/serie20y20.com.ar\/armando-alonso\/wp-content\/uploads\/2019\/01\/01.-Triadas-Armonico-768x1086.jpg 768w, https:\/\/serie20y20.com.ar\/armando-alonso\/wp-content\/uploads\/2019\/01\/01.-Triadas-Armonico-724x1024.jpg 724w, https:\/\/serie20y20.com.ar\/armando-alonso\/wp-content\/uploads\/2019\/01\/01.-Triadas-Armonico-555x785.jpg 555w\" sizes=\"(max-width: 212px) 100vw, 212px\" \/><\/a> <a href=\"https:\/\/serie20y20.com.ar\/armando-alonso\/product\/guitarra-superposicion-de-triadas-plan-de-tecnica-melodico\/\"><img loading=\"lazy\" class=\"alignnone wp-image-276 size-medium\" src=\"http:\/\/serie20y20.com.ar\/armando-alonso\/wp-content\/uploads\/2019\/01\/02-20-212x300.jpg\" alt=\"\" width=\"212\" height=\"300\" srcset=\"https:\/\/serie20y20.com.ar\/armando-alonso\/wp-content\/uploads\/2019\/01\/02-20-212x300.jpg 212w, https:\/\/serie20y20.com.ar\/armando-alonso\/wp-content\/uploads\/2019\/01\/02-20-768x1086.jpg 768w, https:\/\/serie20y20.com.ar\/armando-alonso\/wp-content\/uploads\/2019\/01\/02-20-724x1024.jpg 724w, https:\/\/serie20y20.com.ar\/armando-alonso\/wp-content\/uploads\/2019\/01\/02-20-555x785.jpg 555w\" sizes=\"(max-width: 212px) 100vw, 212px\" \/><\/a> <img loading=\"lazy\" class=\"alignnone wp-image-568 size-medium\" src=\"http:\/\/serie20y20.com.ar\/armando-alonso\/wp-content\/uploads\/2019\/01\/01-8-212x300.jpg\" alt=\"\" width=\"212\" height=\"300\" srcset=\"https:\/\/serie20y20.com.ar\/armando-alonso\/wp-content\/uploads\/2019\/01\/01-8-212x300.jpg 212w, https:\/\/serie20y20.com.ar\/armando-alonso\/wp-content\/uploads\/2019\/01\/01-8-768x1086.jpg 768w, https:\/\/serie20y20.com.ar\/armando-alonso\/wp-content\/uploads\/2019\/01\/01-8-724x1024.jpg 724w, https:\/\/serie20y20.com.ar\/armando-alonso\/wp-content\/uploads\/2019\/01\/01-8-555x785.jpg 555w\" sizes=\"(max-width: 212px) 100vw, 212px\" \/><\/p>\n<p>&nbsp;<\/p>\n","protected":false},"excerpt":{"rendered":"<p><iframe loading=\"lazy\" title=\"YouTube video player\" src=\"https:\/\/www.youtube.com\/embed\/kGnWWAwJGJg\" width=\"560\" height=\"315\" frameborder=\"0\" allowfullscreen=\"allowfullscreen\"><\/iframe><\/p>\n","protected":false},"featured_media":1911,"comment_status":"open","ping_status":"closed","template":"","meta":[],"_links":{"self":[{"href":"https:\/\/serie20y20.com.ar\/armando-alonso\/wp-json\/wp\/v2\/product\/22"}],"collection":[{"href":"https:\/\/serie20y20.com.ar\/armando-alonso\/wp-json\/wp\/v2\/product"}],"about":[{"href":"https:\/\/serie20y20.com.ar\/armando-alonso\/wp-json\/wp\/v2\/types\/product"}],"replies":[{"embeddable":true,"href":"https:\/\/serie20y20.com.ar\/armando-alonso\/wp-json\/wp\/v2\/comments?post=22"}],"wp:featuredmedia":[{"embeddable":true,"href":"https:\/\/serie20y20.com.ar\/armando-alonso\/wp-json\/wp\/v2\/media\/1911"}],"wp:attachment":[{"href":"https:\/\/serie20y20.com.ar\/armando-alonso\/wp-json\/wp\/v2\/media?parent=22"}],"curies":[{"name":"wp","href":"https:\/\/api.w.org\/{rel}","templated":true}]}}