{"id":330,"date":"2019-11-20T00:06:39","date_gmt":"2019-11-20T03:06:39","guid":{"rendered":"http:\/\/serie20y20.com.ar\/armando-alonso\/?post_type=product&#038;p=330"},"modified":"2025-06-04T15:39:31","modified_gmt":"2025-06-04T18:39:31","slug":"guitarra-superposicion-de-triadas-gratis","status":"publish","type":"product","link":"https:\/\/serie20y20.com.ar\/armando-alonso\/product\/guitarra-superposicion-de-triadas-gratis\/","title":{"rendered":"GUITARRA \/ TRIADAS: Plan de T\u00e9cnica &#8211; MELODICO &#8211; Versi\u00f3n Gratuita"},"content":{"rendered":"<hr \/>\n<h3 style=\"text-align: center;\" align=\"center\"><span style=\"color: #3366ff;\"><strong>Si lo desea puede comprar el Libro Completo haciendo <span style=\"color: #ff0000;\"><a style=\"color: #ff0000;\" href=\"https:\/\/serie20y20.com.ar\/armando-alonso\/product\/guitarra-superposicion-de-triadas-plan-de-tecnica-melodico\/\">CLIC AQUI<\/a><\/span><\/strong><\/span><\/h3>\n<hr \/>\n<p><strong>Pr\u00e1ctica y din\u00e1mica metodolog\u00eda de trabajo tanto para el alumno autodidacta,\u00a0<\/strong><strong>como as\u00ed tambi\u00e9n para el profesor en clase.<\/strong><\/p>\n<hr \/>\n<p><strong>CONTENIDOS<\/strong><\/p>\n<p>Usted est\u00e1 descargando la\u00a0<span style=\"color: #ff0000;\"><span style=\"color: #ff0000;\"><b>VERSI\u00d3N<\/b><\/span><b style=\"color: #ff0000;\">\u00a0GRATUITA<\/b><\/span> <strong>(PDF de 67 p\u00e1ginas \u2013 14,5 MB)<\/strong> la cual <strong><span style=\"color: #ff0000;\">NO CONTIENE:<\/span><\/strong><\/p>\n<p><span style=\"color: #ff0000;\"><strong>\u00a0* S\u00f3lo contiene 11 ejercicios en el modo mayor y 16 ejercicios en el modo menor.<br \/>\n<\/strong><\/span><br \/>\n<strong><span style=\"color: #ff0000;\">\u00a0* 37 Trabajos Pr\u00e1cticos<\/span> <\/strong>\u00a0<em>(Temas standards de jazz, Blues Mayor y Menor &#8211; Circulo de quintas en 8 diferentes\u00a0especies de acordes)<\/em><\/p>\n<p><strong><span style=\"color: #ff0000;\">\u00a0* 36 Pistas de Pr\u00e1ctica<\/span> <\/strong>\u00a0<em>(Complemento esencial para el completo estudio de cada uno de los conceptos)<\/em><\/p>\n<p><strong><span style=\"color: #ff0000;\">\u00a0*\u00a0 24 Ap\u00e9ndices <\/span><\/strong><span style=\"color: #ff0000;\"><span style=\"color: #000000;\">(<\/span><\/span><span style=\"color: #ff0000;\"><span style=\"color: #000000;\">Digitaciones de Triadas: sus2, sus4, Frigia y Lidia)<\/span><\/span><strong><span style=\"color: #ff0000;\"><br \/>\n<\/span><\/strong><br \/>\n<span style=\"color: #ff0000;\"><strong>\u00a0*\u00a0 Libro para Imprimir<\/strong> <\/span>&#8211; <em>(Sin marca de agua<span style=\"color: #ff0000;\"><span style=\"color: #000000;\">)<\/span><\/span><\/em><strong><span style=\"color: #ff0000;\">\u00a0<\/span>\u00a0\u00a0<\/strong><\/p>\n<hr \/>\n<p><strong>OBJETIVOS Y PROP\u00d3SITO<\/strong><\/p>\n<p>El Apunte de Tr\u00edadas Mel\u00f3dico aplicadas a la guitarra es el segundo complemento t\u00e9cnico del Ebook: Superposici\u00f3n de Triadas 1.<\/p>\n<p>El mismo est\u00e1 organizado en <strong>7 f\u00f3rmulas o digitaciones.<\/strong><\/p>\n<p>El apunte cuenta con m\u00e1s de <em>30 progresiones tanto en el modo mayor como en el menor<\/em>, las cuales afirmar\u00e1n el manejo t\u00e9cnico de las mismas dentro de un contexto musical empleando <strong>4 tipos de tr\u00edadas: Mayor &#8211; Menor &#8211; Disminuida y Aumentada<\/strong><\/p>\n<p>Los <strong>37 trabajos pr\u00e1cticos<\/strong> incluyen <strong>circulo de quintas en 8 diferentes especies de acordes<\/strong> como as\u00ed tambi\u00e9n <strong>standards de jazz, Blues Mayor y Meno<\/strong>r focalizando en los mismos el concepto superposici\u00f3n de triadas.<\/p>\n<p>Incluiremos as\u00ed mismo en los a<strong>p\u00e9ndices digitaciones de tr\u00edadas: sus2, sus4, Frigia y Lidia.<\/strong><\/p>\n<p>Recorriendo los distintos ejercicios, progresiones y obras el alumno alcanzar\u00e1 un manejo consciente y din\u00e1mico de las diferentes digitaciones.<\/p>\n<p>Los trabajos pr\u00e1cticos incluyen adem\u00e1s<strong> 36 pistas de pr\u00e1ctica<\/strong> siendo esto un complemento esencial tanto para el alumno autodidacta como as\u00ed tambi\u00e9n para el profesor en clase.<\/p>\n<hr \/>\n<p>Para m\u00e1s informaci\u00f3n consulte al autor escribiendo a: <span style=\"color: #3366ff;\"><a style=\"color: #3366ff;\" href=\"mailto:contacto@armandoalonso.com.ar\">contacto@armandoalonso.com.ar<\/a><\/span><\/p>\n<hr \/>\n<h2><strong>Libros Relacionados<\/strong><\/h2>\n<p><a href=\"http:\/\/serie20y20.com.ar\/armando-alonso\/product\/teoria-superposicion-de-triadas-1\/\"><img loading=\"lazy\" class=\"alignnone wp-image-341 size-medium\" src=\"http:\/\/serie20y20.com.ar\/armando-alonso\/wp-content\/uploads\/2019\/11\/01.-Tapa-Sup-de-Triadas-1-PAGO-212x300.jpg\" alt=\"\" width=\"212\" height=\"300\" srcset=\"https:\/\/serie20y20.com.ar\/armando-alonso\/wp-content\/uploads\/2019\/11\/01.-Tapa-Sup-de-Triadas-1-PAGO-212x300.jpg 212w, https:\/\/serie20y20.com.ar\/armando-alonso\/wp-content\/uploads\/2019\/11\/01.-Tapa-Sup-de-Triadas-1-PAGO-768x1086.jpg 768w, https:\/\/serie20y20.com.ar\/armando-alonso\/wp-content\/uploads\/2019\/11\/01.-Tapa-Sup-de-Triadas-1-PAGO-724x1024.jpg 724w, https:\/\/serie20y20.com.ar\/armando-alonso\/wp-content\/uploads\/2019\/11\/01.-Tapa-Sup-de-Triadas-1-PAGO-555x785.jpg 555w\" sizes=\"(max-width: 212px) 100vw, 212px\" \/><\/a> <a href=\"https:\/\/serie20y20.com.ar\/armando-alonso\/product\/guitarra-superposicion-de-triadas-armonico-2\/\"><img loading=\"lazy\" class=\"alignnone wp-image-1939 size-medium\" src=\"http:\/\/serie20y20.com.ar\/armando-alonso\/wp-content\/uploads\/2019\/02\/Tapa-Triadas-Armonico-PAGO-212x300.jpg\" alt=\"\" width=\"212\" height=\"300\" srcset=\"https:\/\/serie20y20.com.ar\/armando-alonso\/wp-content\/uploads\/2019\/02\/Tapa-Triadas-Armonico-PAGO-212x300.jpg 212w, https:\/\/serie20y20.com.ar\/armando-alonso\/wp-content\/uploads\/2019\/02\/Tapa-Triadas-Armonico-PAGO-724x1024.jpg 724w, https:\/\/serie20y20.com.ar\/armando-alonso\/wp-content\/uploads\/2019\/02\/Tapa-Triadas-Armonico-PAGO-768x1086.jpg 768w, https:\/\/serie20y20.com.ar\/armando-alonso\/wp-content\/uploads\/2019\/02\/Tapa-Triadas-Armonico-PAGO-1086x1536.jpg 1086w, https:\/\/serie20y20.com.ar\/armando-alonso\/wp-content\/uploads\/2019\/02\/Tapa-Triadas-Armonico-PAGO-1449x2048.jpg 1449w, https:\/\/serie20y20.com.ar\/armando-alonso\/wp-content\/uploads\/2019\/02\/Tapa-Triadas-Armonico-PAGO-555x785.jpg 555w, https:\/\/serie20y20.com.ar\/armando-alonso\/wp-content\/uploads\/2019\/02\/Tapa-Triadas-Armonico-PAGO-scaled.jpg 1811w\" sizes=\"(max-width: 212px) 100vw, 212px\" \/><\/a>\u00a0<a href=\"https:\/\/www.serie20y20.com.ar\/nestor-crespo\/product\/teoria-armonia-funcional-1\/?v=d72a48a8ebd2\"><img loading=\"lazy\" class=\"alignnone wp-image-2014 size-medium\" src=\"http:\/\/serie20y20.com.ar\/armando-alonso\/wp-content\/uploads\/2020\/11\/Armonia-Funcional-1-Pago-211x300.jpg\" alt=\"\" width=\"211\" height=\"300\" srcset=\"https:\/\/serie20y20.com.ar\/armando-alonso\/wp-content\/uploads\/2020\/11\/Armonia-Funcional-1-Pago-211x300.jpg 211w, https:\/\/serie20y20.com.ar\/armando-alonso\/wp-content\/uploads\/2020\/11\/Armonia-Funcional-1-Pago-722x1024.jpg 722w, https:\/\/serie20y20.com.ar\/armando-alonso\/wp-content\/uploads\/2020\/11\/Armonia-Funcional-1-Pago-768x1089.jpg 768w, https:\/\/serie20y20.com.ar\/armando-alonso\/wp-content\/uploads\/2020\/11\/Armonia-Funcional-1-Pago-1083x1536.jpg 1083w, https:\/\/serie20y20.com.ar\/armando-alonso\/wp-content\/uploads\/2020\/11\/Armonia-Funcional-1-Pago-1444x2048.jpg 1444w, https:\/\/serie20y20.com.ar\/armando-alonso\/wp-content\/uploads\/2020\/11\/Armonia-Funcional-1-Pago-555x787.jpg 555w, https:\/\/serie20y20.com.ar\/armando-alonso\/wp-content\/uploads\/2020\/11\/Armonia-Funcional-1-Pago-scaled.jpg 1805w\" sizes=\"(max-width: 211px) 100vw, 211px\" \/><\/a><\/p>\n","protected":false},"excerpt":{"rendered":"<p><iframe loading=\"lazy\" title=\"YouTube video player\" src=\"https:\/\/www.youtube.com\/embed\/kGnWWAwJGJg\" width=\"560\" height=\"315\" frameborder=\"0\" allowfullscreen=\"allowfullscreen\"><\/iframe><\/p>\n","protected":false},"featured_media":1942,"comment_status":"open","ping_status":"closed","template":"","meta":[],"_links":{"self":[{"href":"https:\/\/serie20y20.com.ar\/armando-alonso\/wp-json\/wp\/v2\/product\/330"}],"collection":[{"href":"https:\/\/serie20y20.com.ar\/armando-alonso\/wp-json\/wp\/v2\/product"}],"about":[{"href":"https:\/\/serie20y20.com.ar\/armando-alonso\/wp-json\/wp\/v2\/types\/product"}],"replies":[{"embeddable":true,"href":"https:\/\/serie20y20.com.ar\/armando-alonso\/wp-json\/wp\/v2\/comments?post=330"}],"wp:featuredmedia":[{"embeddable":true,"href":"https:\/\/serie20y20.com.ar\/armando-alonso\/wp-json\/wp\/v2\/media\/1942"}],"wp:attachment":[{"href":"https:\/\/serie20y20.com.ar\/armando-alonso\/wp-json\/wp\/v2\/media?parent=330"}],"curies":[{"name":"wp","href":"https:\/\/api.w.org\/{rel}","templated":true}]}}