{"id":43,"date":"2019-01-31T23:25:18","date_gmt":"2019-02-01T02:25:18","guid":{"rendered":"http:\/\/serie20y20.com.ar\/armando-alonso\/?post_type=product&#038;p=43"},"modified":"2025-06-04T15:38:22","modified_gmt":"2025-06-04T18:38:22","slug":"guitarra-superposicion-de-triadas-armonico","status":"publish","type":"product","link":"https:\/\/serie20y20.com.ar\/armando-alonso\/product\/guitarra-superposicion-de-triadas-armonico\/","title":{"rendered":"GUITARRA \/ TRIADAS: Plan de T\u00e9cnica &#8211; ARMONICO &#8211; Versi\u00f3n Gratuita"},"content":{"rendered":"<h3 style=\"text-align: center;\" align=\"center\"><span style=\"color: #3366ff;\"><strong>Si lo desea puede comprar el Libro Completo haciendo<span style=\"color: #ff0000;\"> <a style=\"color: #ff0000;\" href=\"https:\/\/serie20y20.com.ar\/armando-alonso\/product\/guitarra-superposicion-de-triadas-armonico-2\/\">CLIC AQUI<\/a><\/span><\/strong><\/span><\/h3>\n<hr \/>\n<p><strong>Pr\u00e1ctica y din\u00e1mica metodolog\u00eda de trabajo tanto para el alumno autodidacta,\u00a0<\/strong><strong>como as\u00ed tambi\u00e9n para el profesor en clase.<\/strong><\/p>\n<hr \/>\n<p><strong>CONTENIDOS<\/strong><\/p>\n<p>Usted est\u00e1 descargando la <span style=\"color: #ff0000;\"><strong>VERSI\u00d3N GRATUITA<\/strong><\/span> <strong>(PDF de 51 p\u00e1ginas &#8211; 14,4 MB)<\/strong> la cual <strong><span style=\"color: #ff0000;\">NO CONTIENE:<\/span><\/strong><\/p>\n<p><span style=\"color: #ff0000;\"><strong>*<\/strong>\u00a0 <\/span><strong><span style=\"color: #ff0000;\">20 Ejercicios<\/span>\u00a0<\/strong><em>(ejercitaci\u00f3n\u00a0de cada una de las 20 lecciones)<\/em><\/p>\n<p><span style=\"color: #ff0000;\"><strong>* 131 Audios y Pistas de Pr\u00e1ctica<\/strong><\/span> <em>(Las lecciones, ejercicios y trabajos pr\u00e1cticos contienen audios, los<br \/>\ncuales nos facilitaran el estudio y el desarrollo de nuestro o\u00eddo arm\u00f3nico) \u00a0 \u00a0 \u00a0 \u00a0\u00a0\u00a0<\/em><\/p>\n<p><span style=\"color: #ff0000;\"><strong>*<\/strong>\u00a0\u00a0<\/span><strong><span style=\"color: #ff0000;\">8 Trabajos Pr\u00e1cticos<\/span>\u00a0<\/strong> <em>(con 8 Pistas de Pr\u00e1ctica para aplicar lo estudiado)<br \/>\n<\/em><br \/>\n<strong><span style=\"color: #ff0000;\">*\u00a0\u00a0Las Soluciones de los 8 Trabajos Pr\u00e1cticos<\/span><br \/>\n<\/strong><br \/>\n<span style=\"color: #ff0000;\">*\u00a0 <strong>Campos para Completar<\/strong><\/span> <em>(Para escribir las respuestas sin necesidad de imprimirlos en papel)<br \/>\n<\/em><br \/>\n<span style=\"color: #ff0000;\"><strong>*\u00a0 Libro para Imprimir<\/strong><\/span> <em>(Sin marca de agua)<\/em><strong>\u00a0<\/strong><\/p>\n<hr \/>\n<p><strong>OBJETIVOS Y PROP\u00d3SITO<\/strong><\/p>\n<p>El apunte de <strong>tr\u00edadas aplicadas a la guitarra\/arm\u00f3nico,<\/strong> es el primer complemento t\u00e9cnico del E-book: <strong>TEOR\u00cdA \/ Superposici\u00f3n de Tr\u00edadas 1<\/strong><\/p>\n<p>Emplearemos<strong> cuatro tipos de Tr\u00edadas: Mayor &#8211; Menor &#8211; Disminuida y Aumentada<\/strong>, tanto en posici\u00f3n fundamental como en primera y segunda inversi\u00f3n. Vale aclarar que el objetivo es el empleo de las mismas en forma de acorde (plaqu\u00e9) y en posici\u00f3n cerrada.<\/p>\n<p>Recorriendo los distintos ejercicios, progresiones y obras el alumno alcanzar\u00e1 un manejo consciente y din\u00e1mico de las diferentes digitaciones.<\/p>\n<p>Los mismos est\u00e1n organizados partiendo del estudio de las digitaciones de cada tipo de tr\u00edada, antes citadas, <strong>en posici\u00f3n y en sentido transversal como as\u00ed tambi\u00e9n en cuatro sets de cuerdas.<\/strong><\/p>\n<hr \/>\n<p>Para m\u00e1s informaci\u00f3n consulte al autor escribiendo a: <span style=\"color: #3366ff;\"><a style=\"color: #3366ff;\" href=\"mailto:contacto@armandoalonso.com.ar\">contacto@armandoalonso.com.ar<\/a><\/span><\/p>\n<hr \/>\n<h2><strong>Libros Relacionados<\/strong><\/h2>\n<p><a href=\"http:\/\/serie20y20.com.ar\/armando-alonso\/product\/teoria-superposicion-de-triadas-1\/\"><img loading=\"lazy\" class=\"alignnone wp-image-341 size-medium\" src=\"http:\/\/serie20y20.com.ar\/armando-alonso\/wp-content\/uploads\/2019\/11\/01.-Tapa-Sup-de-Triadas-1-PAGO-212x300.jpg\" alt=\"\" width=\"212\" height=\"300\" srcset=\"https:\/\/serie20y20.com.ar\/armando-alonso\/wp-content\/uploads\/2019\/11\/01.-Tapa-Sup-de-Triadas-1-PAGO-212x300.jpg 212w, https:\/\/serie20y20.com.ar\/armando-alonso\/wp-content\/uploads\/2019\/11\/01.-Tapa-Sup-de-Triadas-1-PAGO-768x1086.jpg 768w, https:\/\/serie20y20.com.ar\/armando-alonso\/wp-content\/uploads\/2019\/11\/01.-Tapa-Sup-de-Triadas-1-PAGO-724x1024.jpg 724w, https:\/\/serie20y20.com.ar\/armando-alonso\/wp-content\/uploads\/2019\/11\/01.-Tapa-Sup-de-Triadas-1-PAGO-555x785.jpg 555w\" sizes=\"(max-width: 212px) 100vw, 212px\" \/><\/a> <a href=\"https:\/\/serie20y20.com.ar\/armando-alonso\/product\/guitarra-superposicion-de-triadas-plan-de-tecnica-melodico\/\"><img loading=\"lazy\" class=\"alignnone wp-image-1941 size-medium\" src=\"http:\/\/serie20y20.com.ar\/armando-alonso\/wp-content\/uploads\/2019\/11\/Tapa-Triadas-Melodico-PAGO-212x300.jpg\" alt=\"\" width=\"212\" height=\"300\" srcset=\"https:\/\/serie20y20.com.ar\/armando-alonso\/wp-content\/uploads\/2019\/11\/Tapa-Triadas-Melodico-PAGO-212x300.jpg 212w, https:\/\/serie20y20.com.ar\/armando-alonso\/wp-content\/uploads\/2019\/11\/Tapa-Triadas-Melodico-PAGO-724x1024.jpg 724w, https:\/\/serie20y20.com.ar\/armando-alonso\/wp-content\/uploads\/2019\/11\/Tapa-Triadas-Melodico-PAGO-768x1086.jpg 768w, https:\/\/serie20y20.com.ar\/armando-alonso\/wp-content\/uploads\/2019\/11\/Tapa-Triadas-Melodico-PAGO-1086x1536.jpg 1086w, https:\/\/serie20y20.com.ar\/armando-alonso\/wp-content\/uploads\/2019\/11\/Tapa-Triadas-Melodico-PAGO-1449x2048.jpg 1449w, https:\/\/serie20y20.com.ar\/armando-alonso\/wp-content\/uploads\/2019\/11\/Tapa-Triadas-Melodico-PAGO-555x785.jpg 555w, https:\/\/serie20y20.com.ar\/armando-alonso\/wp-content\/uploads\/2019\/11\/Tapa-Triadas-Melodico-PAGO-scaled.jpg 1811w\" sizes=\"(max-width: 212px) 100vw, 212px\" \/><\/a>\u00a0<a href=\"https:\/\/www.serie20y20.com.ar\/nestor-crespo\/product\/teoria-armonia-funcional-1\/?v=d72a48a8ebd2\"><img loading=\"lazy\" class=\"alignnone wp-image-2014 size-medium\" src=\"http:\/\/serie20y20.com.ar\/armando-alonso\/wp-content\/uploads\/2020\/11\/Armonia-Funcional-1-Pago-211x300.jpg\" alt=\"\" width=\"211\" height=\"300\" srcset=\"https:\/\/serie20y20.com.ar\/armando-alonso\/wp-content\/uploads\/2020\/11\/Armonia-Funcional-1-Pago-211x300.jpg 211w, https:\/\/serie20y20.com.ar\/armando-alonso\/wp-content\/uploads\/2020\/11\/Armonia-Funcional-1-Pago-722x1024.jpg 722w, https:\/\/serie20y20.com.ar\/armando-alonso\/wp-content\/uploads\/2020\/11\/Armonia-Funcional-1-Pago-768x1089.jpg 768w, https:\/\/serie20y20.com.ar\/armando-alonso\/wp-content\/uploads\/2020\/11\/Armonia-Funcional-1-Pago-1083x1536.jpg 1083w, https:\/\/serie20y20.com.ar\/armando-alonso\/wp-content\/uploads\/2020\/11\/Armonia-Funcional-1-Pago-1444x2048.jpg 1444w, https:\/\/serie20y20.com.ar\/armando-alonso\/wp-content\/uploads\/2020\/11\/Armonia-Funcional-1-Pago-555x787.jpg 555w, https:\/\/serie20y20.com.ar\/armando-alonso\/wp-content\/uploads\/2020\/11\/Armonia-Funcional-1-Pago-scaled.jpg 1805w\" sizes=\"(max-width: 211px) 100vw, 211px\" \/><\/a><\/p>\n","protected":false},"excerpt":{"rendered":"<p><iframe loading=\"lazy\" title=\"YouTube video player\" src=\"https:\/\/www.youtube.com\/embed\/kGnWWAwJGJg\" width=\"560\" height=\"315\" frameborder=\"0\" allowfullscreen=\"allowfullscreen\"><\/iframe><\/p>\n","protected":false},"featured_media":1940,"comment_status":"open","ping_status":"closed","template":"","meta":[],"_links":{"self":[{"href":"https:\/\/serie20y20.com.ar\/armando-alonso\/wp-json\/wp\/v2\/product\/43"}],"collection":[{"href":"https:\/\/serie20y20.com.ar\/armando-alonso\/wp-json\/wp\/v2\/product"}],"about":[{"href":"https:\/\/serie20y20.com.ar\/armando-alonso\/wp-json\/wp\/v2\/types\/product"}],"replies":[{"embeddable":true,"href":"https:\/\/serie20y20.com.ar\/armando-alonso\/wp-json\/wp\/v2\/comments?post=43"}],"wp:featuredmedia":[{"embeddable":true,"href":"https:\/\/serie20y20.com.ar\/armando-alonso\/wp-json\/wp\/v2\/media\/1940"}],"wp:attachment":[{"href":"https:\/\/serie20y20.com.ar\/armando-alonso\/wp-json\/wp\/v2\/media?parent=43"}],"curies":[{"name":"wp","href":"https:\/\/api.w.org\/{rel}","templated":true}]}}