{"id":688,"date":"2020-03-27T23:48:27","date_gmt":"2020-03-28T02:48:27","guid":{"rendered":"http:\/\/serie20y20.com.ar\/armando-alonso\/?post_type=product&#038;p=688"},"modified":"2025-06-04T14:55:25","modified_gmt":"2025-06-04T17:55:25","slug":"teoria-superposicion-de-triadas-2-version-gratuita","status":"publish","type":"product","link":"https:\/\/serie20y20.com.ar\/armando-alonso\/product\/teoria-superposicion-de-triadas-2-version-gratuita\/","title":{"rendered":"TEOR\u00cdA \/ Superposici\u00f3n de Tr\u00edadas 2\u00a0(Para todos los instrumentos) \u2013 VERSION GRATUITA"},"content":{"rendered":"<h3 style=\"text-align: center;\" align=\"center\"><strong>Si lo desea puede comprar el Libro Completo haciendo <span style=\"color: #3366ff;\"><a style=\"color: #3366ff;\" href=\"https:\/\/serie20y20.com.ar\/armando-alonso\/product\/teoria-superposicion-de-triadas-2\/\">CLIC AQUI<\/a><\/span><\/strong><\/h3>\n<hr \/>\n<p><strong>Pr\u00e1ctica y din\u00e1mica metodolog\u00eda de trabajo tanto para el alumno autodidacta,\u00a0<\/strong><strong>como as\u00ed tambi\u00e9n para el profesor en clase.<\/strong><\/p>\n<hr \/>\n<p>Usted ha descargado la <span style=\"color: #ff0000;\"><strong>VERSI\u00d3N GRATUITA<\/strong><\/span> <strong>(PDF de 24 p\u00e1ginas \u2013 11 MB)\u00a0<\/strong> la cual contiene solamente:<\/p>\n<p><strong>* 5 Lecciones y 5 Ejercicios<\/strong><\/p>\n<p><strong>* 2 Pistas de Pr\u00e1ctica<\/strong><\/p>\n<hr \/>\n<p>La <span style=\"color: #ff0000;\"><strong>Versi\u00f3n Gratuita<\/strong><\/span> no contiene:<strong>\u00a0<\/strong><\/p>\n<p><span style=\"color: #ff0000;\"><strong>* <\/strong><strong>\u00a015 Lecciones y 15 Ejercicios<\/strong><\/span> \u00a0<em>(restantes)<\/em><em><br \/>\n<\/em><br \/>\n<span style=\"color: #ff0000;\"><strong>* <\/strong><strong>\u00a0232 Pistas de Pr\u00e1ctica <\/strong><\/span>\u00a0<em>(correspondientes a las lecciones y los ejercicios)<br \/>\n<\/em><br \/>\n<span style=\"color: #ff0000;\"><strong>*<\/strong><\/span><strong><span style=\"color: #ff0000;\">\u00a0 8 Ciclo de 5tas y\u00a0 4 Repertorio\u00a0<\/span><\/strong><span style=\"color: #ff0000;\"><span style=\"color: #000000;\"><em>(Standards de Jazz &#8211; Blues Mayor y Menor)<\/em><\/span><\/span><strong><br \/>\n<\/strong><strong><br \/>\n<\/strong><span style=\"color: #ff0000;\"><strong>* <\/strong><strong>\u00a0El Libro para imprimir<\/strong><\/span> \u00a0<em>(sin marca de agua)<\/em><strong><span style=\"color: #ff0000;\">\u00a0 \u00a0<\/span>\u00a0<\/strong><\/p>\n<hr \/>\n<p><b>OBJETIVOS Y\u00a0PROP\u00d3SITO<\/b><\/p>\n<p>El libro de Teor\u00eda \/ Superposici\u00f3n de Tr\u00edadas 2, dirigido a todos los instrumentistas, incluye las siguientes tr\u00edadas: sus4, Frigia y Lidia, as\u00ed como en el Teor\u00eda 1, mi idea es generar una forma de pensamiento musical a partir del uso y la superposici\u00f3n de tr\u00edadas, ya sea desde la formaci\u00f3n del acorde de s\u00e9ptima hasta la aplicaci\u00f3n de tensiones.<\/p>\n<p>A partir de una unidad simple como la tr\u00edada estaremos en condiciones de manejar con facilidad distintas texturas arm\u00f3nicas, por ejemplo, al superponer la tr\u00edada de Esus4 sobre Cmaj7 generamos: 3, 6 y 7 del acorde, en cambio si superponemos la tr\u00edada de C Lidia estaremos generando: T, #11 y 5.<\/p>\n<p>A futuro, el manejo de este concepto, nos permitir\u00e1 no solo utilizar las diferentes triadas al momento de improvisar sino tambi\u00e9n pensar en otras armon\u00edas las cuales estar\u00e1n superpuestas sobre las originales para ser utilizadas en forma de acordes.<\/p>\n<hr \/>\n<p><strong>CONTENIDOS<\/strong><\/p>\n<p>El libro cuenta con <strong>20 lecciones<\/strong> con todo el detalle de la aplicaci\u00f3n de las tr\u00edadas y <strong>20 ejercicios<\/strong> los cuales incluyen diferentes <strong>progresiones arm\u00f3nicas<\/strong> espec\u00edficas para aplicar las distintas superposiciones. Adem\u00e1s contiene la superposici\u00f3n de las diferentes triadas sobre <strong>Circulo de 5tas<\/strong> <em>(8 especies de acordes)<\/em> y <strong>Jazz\u00a0<\/strong><strong>Standards, Blues Mayor y Menor.<\/strong><\/p>\n<p>La informaci\u00f3n est\u00e1 organizada en funci\u00f3n de la armon\u00eda funcional tanto en el modo mayor como en el\u00a0modo menor, incluyendo: sustituciones diat\u00f3nicas, dominantes secundarios, sustitutos, segundo menor relativo, etc.<\/p>\n<p>Los cuadros <strong>&#8220;S\u00edntesis&#8221;<\/strong> y los res\u00famenes no dan la posibilidad de tener toda la informaci\u00f3n organizada<br \/>\npara una r\u00e1pida y f\u00e1cil consulta permanente.<\/p>\n<p>En el libro las tr\u00edadas se presentan <strong>en posici\u00f3n cerrada<\/strong> lo cual no impide que aquel que lo desee pueda investigar las mismas en <strong>posici\u00f3n abierta<\/strong>.<em> (Ver Triadas Abiertas 1 y 2 de N\u00e9stor Crespo de esta misma editorial)<\/em><\/p>\n<hr \/>\n<p><strong>AUDIOS\u00a0 <\/strong><em>(218 Audios y Pistas de Pr\u00e1ctica)<\/em><strong><br \/>\n<\/strong><\/p>\n<p>Con el objetivo de <strong>apreciar el sonido<\/strong> generado mediante la\u00a0 superposici\u00f3n de tr\u00edadas, es <strong>esencial la escucha de los audios incluidos en cada una de las lecciones.<\/strong><\/p>\n<p>Este Libro de Teor\u00eda 2 incluye tambi\u00e9n los audios correspondientes a los ejercicios de manera modal, las \u00a0progresiones arm\u00f3nicas, temas Standards y Blues mayor y menor.<\/p>\n<p>En los\u00a0<strong>ejercicios es conveniente en primer lugar tocar\u00a0<\/strong>cada una de las tr\u00edadas\u00a0<em>(en estado fundamental y sus inversiones)\u00a0<\/em><strong><em>en\u00a0<\/em><\/strong><strong>forma de acorde<\/strong>\u00a0desprovisto de toda r\u00edtmica con el fin de\u00a0<strong>concentrarnos \u00fanicamente en el sonido generado<\/strong>, una vez superada esta etapa podremos aplicar las mismas tr\u00edadas en forma mel\u00f3dica.<\/p>\n<hr \/>\n<p>Para m\u00e1s informaci\u00f3n consulte al autor escribiendo a: <span style=\"color: #3366ff;\"><a style=\"color: #3366ff;\" href=\"mailto:contacto@armandoalonso.com.ar\">contacto@armandoalonso.com.ar<\/a><\/span><\/p>\n<hr \/>\n<h2><strong>Libros Relacionados<\/strong><\/h2>\n<p><a href=\"https:\/\/serie20y20.com.ar\/armando-alonso\/product\/guitarra-superposicion-de-triadas-armonico-2\/\"><img loading=\"lazy\" class=\"alignnone wp-image-2016 size-medium\" src=\"http:\/\/serie20y20.com.ar\/armando-alonso\/wp-content\/uploads\/2019\/01\/Triadas-Armonico-PAGO-NUEVO-212x300.jpg\" alt=\"\" width=\"212\" height=\"300\" srcset=\"https:\/\/serie20y20.com.ar\/armando-alonso\/wp-content\/uploads\/2019\/01\/Triadas-Armonico-PAGO-NUEVO-212x300.jpg 212w, https:\/\/serie20y20.com.ar\/armando-alonso\/wp-content\/uploads\/2019\/01\/Triadas-Armonico-PAGO-NUEVO-724x1024.jpg 724w, https:\/\/serie20y20.com.ar\/armando-alonso\/wp-content\/uploads\/2019\/01\/Triadas-Armonico-PAGO-NUEVO-768x1086.jpg 768w, https:\/\/serie20y20.com.ar\/armando-alonso\/wp-content\/uploads\/2019\/01\/Triadas-Armonico-PAGO-NUEVO-1086x1536.jpg 1086w, https:\/\/serie20y20.com.ar\/armando-alonso\/wp-content\/uploads\/2019\/01\/Triadas-Armonico-PAGO-NUEVO-1449x2048.jpg 1449w, https:\/\/serie20y20.com.ar\/armando-alonso\/wp-content\/uploads\/2019\/01\/Triadas-Armonico-PAGO-NUEVO-555x785.jpg 555w, https:\/\/serie20y20.com.ar\/armando-alonso\/wp-content\/uploads\/2019\/01\/Triadas-Armonico-PAGO-NUEVO-scaled.jpg 1811w\" sizes=\"(max-width: 212px) 100vw, 212px\" \/><\/a> <a href=\"https:\/\/serie20y20.com.ar\/armando-alonso\/product\/guitarra-superposicion-de-triadas-plan-de-tecnica-melodico\/\"><img loading=\"lazy\" class=\"alignnone wp-image-2015 size-medium\" src=\"http:\/\/serie20y20.com.ar\/armando-alonso\/wp-content\/uploads\/2023\/05\/Triadas-Melodico-PAGO-NUEVO-212x300.jpg\" alt=\"\" width=\"212\" height=\"300\" srcset=\"https:\/\/serie20y20.com.ar\/armando-alonso\/wp-content\/uploads\/2023\/05\/Triadas-Melodico-PAGO-NUEVO-212x300.jpg 212w, https:\/\/serie20y20.com.ar\/armando-alonso\/wp-content\/uploads\/2023\/05\/Triadas-Melodico-PAGO-NUEVO-724x1024.jpg 724w, https:\/\/serie20y20.com.ar\/armando-alonso\/wp-content\/uploads\/2023\/05\/Triadas-Melodico-PAGO-NUEVO-768x1086.jpg 768w, https:\/\/serie20y20.com.ar\/armando-alonso\/wp-content\/uploads\/2023\/05\/Triadas-Melodico-PAGO-NUEVO-1086x1536.jpg 1086w, https:\/\/serie20y20.com.ar\/armando-alonso\/wp-content\/uploads\/2023\/05\/Triadas-Melodico-PAGO-NUEVO-1449x2048.jpg 1449w, https:\/\/serie20y20.com.ar\/armando-alonso\/wp-content\/uploads\/2023\/05\/Triadas-Melodico-PAGO-NUEVO-555x785.jpg 555w, https:\/\/serie20y20.com.ar\/armando-alonso\/wp-content\/uploads\/2023\/05\/Triadas-Melodico-PAGO-NUEVO-scaled.jpg 1811w\" sizes=\"(max-width: 212px) 100vw, 212px\" \/><\/a>\u00a0<a href=\"http:\/\/serie20y20.com.ar\/armando-alonso\/product\/teoria-superposicion-de-triadas-2\/\"><img loading=\"lazy\" class=\"alignnone wp-image-568 size-medium\" src=\"http:\/\/serie20y20.com.ar\/armando-alonso\/wp-content\/uploads\/2019\/01\/01-8-212x300.jpg\" alt=\"\" width=\"212\" height=\"300\" srcset=\"https:\/\/serie20y20.com.ar\/armando-alonso\/wp-content\/uploads\/2019\/01\/01-8-212x300.jpg 212w, https:\/\/serie20y20.com.ar\/armando-alonso\/wp-content\/uploads\/2019\/01\/01-8-768x1086.jpg 768w, https:\/\/serie20y20.com.ar\/armando-alonso\/wp-content\/uploads\/2019\/01\/01-8-724x1024.jpg 724w, https:\/\/serie20y20.com.ar\/armando-alonso\/wp-content\/uploads\/2019\/01\/01-8-555x785.jpg 555w\" sizes=\"(max-width: 212px) 100vw, 212px\" \/><\/a><\/p>\n<p>&nbsp;<\/p>\n","protected":false},"excerpt":{"rendered":"<p><iframe loading=\"lazy\" title=\"YouTube video player\" src=\"https:\/\/www.youtube.com\/embed\/kGnWWAwJGJg\" width=\"560\" height=\"315\" frameborder=\"0\" allowfullscreen=\"allowfullscreen\"><\/iframe><\/p>\n","protected":false},"featured_media":690,"comment_status":"open","ping_status":"closed","template":"","meta":[],"_links":{"self":[{"href":"https:\/\/serie20y20.com.ar\/armando-alonso\/wp-json\/wp\/v2\/product\/688"}],"collection":[{"href":"https:\/\/serie20y20.com.ar\/armando-alonso\/wp-json\/wp\/v2\/product"}],"about":[{"href":"https:\/\/serie20y20.com.ar\/armando-alonso\/wp-json\/wp\/v2\/types\/product"}],"replies":[{"embeddable":true,"href":"https:\/\/serie20y20.com.ar\/armando-alonso\/wp-json\/wp\/v2\/comments?post=688"}],"wp:featuredmedia":[{"embeddable":true,"href":"https:\/\/serie20y20.com.ar\/armando-alonso\/wp-json\/wp\/v2\/media\/690"}],"wp:attachment":[{"href":"https:\/\/serie20y20.com.ar\/armando-alonso\/wp-json\/wp\/v2\/media?parent=688"}],"curies":[{"name":"wp","href":"https:\/\/api.w.org\/{rel}","templated":true}]}}