{"id":15,"date":"2020-12-16T02:57:26","date_gmt":"2020-12-16T05:57:26","guid":{"rendered":"https:\/\/serie20y20.com.ar\/edgardo-vallarino\/?post_type=product&#038;p=15"},"modified":"2026-03-30T10:47:39","modified_gmt":"2026-03-30T13:47:39","slug":"teoria-hemiolas-y-modulaciones-ritmica-en-c-concierto","status":"publish","type":"product","link":"https:\/\/serie20y20.com.ar\/edgardo-vallarino\/producto\/teoria-hemiolas-y-modulaciones-ritmica-en-c-concierto\/","title":{"rendered":"TEOR\u00cdA \/  Hemiolas y Modulaciones R\u00edtmicas en C Concierto"},"content":{"rendered":"<h4 style=\"text-align: center;\"><strong>Pr\u00e1ctica y din\u00e1mica metodolog\u00eda de trabajo tanto para el <\/strong><strong>alumno autodidacta,\u00a0como as\u00ed tambi\u00e9n para el profesor en clase.<\/strong><\/h4>\n<hr \/>\n<h4>Con su compra <strong>( PDF de 73 p\u00e1ginas &#8211; 181 MB)<\/strong> Usted adquiere:<\/h4>\n<h4><strong>\u00a0 \u00a0* 20 Lecciones<br \/>\n<\/strong><strong>\u00a0 \u00a0* 20 Ejercicios<br \/>\n<\/strong><strong>\u00a0 \u00a0* 20 Trabajos Pr\u00e1cticos<br \/>\n<\/strong><strong>\u00a0 \u00a0* 157 Audios\u00a0 <\/strong><em>(esenciales para el completo estudio del presente Ebook )\u00a0<\/em><\/h4>\n<hr \/>\n<h3><strong>OBJETIVOS Y PROP\u00d3SITOS <\/strong><\/h3>\n<h4>\u00a0 \u00a0El presente libro de <strong>Teor\u00eda \/ Hemiolas &amp; Modulaciones R\u00edtmicas dirigido a todos los instrumentistas<\/strong>, ofrece una aproximaci\u00f3n, de manera progresiva y met\u00f3dica, a la modulaci\u00f3n r\u00edtmica.<\/h4>\n<h4>\u00a0 \u00a0A diferencia de la <strong>modulaci\u00f3n arm\u00f3nica<\/strong>, que implica pasar de una tonalidad a otra, la <strong>modulaci\u00f3n r\u00edtmica iguala la figura representada por el pulso (la negra) a una figura de diferente duraci\u00f3n.<\/strong><\/h4>\n<h4>\u00a0 \u00a0Este recurso es empleado desde tiempos inmemoriales, lo podemos encontrar en g\u00e9neros tan dis\u00edmiles como la m\u00fasica de India, la m\u00fasica cl\u00e1sica, el jazz, la m\u00fasica africana, el heavy metal, entre otros.<\/h4>\n<hr \/>\n<h3><strong>CONTENIDOS<\/strong><\/h3>\n<h4><strong>LECCI\u00d3N <\/strong>\u00a0<em>(sobre una modulaci\u00f3n determinada)\u00a0<\/em><br \/>\nLas mismas no son consecutivas, por tal motivo podr\u00e1 comenzar el libro con una modulaci\u00f3n que le sea familiar. Como dijimos al principio, en cada lecci\u00f3n <strong>igualaremos la negra a una figura de diferente duraci\u00f3n.<\/strong><\/h4>\n<h4><strong>EJERCICIOS R\u00cdTMICOS\u00a0<\/strong><br \/>\nLos ejercicios tienen la finalidad de <strong>incorporar y desarrollar la modulaci\u00f3n vista en la lecci\u00f3n.<\/strong> Los mismos se ejecutar\u00e1n con<strong> palmas y voz.<\/strong><\/h4>\n<h4><strong>TRABAJOS R\u00cdTMICOS<\/strong><br \/>\nLos trabajos pr\u00e1cticos <strong>son para realizar en el instrumento<\/strong> y est\u00e1n basados en la <strong>escala mayor diat\u00f3nica<\/strong>, planteando ejercicios <strong>por grado conjunto<\/strong>, por <strong>patrones de cuatro notas<\/strong> y por <strong>ruptura de intervalos.<\/strong><\/h4>\n<hr \/>\n<h3><strong>AUDIOS<\/strong> <em>(157 Audios en total)<\/em><\/h3>\n<h4>\u00a0 \u00a0Con el objetivo de lograr un \u00f3ptimo entendimiento de los t\u00f3picos propuestos, <strong>cada ejercicio y cada trabajo pr\u00e1ctico<\/strong> del libro <strong>cuenta con su correspondiente archivo de audio, tanto para apreciaci\u00f3n como para pr\u00e1ctica conjunta.<\/strong><\/h4>\n<h4><strong>\u00a0 \u00a0* 81 Audios<\/strong> en los Ejercicios<em> (Palmas y Voz)<\/em><\/h4>\n<h4><strong>\u00a0 \u00a0* 76 Audios<\/strong> en los Trabajos Pr\u00e1cticos <em>(Metr\u00f3nomo y Piano)<\/em><\/h4>\n<hr \/>\n<h4>Para m\u00e1s informaci\u00f3n consulte al autor escribiendo a: <span style=\"color: #3366ff;\"><a style=\"color: #3366ff;\" href=\"mailto:edivallarino@yahoo.com\"><strong>edivallarino@yahoo.com<\/strong><\/a><\/span><\/h4>\n<hr \/>\n<h3><strong>LIBROS RELACIONADOS<\/strong><\/h3>\n<p><a href=\"https:\/\/serie20y20.com.ar\/edgardo-vallarino\/producto\/teoria-hemiolas-y-modulaciones-ritmica-en-f\/\"><img loading=\"lazy\" decoding=\"async\" class=\"alignnone size-medium wp-image-28\" src=\"https:\/\/serie20y20.com.ar\/edgardo-vallarino\/wp-content\/uploads\/2020\/12\/01.-Clave-F-270x300.jpg\" alt=\"\" width=\"270\" height=\"300\" srcset=\"https:\/\/serie20y20.com.ar\/edgardo-vallarino\/wp-content\/uploads\/2020\/12\/01.-Clave-F-270x300.jpg 270w, https:\/\/serie20y20.com.ar\/edgardo-vallarino\/wp-content\/uploads\/2020\/12\/01.-Clave-F-11x12.jpg 11w, https:\/\/serie20y20.com.ar\/edgardo-vallarino\/wp-content\/uploads\/2020\/12\/01.-Clave-F.jpg 450w\" sizes=\"auto, (max-width: 270px) 100vw, 270px\" \/><\/a> <a href=\"https:\/\/serie20y20.com.ar\/edgardo-vallarino\/producto\/teoria-hemiolas-y-modulaciones-ritmica-en-clave-de-eb\/\"><img loading=\"lazy\" decoding=\"async\" class=\"alignnone size-medium wp-image-29\" src=\"https:\/\/serie20y20.com.ar\/edgardo-vallarino\/wp-content\/uploads\/2020\/12\/02.-Clave-Eb-270x300.jpg\" alt=\"\" width=\"270\" height=\"300\" srcset=\"https:\/\/serie20y20.com.ar\/edgardo-vallarino\/wp-content\/uploads\/2020\/12\/02.-Clave-Eb-270x300.jpg 270w, https:\/\/serie20y20.com.ar\/edgardo-vallarino\/wp-content\/uploads\/2020\/12\/02.-Clave-Eb-11x12.jpg 11w, https:\/\/serie20y20.com.ar\/edgardo-vallarino\/wp-content\/uploads\/2020\/12\/02.-Clave-Eb.jpg 450w\" sizes=\"auto, (max-width: 270px) 100vw, 270px\" \/><\/a> <a href=\"https:\/\/serie20y20.com.ar\/edgardo-vallarino\/producto\/teoria-hemiolas-y-modulaciones-ritmica-en-clave-de-bb\/\"><img loading=\"lazy\" decoding=\"async\" class=\"alignnone size-medium wp-image-30\" src=\"https:\/\/serie20y20.com.ar\/edgardo-vallarino\/wp-content\/uploads\/2020\/12\/03.-Clave-Bb-270x300.jpg\" alt=\"\" width=\"270\" height=\"300\" srcset=\"https:\/\/serie20y20.com.ar\/edgardo-vallarino\/wp-content\/uploads\/2020\/12\/03.-Clave-Bb-270x300.jpg 270w, https:\/\/serie20y20.com.ar\/edgardo-vallarino\/wp-content\/uploads\/2020\/12\/03.-Clave-Bb-11x12.jpg 11w, https:\/\/serie20y20.com.ar\/edgardo-vallarino\/wp-content\/uploads\/2020\/12\/03.-Clave-Bb.jpg 450w\" sizes=\"auto, (max-width: 270px) 100vw, 270px\" \/><\/a><\/p>\n","protected":false},"excerpt":{"rendered":"<p><iframe loading=\"lazy\" title=\"YouTube video player\" src=\"https:\/\/www.youtube.com\/embed\/kGnWWAwJGJg\" width=\"560\" height=\"315\" frameborder=\"0\" allowfullscreen=\"allowfullscreen\"><\/iframe><\/p>\n","protected":false},"featured_media":16,"comment_status":"open","ping_status":"closed","template":"","meta":[],"class_list":["post-15","product","type-product","status-publish","has-post-thumbnail","hentry","product_cat-libros"],"_links":{"self":[{"href":"https:\/\/serie20y20.com.ar\/edgardo-vallarino\/wp-json\/wp\/v2\/product\/15","targetHints":{"allow":["GET"]}}],"collection":[{"href":"https:\/\/serie20y20.com.ar\/edgardo-vallarino\/wp-json\/wp\/v2\/product"}],"about":[{"href":"https:\/\/serie20y20.com.ar\/edgardo-vallarino\/wp-json\/wp\/v2\/types\/product"}],"replies":[{"embeddable":true,"href":"https:\/\/serie20y20.com.ar\/edgardo-vallarino\/wp-json\/wp\/v2\/comments?post=15"}],"wp:featuredmedia":[{"embeddable":true,"href":"https:\/\/serie20y20.com.ar\/edgardo-vallarino\/wp-json\/wp\/v2\/media\/16"}],"wp:attachment":[{"href":"https:\/\/serie20y20.com.ar\/edgardo-vallarino\/wp-json\/wp\/v2\/media?parent=15"}],"curies":[{"name":"wp","href":"https:\/\/api.w.org\/{rel}","templated":true}]}}