{"id":384,"date":"2019-12-19T21:27:49","date_gmt":"2019-12-20T00:27:49","guid":{"rendered":"http:\/\/serie20y20.com.ar\/federico-palmero\/?post_type=product&#038;p=384"},"modified":"2026-03-30T10:44:44","modified_gmt":"2026-03-30T13:44:44","slug":"repertorio-y-guia-de-improvisacion-1-en-bb","status":"publish","type":"product","link":"https:\/\/serie20y20.com.ar\/federico-palmero\/en\/product\/repertorio-y-guia-de-improvisacion-1-en-bb\/","title":{"rendered":"REPERTORIO Y GU\u00cdA DE IMPROVISACI\u00d3N 1 (en Bb)"},"content":{"rendered":"<p style=\"text-align: center;\"><strong>Pr\u00e1ctica y din\u00e1mica metodolog\u00eda de trabajo tanto para el alumno autodidacta, <\/strong><strong>como as\u00ed tambi\u00e9n para el profesor en clase.<\/strong><\/p>\n<hr \/>\n<p>Usted est\u00e1 comprando el Ebook completo <strong>(PDF de 54 p\u00e1ginas \u2013 405 MB)<\/strong>\u00a0el cual contiene:<\/p>\n<p><strong>* 10 Standard de Jazz\u00a0\u00a0<\/strong><em>(Ver \u00edndice en im\u00e1genes)<\/em><\/p>\n<p><strong>* 5 partituras por tema<\/strong>\u00a0 <em>(Melod\u00eda, An\u00e1lisis arm\u00f3nico, Arpegios de s\u00e9ptima, Superposici\u00f3n de arpegios de s\u00e9ptima y Escalas)<\/em><\/p>\n<p><strong>* 60 Pistas de Pr\u00e1ctica<\/strong> <em>(Complemento necesario para el correcto estudio del Libro)<\/em><\/p>\n<p><strong>* El Libro para imprimir<\/strong><em> (SIN marca de agua)<\/em><\/p>\n<hr \/>\n<p><strong>OBJETIVOS Y PROP\u00d3SITO<\/strong><\/p>\n<p>El prop\u00f3sito es el de guiar al m\u00fasico mediante una metodolog\u00eda pr\u00e1ctica y din\u00e1mica, acerca del manejo gradual de las herramientas necesarias para la improvisaci\u00f3n de las obras que se abordan.<\/p>\n<p>La elecci\u00f3n de las obras &#8211; Jazz Standards &#8211; han sido ordenadas de acuerdo al grado de complejidad, con el fin que el estudiante logre una identificaci\u00f3n y reconocimiento de las mismas.<\/p>\n<hr \/>\n<p><strong>PARTITURAS<\/strong><\/p>\n<p>Cada una de las obras contiene en <strong>formato PDF<\/strong>, la siguiente estructura de estudio:<\/p>\n<p>* <strong>Melod\u00eda y Acordes<\/strong>\u00a0<em> (cifrado americano)<\/em><\/p>\n<p>* <strong>An\u00e1lisis arm\u00f3nico\u00a0<\/strong><em> (conceptos te\u00f3ricos: grados, dominantes secundarios, sustituto, II menor relativo, etc.)<\/em><\/p>\n<p>* <strong>Arpegios de s\u00e9ptima\u00a0<\/strong> <em>(notas que conforman los arpegios seg\u00fan cifrado)<\/em><\/p>\n<p>* <strong>Superposici\u00f3n de arpegios de s\u00e9ptima<\/strong>\u00a0 <em>(logrando, seg\u00fan su funci\u00f3n arm\u00f3nica, el uso de: 9- b9 &#8211; 9+ &#8211; #11, 13, etc.)<\/em><\/p>\n<p>* <strong>Escalas\u00a0<\/strong><em> (que conllevan de acuerdo a la funci\u00f3n arm\u00f3nica que cumplen)<\/em><\/p>\n<hr \/>\n<p><strong>PISTAS DE PR\u00c1CTICA<\/strong><\/p>\n<p>Las Pistas de Pr\u00e1ctica han sido realizadas para que el estudiante logre f\u00e1cilmente una incorporaci\u00f3n sonora independientemente del instrumento que ejecute.<\/p>\n<p>Cada una de obras contiene, en <strong>formato MP3,<\/strong> la siguiente estructura:<\/p>\n<p><strong>* Audio Completo con melod\u00eda<\/strong>\u00a0 <em>(melod\u00eda, piano, contrabajo, bater\u00eda)<\/em><\/p>\n<p><strong>* Audio Completo sin melod\u00eda\u00a0<\/strong> <em>(piano, contrabajo, bater\u00eda)<\/em><\/p>\n<p><strong>* Audio sin Piano<\/strong>\u00a0 <em>(melod\u00eda, contrabajo, bater\u00eda)<\/em><\/p>\n<p><strong>* Audio sin Contrabajo<\/strong>\u00a0 <em>(melod\u00eda, piano, bater\u00eda)<\/em><\/p>\n<p><strong>* Audio sin Bater\u00eda<\/strong>\u00a0\u00a0<em>(melod\u00eda, piano, contrabajo)<br \/>\n<\/em><\/p>\n<hr \/>\n<p>En caso de tener inquietudes sobre conceptos te\u00f3rico\/musical necesarios para el normal desarrollo del presente volumen, les aconsejo comprar de la Serie 20&amp;20 los Ebooks del <strong>Profesor N\u00e9stor Crespo:<\/strong> <strong>Armon\u00eda Funcional 1 y 2<\/strong><\/p>\n<hr \/>\n<p>Para m\u00e1s informaci\u00f3n consulte al autor escribiendo a:<span style=\"color: #3366ff;\"> <a style=\"color: #3366ff;\" href=\"mailto:federicopalmero@gmail.com\">federicopalmero@gmail.com<\/a><\/span><\/p>\n<hr \/>\n<h2><strong>Libros Relacionados<\/strong><\/h2>\n<p><a href=\"https:\/\/serie20y20.com.ar\/federico-palmero\/product\/repertorio-y-guia-de-improvisacion-2-en-bb-concierto\/\"><img loading=\"lazy\" class=\"wp-image-1445 size-medium alignleft\" src=\"http:\/\/serie20y20.com.ar\/federico-palmero\/wp-content\/uploads\/2019\/12\/Repertorio-2-Bb-PAGO-212x300.jpg\" alt=\"\" width=\"212\" height=\"300\" srcset=\"https:\/\/serie20y20.com.ar\/federico-palmero\/wp-content\/uploads\/2019\/12\/Repertorio-2-Bb-PAGO-212x300.jpg 212w, https:\/\/serie20y20.com.ar\/federico-palmero\/wp-content\/uploads\/2019\/12\/Repertorio-2-Bb-PAGO-724x1024.jpg 724w, https:\/\/serie20y20.com.ar\/federico-palmero\/wp-content\/uploads\/2019\/12\/Repertorio-2-Bb-PAGO-768x1086.jpg 768w, https:\/\/serie20y20.com.ar\/federico-palmero\/wp-content\/uploads\/2019\/12\/Repertorio-2-Bb-PAGO-1086x1536.jpg 1086w, https:\/\/serie20y20.com.ar\/federico-palmero\/wp-content\/uploads\/2019\/12\/Repertorio-2-Bb-PAGO-1448x2048.jpg 1448w, https:\/\/serie20y20.com.ar\/federico-palmero\/wp-content\/uploads\/2019\/12\/Repertorio-2-Bb-PAGO-555x785.jpg 555w, https:\/\/serie20y20.com.ar\/federico-palmero\/wp-content\/uploads\/2019\/12\/Repertorio-2-Bb-PAGO-scaled.jpg 1811w\" sizes=\"(max-width: 212px) 100vw, 212px\" \/><\/a> <a href=\"https:\/\/serie20y20.com.ar\/armando-alonso\/product\/teoria-triadas-pares-1-en-clave-de-bb\/\"><img loading=\"lazy\" class=\"wp-image-1446 size-medium alignleft\" src=\"http:\/\/serie20y20.com.ar\/federico-palmero\/wp-content\/uploads\/2019\/12\/Triadas-Abiertas-1-Bb-PAGO-212x300.jpg\" alt=\"\" width=\"212\" height=\"300\" srcset=\"https:\/\/serie20y20.com.ar\/federico-palmero\/wp-content\/uploads\/2019\/12\/Triadas-Abiertas-1-Bb-PAGO-212x300.jpg 212w, https:\/\/serie20y20.com.ar\/federico-palmero\/wp-content\/uploads\/2019\/12\/Triadas-Abiertas-1-Bb-PAGO-724x1024.jpg 724w, https:\/\/serie20y20.com.ar\/federico-palmero\/wp-content\/uploads\/2019\/12\/Triadas-Abiertas-1-Bb-PAGO-768x1086.jpg 768w, https:\/\/serie20y20.com.ar\/federico-palmero\/wp-content\/uploads\/2019\/12\/Triadas-Abiertas-1-Bb-PAGO-1086x1536.jpg 1086w, https:\/\/serie20y20.com.ar\/federico-palmero\/wp-content\/uploads\/2019\/12\/Triadas-Abiertas-1-Bb-PAGO-1448x2048.jpg 1448w, https:\/\/serie20y20.com.ar\/federico-palmero\/wp-content\/uploads\/2019\/12\/Triadas-Abiertas-1-Bb-PAGO-555x785.jpg 555w, https:\/\/serie20y20.com.ar\/federico-palmero\/wp-content\/uploads\/2019\/12\/Triadas-Abiertas-1-Bb-PAGO-scaled.jpg 1811w\" sizes=\"(max-width: 212px) 100vw, 212px\" \/><\/a> <a href=\"https:\/\/serie20y20.com.ar\/edgardo-vallarino\/producto\/teoria-hemiolas-y-modulaciones-ritmica-en-clave-de-bb\/\"><img loading=\"lazy\" class=\"wp-image-1447 size-medium alignleft\" src=\"http:\/\/serie20y20.com.ar\/federico-palmero\/wp-content\/uploads\/2019\/12\/Hemiolas-Bb-PAGO-212x300.jpg\" alt=\"\" width=\"212\" height=\"300\" srcset=\"https:\/\/serie20y20.com.ar\/federico-palmero\/wp-content\/uploads\/2019\/12\/Hemiolas-Bb-PAGO-212x300.jpg 212w, https:\/\/serie20y20.com.ar\/federico-palmero\/wp-content\/uploads\/2019\/12\/Hemiolas-Bb-PAGO-724x1024.jpg 724w, https:\/\/serie20y20.com.ar\/federico-palmero\/wp-content\/uploads\/2019\/12\/Hemiolas-Bb-PAGO-768x1086.jpg 768w, https:\/\/serie20y20.com.ar\/federico-palmero\/wp-content\/uploads\/2019\/12\/Hemiolas-Bb-PAGO-1086x1536.jpg 1086w, https:\/\/serie20y20.com.ar\/federico-palmero\/wp-content\/uploads\/2019\/12\/Hemiolas-Bb-PAGO-1448x2048.jpg 1448w, https:\/\/serie20y20.com.ar\/federico-palmero\/wp-content\/uploads\/2019\/12\/Hemiolas-Bb-PAGO-555x785.jpg 555w, https:\/\/serie20y20.com.ar\/federico-palmero\/wp-content\/uploads\/2019\/12\/Hemiolas-Bb-PAGO-scaled.jpg 1811w\" sizes=\"(max-width: 212px) 100vw, 212px\" \/><\/a><\/p>\n<p>&nbsp;<\/p>\n<p>&nbsp;<\/p>\n","protected":false},"excerpt":{"rendered":"<p><iframe loading=\"lazy\" title=\"YouTube video player\" src=\"https:\/\/www.youtube.com\/embed\/kGnWWAwJGJg\" width=\"560\" height=\"315\" frameborder=\"0\" allowfullscreen=\"allowfullscreen\"><\/iframe><\/p>\n","protected":false},"featured_media":385,"comment_status":"open","ping_status":"closed","template":"","meta":[],"_links":{"self":[{"href":"https:\/\/serie20y20.com.ar\/federico-palmero\/en\/wp-json\/wp\/v2\/product\/384"}],"collection":[{"href":"https:\/\/serie20y20.com.ar\/federico-palmero\/en\/wp-json\/wp\/v2\/product"}],"about":[{"href":"https:\/\/serie20y20.com.ar\/federico-palmero\/en\/wp-json\/wp\/v2\/types\/product"}],"replies":[{"embeddable":true,"href":"https:\/\/serie20y20.com.ar\/federico-palmero\/en\/wp-json\/wp\/v2\/comments?post=384"}],"wp:featuredmedia":[{"embeddable":true,"href":"https:\/\/serie20y20.com.ar\/federico-palmero\/en\/wp-json\/wp\/v2\/media\/385"}],"wp:attachment":[{"href":"https:\/\/serie20y20.com.ar\/federico-palmero\/en\/wp-json\/wp\/v2\/media?parent=384"}],"curies":[{"name":"wp","href":"https:\/\/api.w.org\/{rel}","templated":true}]}}