{"id":483,"date":"2019-12-20T11:57:29","date_gmt":"2019-12-20T14:57:29","guid":{"rendered":"http:\/\/serie20y20.com.ar\/federico-palmero\/?post_type=product&#038;p=483"},"modified":"2022-06-07T12:20:13","modified_gmt":"2022-06-07T15:20:13","slug":"repertorio-y-guia-de-improvisacion-2-en-f-gratis","status":"publish","type":"product","link":"https:\/\/serie20y20.com.ar\/federico-palmero\/product\/repertorio-y-guia-de-improvisacion-2-en-f-gratis\/","title":{"rendered":"REPERTORIO Y GU\u00cdA DE IMPROVISACI\u00d3N 2 (en F ) VERSI\u00d3N GRATUITA"},"content":{"rendered":"<h3 style=\"text-align: center;\" align=\"center\"><strong>Si lo desea puede comprar el Libro Completo haciendo <span style=\"color: #3366ff;\"><a style=\"color: #3366ff;\" href=\"https:\/\/serie20y20.com.ar\/federico-palmero\/product\/repertorio-y-guia-de-improvisacion-2-en-f\/\">CLIC AQUI<\/a><\/span><\/strong><\/h3>\n<hr \/>\n<p><strong>Pr\u00e1ctica y din\u00e1mica metodolog\u00eda de trabajo tanto para el alumno autodidacta, <\/strong><strong>como as\u00ed tambi\u00e9n para el profesor en clase.<\/strong><\/p>\n<hr \/>\n<p><strong>CONTENIDOS<\/strong><\/p>\n<p>Usted est\u00e1 descargando la\u00a0<span style=\"color: #ff0000;\"><strong>VERSI\u00d3N GRATUITA<\/strong><\/span>\u00a0<strong>(PDF de 17 p\u00e1ginas \u2013 48 MB)\u00a0<\/strong>la cual<strong>\u00a0<\/strong><span style=\"color: #ff0000;\"><strong>contiene solamente:<\/strong><\/span><\/p>\n<p><span style=\"color: #ff0000;\"><strong>* 1 Standard de Jazz<\/strong>\u00a0<\/span>\u00a0<em>(Beautiful Love)<\/em>\u00a0\u2013\u00a0\u00a0<em>(Ver \u00edndice completo en im\u00e1genes)<\/em><\/p>\n<p><span style=\"color: #ff0000;\"><strong>* Melod\u00eda, An\u00e1lisis arm\u00f3nico, Arpegios de s\u00e9ptima, Superposici\u00f3n de arpegios de s\u00e9ptima y Escalas.<\/strong><\/span><\/p>\n<p><span style=\"color: #ff0000;\"><strong>* 5 Pistas de Pr\u00e1ctica<\/strong><\/span>\u00a0\u00a0<em>(Beautiful Love)\u2013\u00a0<\/em>\u00a0<em>(Complemento necesario para el correcto estudio del Libro)<\/em><\/p>\n<p><span style=\"color: #ff0000;\"><strong>* El Libro para imprimir<\/strong><\/span><em><span style=\"color: #ff0000;\">\u00a0<\/span> (CON marca de agua)<\/em><span style=\"color: #ff0000;\"><strong>\u00a0<\/strong><\/span><strong>\u00a0 \u00a0 \u00a0 \u00a0 \u00a0\u00a0<\/strong><\/p>\n<hr \/>\n<p><strong>OBJETIVOS Y PROP\u00d3SITO<\/strong><\/p>\n<p>El prop\u00f3sito es el de guiar al m\u00fasico mediante una metodolog\u00eda pr\u00e1ctica y din\u00e1mica, acerca del manejo gradual de las herramientas necesarias para la improvisaci\u00f3n de las obras que se abordan.<\/p>\n<p>La elecci\u00f3n de las obras \u2013 Jazz Standards \u2013 han sido ordenadas de acuerdo al grado de complejidad, con el fin que el estudiante logre una identificaci\u00f3n y reconocimiento de las mismas.<\/p>\n<hr \/>\n<p><strong>PARTITURAS<\/strong><\/p>\n<p>Cada una de ellas contiene en\u00a0<strong>formato PDF<\/strong>, la siguiente estructura de estudio:<\/p>\n<p><strong>* Melod\u00eda y Acordes<\/strong>\u00a0\u00a0<em>(cifrado americano)<\/em><\/p>\n<p><strong>* An\u00e1lisis arm\u00f3nico\u00a0<\/strong>\u00a0<em>(conceptos te\u00f3ricos: grados, dominantes secundarios, sustituto, II menor relativo, etc.)<\/em><\/p>\n<p><strong>* Arpegios de s\u00e9ptima<\/strong>\u00a0\u00a0<em>(notas que conforman los arpegios seg\u00fan cifrado)<\/em><\/p>\n<p><strong>* Superposici\u00f3n de arpegios de s\u00e9ptima\u00a0<\/strong><em>\u00a0(logrando, seg\u00fan su funci\u00f3n arm\u00f3nica, el uso de: 9- b9 \u2013 9+ \u2013 #11, 13, etc.)<\/em><\/p>\n<p><strong>* Escalas<\/strong>\u00a0<em>(que conllevan de acuerdo a la funci\u00f3n arm\u00f3nica que cumplen)<\/em><\/p>\n<hr \/>\n<p><strong>PISTAS DE PR\u00c1CTICA<\/strong><\/p>\n<p>Las Pistas de Pr\u00e1ctica han sido realizadas para que el estudiante logre f\u00e1cilmente una incorporaci\u00f3n sonora independientemente del instrumento que ejecute.<\/p>\n<p>Cada una de ellas contiene\u00a0<strong>en formato MP3,<\/strong>\u00a0la siguiente estructura:<\/p>\n<p><strong>* Audio Completo con melod\u00eda\u00a0<\/strong>\u00a0<em>(melod\u00eda, piano, contrabajo, bater\u00eda)<\/em><\/p>\n<p><strong>* Audio Completo sin melod\u00eda<\/strong>\u00a0\u00a0<em>(piano, contrabajo, bater\u00eda)<\/em><\/p>\n<p><strong>* Audio sin Piano<\/strong>\u00a0\u00a0<em>(melod\u00eda, contrabajo, bater\u00eda)<\/em><\/p>\n<p><strong>* Audio sin Contrabajo<\/strong>\u00a0\u00a0<em>(melod\u00eda, piano, bater\u00eda)<\/em><\/p>\n<p><strong>* Audio sin Bater\u00eda\u00a0<\/strong><em>(melod\u00eda, piano, contrabajo)<\/em><\/p>\n<hr \/>\n<p>En caso de tener inquietudes sobre conceptos te\u00f3rico\/musical necesarios para el normal desarrollo del presente volumen, les aconsejo comprar de la Serie 20&amp;20 los Ebooks del\u00a0<strong>Profesor N\u00e9stor Crespo:<\/strong>\u00a0<strong>Armon\u00eda Funcional 1 y 2<\/strong><\/p>\n<hr \/>\n<p>Para m\u00e1s informaci\u00f3n consulte al autor escribiendo a: <a href=\"mailto:federicopalmero@gmail.com\"><span style=\"color: #3366ff;\">federicopalmero@gmail.com<\/span><\/a><\/p>\n<hr \/>\n<h2><strong>Libros Relacionados<\/strong><\/h2>\n<p><a href=\"https:\/\/serie20y20.com.ar\/federico-palmero\/product\/repertorio-y-guia-de-improvisacion-2-en-bb-concierto\/\"><img loading=\"lazy\" class=\"alignnone size-medium wp-image-705\" src=\"http:\/\/serie20y20.com.ar\/federico-palmero\/wp-content\/uploads\/2019\/12\/03-57-212x300.jpg\" alt=\"\" width=\"212\" height=\"300\" srcset=\"https:\/\/serie20y20.com.ar\/federico-palmero\/wp-content\/uploads\/2019\/12\/03-57-212x300.jpg 212w, https:\/\/serie20y20.com.ar\/federico-palmero\/wp-content\/uploads\/2019\/12\/03-57-768x1086.jpg 768w, https:\/\/serie20y20.com.ar\/federico-palmero\/wp-content\/uploads\/2019\/12\/03-57-724x1024.jpg 724w, https:\/\/serie20y20.com.ar\/federico-palmero\/wp-content\/uploads\/2019\/12\/03-57-555x785.jpg 555w\" sizes=\"(max-width: 212px) 100vw, 212px\" \/><\/a> <a href=\"https:\/\/serie20y20.com.ar\/federico-palmero\/product\/repertorio-y-guia-de-improvisacion-2-en-eb\/\"><img loading=\"lazy\" class=\"alignnone size-medium wp-image-706\" src=\"http:\/\/serie20y20.com.ar\/federico-palmero\/wp-content\/uploads\/2019\/12\/02-56-212x300.jpg\" alt=\"\" width=\"212\" height=\"300\" srcset=\"https:\/\/serie20y20.com.ar\/federico-palmero\/wp-content\/uploads\/2019\/12\/02-56-212x300.jpg 212w, https:\/\/serie20y20.com.ar\/federico-palmero\/wp-content\/uploads\/2019\/12\/02-56-768x1086.jpg 768w, https:\/\/serie20y20.com.ar\/federico-palmero\/wp-content\/uploads\/2019\/12\/02-56-724x1024.jpg 724w, https:\/\/serie20y20.com.ar\/federico-palmero\/wp-content\/uploads\/2019\/12\/02-56-555x785.jpg 555w\" sizes=\"(max-width: 212px) 100vw, 212px\" \/><\/a> <a href=\"https:\/\/serie20y20.com.ar\/federico-palmero\/product\/repertorio-y-guia-de-improvisacion-2-en-c\/\"><img loading=\"lazy\" class=\"alignnone size-medium wp-image-707\" src=\"http:\/\/serie20y20.com.ar\/federico-palmero\/wp-content\/uploads\/2019\/12\/01-57-212x300.jpg\" alt=\"\" width=\"212\" height=\"300\" srcset=\"https:\/\/serie20y20.com.ar\/federico-palmero\/wp-content\/uploads\/2019\/12\/01-57-212x300.jpg 212w, https:\/\/serie20y20.com.ar\/federico-palmero\/wp-content\/uploads\/2019\/12\/01-57-768x1086.jpg 768w, https:\/\/serie20y20.com.ar\/federico-palmero\/wp-content\/uploads\/2019\/12\/01-57-724x1024.jpg 724w, https:\/\/serie20y20.com.ar\/federico-palmero\/wp-content\/uploads\/2019\/12\/01-57-555x785.jpg 555w\" sizes=\"(max-width: 212px) 100vw, 212px\" \/><\/a><\/p>\n<p>&nbsp;<\/p>\n<p>&nbsp;<\/p>\n","protected":false},"excerpt":{"rendered":"<p><iframe loading=\"lazy\" title=\"YouTube video player\" src=\"https:\/\/www.youtube.com\/embed\/kGnWWAwJGJg\" width=\"560\" height=\"315\" frameborder=\"0\" allowfullscreen=\"allowfullscreen\"><\/iframe><\/p>\n","protected":false},"featured_media":484,"comment_status":"open","ping_status":"closed","template":"","meta":[],"_links":{"self":[{"href":"https:\/\/serie20y20.com.ar\/federico-palmero\/wp-json\/wp\/v2\/product\/483"}],"collection":[{"href":"https:\/\/serie20y20.com.ar\/federico-palmero\/wp-json\/wp\/v2\/product"}],"about":[{"href":"https:\/\/serie20y20.com.ar\/federico-palmero\/wp-json\/wp\/v2\/types\/product"}],"replies":[{"embeddable":true,"href":"https:\/\/serie20y20.com.ar\/federico-palmero\/wp-json\/wp\/v2\/comments?post=483"}],"wp:featuredmedia":[{"embeddable":true,"href":"https:\/\/serie20y20.com.ar\/federico-palmero\/wp-json\/wp\/v2\/media\/484"}],"wp:attachment":[{"href":"https:\/\/serie20y20.com.ar\/federico-palmero\/wp-json\/wp\/v2\/media?parent=483"}],"curies":[{"name":"wp","href":"https:\/\/api.w.org\/{rel}","templated":true}]}}