{"id":55,"date":"2021-10-12T13:29:29","date_gmt":"2021-10-12T16:29:29","guid":{"rendered":"https:\/\/serie20y20.com.ar\/hernan-merlo\/?post_type=product&#038;p=55"},"modified":"2026-03-30T10:49:40","modified_gmt":"2026-03-30T13:49:40","slug":"teoria-walking-1-contrabajo","status":"publish","type":"product","link":"https:\/\/serie20y20.com.ar\/hernan-merlo\/producto\/teoria-walking-1-contrabajo\/","title":{"rendered":"TEORIA \/ WALKING 1 &#8211; CONTRABAJO &#8211; Digitaciones"},"content":{"rendered":"<p style=\"text-align: center;\"><strong>Pr\u00e1ctica y din\u00e1mica metodolog\u00eda de trabajo tanto para el alumno autodidacta, <\/strong><strong>como as\u00ed tambi\u00e9n para el profesor en clase.<\/strong><\/p>\n<hr \/>\n<p>Este es un<span style=\"color: #0000ff;\"> <strong>Apunte Complementario para CONTRABAJO del Libro Walking 1 \/ Teor\u00eda,<\/strong><\/span> en el cual presento las <strong>Digitaciones sugeridas para cada una de las 20 lecciones, 20 ejercicios y 14 trabajo pr\u00e1ctico.<\/strong><\/p>\n<p><strong>En las digitaciones hay una orientaci\u00f3n o forma de digitar m\u00e1s frecuente en el Contrabajo<\/strong> <strong>del Jazz<\/strong>, que en general se trata de usar las primeras posiciones y cuerdas al aire.<\/p>\n<p><strong>La forma de indicar las digitaciones es una de las maneras m\u00e1s tradicionales,<\/strong> que es marcando con <strong>n\u00fameros ar\u00e1bigos los dedos de la mano izquierda y con n\u00fameros romanos las cuerdas.<\/strong><\/p>\n<p>En cuanto a los <strong>dedos de la mano izquierda<\/strong> est\u00e1n marcados con<strong> 1<\/strong> <em>(dedo \u00edndice)<\/em> <strong>2<\/strong> <em>(dedo medio)<\/em> <strong>3<\/strong> <em>(dedo anular)<\/em> y el dedo <strong>4<\/strong><em> (dedo me\u00f1ique).<\/em><\/p>\n<p><strong>Las cuerdas al aire se marcan con el numero 0 (cero) <\/strong>\u00a0y los <strong>cambios de posici\u00f3n cuando son entre 2 notas pisadas de la mano izquierda se marcan con una peque\u00f1a flecha.<\/strong><\/p>\n<hr \/>\n<p>Con su compra\u00a0 <strong>(PDF de 88 p\u00e1ginas &#8211; 3MB)<\/strong> Usted adquiere:<\/p>\n<p><strong>\u00a0 \u00a0 \u00a0* 20 Lecciones<\/strong><\/p>\n<p><strong>\u00a0 \u00a0 \u00a0* 20 Ejercicios<\/strong><\/p>\n<p><strong>\u00a0 \u00a0 \u00a0* 14 Trabajos Pr\u00e1cticos<\/strong><\/p>\n<p><strong>\u00a0 \u00a0 \u00a0* Soluciones de los 20 Ejercicios y 14 Trabajo Pr\u00e1cticos<\/strong><\/p>\n<p><strong>\u00a0 \u00a0 \u00a0* 83 Audios &amp; Pistas de Practica <b><em><span style=\"color: #ff0000;\">(no est\u00e1n incluidos) (S\u00f3lo en Walking 1\/ Teor\u00eda\/ Para todos los instrumentos)<\/span><\/em><\/b><\/strong><\/p>\n<hr \/>\n<p><strong>OBJETIVOS Y PROP\u00d3SITOS<\/strong><\/p>\n<p>En el libro<strong> Walking 1 &#8211; Teor\u00eda, dirigido a todos los instrumentistas,<\/strong> me propongo acercarles conceptos y herramientas especificas para la <strong>construcci\u00f3n de l\u00edneas de bajo en el Jazz.<\/strong><\/p>\n<p>Es importante destacar que <strong>no est\u00e1 dirigido solo para bajistas o contrabajistas<\/strong> sino tambi\u00e9n para <strong>pianistas<\/strong> <em>(mano izquierda)<\/em>, para <strong>guitarristas<\/strong> como as\u00ed tambi\u00e9n para otros instrumentos que pueden utilizar estos mismos recursos, <strong>cello, tuba, entre otros.<\/strong><\/p>\n<p>Mi idea es generar <strong>una forma de pensamiento b\u00e1sica para desarrollar la posibilidad de pensar e improvisar <\/strong><strong>l\u00edneas de bajo de manera s\u00f3lida y clara<\/strong>, a partir del uso de un sistema basado en el concepto llamado: <strong>Notas Objetivo y Notas de Aproximaci\u00f3n<\/strong>.<\/p>\n<p>Asimismo propongo desarrollar <strong>aspectos r\u00edtmicos<\/strong> espec\u00edficos del Walking, y en t\u00e9rminos generales, sobre estructuras arm\u00f3nicas standards <em>(Blues y Rhythm Changes)<\/em> <strong>a diferentes tempos o velocidades,<\/strong> como as\u00ed tambi\u00e9n sobre obras emblem\u00e1ticas del Jazz.<\/p>\n<hr \/>\n<p><strong>CONTENIDOS<\/strong><\/p>\n<p>El libro cuenta <strong>con las digitaciones<\/strong> de:<\/p>\n<p><strong>20 Lecciones<\/strong><em> (con una metodolog\u00eda clara y pr\u00e1ctica sobre lo explicado en los objetivos)<\/em><\/p>\n<p><strong>20 Ejercicios<\/strong> <em>(los mismo incluyen diferentes progresiones arm\u00f3nicas espec\u00edficas para aplicar las distintas combinaciones que iremos analizando durante el desarrollo del libro)<\/em><\/p>\n<p><strong>14 Trabajos Pr\u00e1cticos y sus Soluciones<\/strong> <em>(esenciales para desarrollar lo estudiado en las lecciones)<\/em><\/p>\n<p>Siendo <strong>la Fundamental y la 5ta. del acorde las Notas Objetivo<\/strong>, se proponen las siguientes Aproximaciones.<\/p>\n<p><strong>Aproximaciones Simples:<\/strong> Crom\u00e1ticas, Dominantes y Diat\u00f3nicas.<\/p>\n<p><strong>Aproximaciones Dobles:<\/strong> Doble Crom\u00e1tica y Resoluciones Indirectas<\/p>\n<p><strong>Los conceptos te\u00f3ricos est\u00e1n basados en la Armon\u00eda Funcional tanto en el Modo Mayor como en Menor,<\/strong> incluyendo: Sustituciones Diat\u00f3nicas, Dominantes Secundarios, Sustitutos, Segundo Menor Relativo, entre otros.<\/p>\n<p>En cuanto al <strong>aspecto r\u00edtmico<\/strong>, se trabajar\u00e1 sobre los diferentes tipos de <strong>Skips<\/strong> (Ghost Skips, Skips Ligados y<br \/>\nSkips Anticipados)<\/p>\n<p>Tanto las <strong>Aproximaciones como los Skips<\/strong> se abordaran sobre l\u00edneas de: <strong>Two Feel, Walking, Balada y trabajaremos sobre compases de 4\/4, 3\/4, 5\/4 y 6\/8.<\/strong><\/p>\n<hr \/>\n<p><strong>83 AUDIOS Y PISTAS DE PR\u00c1CTICA. <b><em><span style=\"color: #ff0000;\">(no est\u00e1n incluidos) (S\u00f3lo en Walking 1\/ Teor\u00eda\/ Para todos los instrumentos)<\/span><\/em><\/b><\/strong><\/p>\n<p>Con el prop\u00f3sito de <strong>apreciar el sonido generado por la aplicaci\u00f3n del sistema de Objetivos y Aproximaciones es esencial la escucha de los audios<\/strong> incluidos en cada una de las lecciones, ejercicios y trabajos pr\u00e1cticos.<\/p>\n<hr \/>\n<p>Para m\u00e1s informaci\u00f3n consulte al autor escribiendo a: <span style=\"color: #3366ff;\"><strong>hernanmerl@live.com<\/strong><\/span><\/p>\n<hr \/>\n<p><a href=\"https:\/\/serie20y20.com.ar\/hernan-merlo\/producto\/teoria-walkin-1-para-todos-los-instrumentos\/\"><img loading=\"lazy\" decoding=\"async\" class=\"alignnone wp-image-381 size-medium\" src=\"https:\/\/serie20y20.com.ar\/hernan-merlo\/wp-content\/uploads\/2021\/10\/Tapa-Walking-1-PAGO-1-212x300.jpg\" alt=\"\" width=\"212\" height=\"300\" srcset=\"https:\/\/serie20y20.com.ar\/hernan-merlo\/wp-content\/uploads\/2021\/10\/Tapa-Walking-1-PAGO-1-212x300.jpg 212w, https:\/\/serie20y20.com.ar\/hernan-merlo\/wp-content\/uploads\/2021\/10\/Tapa-Walking-1-PAGO-1-724x1024.jpg 724w, https:\/\/serie20y20.com.ar\/hernan-merlo\/wp-content\/uploads\/2021\/10\/Tapa-Walking-1-PAGO-1-768x1086.jpg 768w, https:\/\/serie20y20.com.ar\/hernan-merlo\/wp-content\/uploads\/2021\/10\/Tapa-Walking-1-PAGO-1-1086x1536.jpg 1086w, https:\/\/serie20y20.com.ar\/hernan-merlo\/wp-content\/uploads\/2021\/10\/Tapa-Walking-1-PAGO-1-1449x2048.jpg 1449w, https:\/\/serie20y20.com.ar\/hernan-merlo\/wp-content\/uploads\/2021\/10\/Tapa-Walking-1-PAGO-1-8x12.jpg 8w, https:\/\/serie20y20.com.ar\/hernan-merlo\/wp-content\/uploads\/2021\/10\/Tapa-Walking-1-PAGO-1-555x785.jpg 555w, https:\/\/serie20y20.com.ar\/hernan-merlo\/wp-content\/uploads\/2021\/10\/Tapa-Walking-1-PAGO-1-scaled.jpg 1811w\" sizes=\"auto, (max-width: 212px) 100vw, 212px\" \/><\/a> \u00a0\u00a0<a href=\"https:\/\/serie20y20.com.ar\/hernan-merlo\/producto\/teoria-walking-1-bajo-electrico\/\"><img loading=\"lazy\" decoding=\"async\" class=\"alignnone wp-image-379 size-medium\" src=\"https:\/\/serie20y20.com.ar\/hernan-merlo\/wp-content\/uploads\/2021\/10\/Tapa-Walking-1-PAGO-Digitaciones-Bajo-Electrico-212x300.jpg\" alt=\"\" width=\"212\" height=\"300\" srcset=\"https:\/\/serie20y20.com.ar\/hernan-merlo\/wp-content\/uploads\/2021\/10\/Tapa-Walking-1-PAGO-Digitaciones-Bajo-Electrico-212x300.jpg 212w, https:\/\/serie20y20.com.ar\/hernan-merlo\/wp-content\/uploads\/2021\/10\/Tapa-Walking-1-PAGO-Digitaciones-Bajo-Electrico-724x1024.jpg 724w, https:\/\/serie20y20.com.ar\/hernan-merlo\/wp-content\/uploads\/2021\/10\/Tapa-Walking-1-PAGO-Digitaciones-Bajo-Electrico-768x1086.jpg 768w, https:\/\/serie20y20.com.ar\/hernan-merlo\/wp-content\/uploads\/2021\/10\/Tapa-Walking-1-PAGO-Digitaciones-Bajo-Electrico-1086x1536.jpg 1086w, https:\/\/serie20y20.com.ar\/hernan-merlo\/wp-content\/uploads\/2021\/10\/Tapa-Walking-1-PAGO-Digitaciones-Bajo-Electrico-1449x2048.jpg 1449w, https:\/\/serie20y20.com.ar\/hernan-merlo\/wp-content\/uploads\/2021\/10\/Tapa-Walking-1-PAGO-Digitaciones-Bajo-Electrico-8x12.jpg 8w, https:\/\/serie20y20.com.ar\/hernan-merlo\/wp-content\/uploads\/2021\/10\/Tapa-Walking-1-PAGO-Digitaciones-Bajo-Electrico-555x785.jpg 555w, https:\/\/serie20y20.com.ar\/hernan-merlo\/wp-content\/uploads\/2021\/10\/Tapa-Walking-1-PAGO-Digitaciones-Bajo-Electrico-scaled.jpg 1811w\" sizes=\"auto, (max-width: 212px) 100vw, 212px\" \/>\u00a0\u00a0\u00a0<\/a> <a href=\"http:\/\/serie20y20.com.ar\/nestor-crespo\/product\/bajo-escalas-arpegios\/\"><img loading=\"lazy\" decoding=\"async\" class=\"alignnone wp-image-380 size-medium\" src=\"https:\/\/serie20y20.com.ar\/hernan-merlo\/wp-content\/uploads\/2021\/10\/01.-Tapa-Escalas-y-Arpegios-PAGO-BAJO-212x300.jpg\" alt=\"\" width=\"212\" height=\"300\" srcset=\"https:\/\/serie20y20.com.ar\/hernan-merlo\/wp-content\/uploads\/2021\/10\/01.-Tapa-Escalas-y-Arpegios-PAGO-BAJO-212x300.jpg 212w, https:\/\/serie20y20.com.ar\/hernan-merlo\/wp-content\/uploads\/2021\/10\/01.-Tapa-Escalas-y-Arpegios-PAGO-BAJO-724x1024.jpg 724w, https:\/\/serie20y20.com.ar\/hernan-merlo\/wp-content\/uploads\/2021\/10\/01.-Tapa-Escalas-y-Arpegios-PAGO-BAJO-768x1086.jpg 768w, https:\/\/serie20y20.com.ar\/hernan-merlo\/wp-content\/uploads\/2021\/10\/01.-Tapa-Escalas-y-Arpegios-PAGO-BAJO-1086x1536.jpg 1086w, https:\/\/serie20y20.com.ar\/hernan-merlo\/wp-content\/uploads\/2021\/10\/01.-Tapa-Escalas-y-Arpegios-PAGO-BAJO-1448x2048.jpg 1448w, https:\/\/serie20y20.com.ar\/hernan-merlo\/wp-content\/uploads\/2021\/10\/01.-Tapa-Escalas-y-Arpegios-PAGO-BAJO-8x12.jpg 8w, https:\/\/serie20y20.com.ar\/hernan-merlo\/wp-content\/uploads\/2021\/10\/01.-Tapa-Escalas-y-Arpegios-PAGO-BAJO-555x785.jpg 555w, https:\/\/serie20y20.com.ar\/hernan-merlo\/wp-content\/uploads\/2021\/10\/01.-Tapa-Escalas-y-Arpegios-PAGO-BAJO-scaled.jpg 1811w\" sizes=\"auto, (max-width: 212px) 100vw, 212px\" \/><\/a><\/p>\n","protected":false},"excerpt":{"rendered":"<p><iframe loading=\"lazy\" title=\"YouTube video player\" src=\"https:\/\/www.youtube.com\/embed\/kGnWWAwJGJg\" width=\"560\" height=\"315\" frameborder=\"0\" allowfullscreen=\"allowfullscreen\"><\/iframe><\/p>\n","protected":false},"featured_media":378,"comment_status":"open","ping_status":"closed","template":"","meta":[],"product_cat":[17],"product_tag":[],"class_list":["post-55","product","type-product","status-publish","has-post-thumbnail","hentry","product_cat-libros"],"_links":{"self":[{"href":"https:\/\/serie20y20.com.ar\/hernan-merlo\/wp-json\/wp\/v2\/product\/55","targetHints":{"allow":["GET"]}}],"collection":[{"href":"https:\/\/serie20y20.com.ar\/hernan-merlo\/wp-json\/wp\/v2\/product"}],"about":[{"href":"https:\/\/serie20y20.com.ar\/hernan-merlo\/wp-json\/wp\/v2\/types\/product"}],"replies":[{"embeddable":true,"href":"https:\/\/serie20y20.com.ar\/hernan-merlo\/wp-json\/wp\/v2\/comments?post=55"}],"wp:featuredmedia":[{"embeddable":true,"href":"https:\/\/serie20y20.com.ar\/hernan-merlo\/wp-json\/wp\/v2\/media\/378"}],"wp:attachment":[{"href":"https:\/\/serie20y20.com.ar\/hernan-merlo\/wp-json\/wp\/v2\/media?parent=55"}],"wp:term":[{"taxonomy":"product_cat","embeddable":true,"href":"https:\/\/serie20y20.com.ar\/hernan-merlo\/wp-json\/wp\/v2\/product_cat?post=55"},{"taxonomy":"product_tag","embeddable":true,"href":"https:\/\/serie20y20.com.ar\/hernan-merlo\/wp-json\/wp\/v2\/product_tag?post=55"}],"curies":[{"name":"wp","href":"https:\/\/api.w.org\/{rel}","templated":true}]}}